{"id":2354,"date":"2021-05-26T07:13:12","date_gmt":"2021-05-26T07:13:12","guid":{"rendered":"https:\/\/localization.news\/home\/"},"modified":"2024-01-09T15:49:55","modified_gmt":"2024-01-09T15:49:55","slug":"novinky-ze-sveta-lokalizace","status":"publish","type":"page","link":"https:\/\/localization.news\/cs\/","title":{"rendered":"Novinky ze sv\u011bta lokalizace"},"content":{"rendered":"","protected":false},"excerpt":{"rendered":"","protected":false},"author":1,"featured_media":2406,"parent":0,"menu_order":0,"comment_status":"closed","ping_status":"closed","template":"template-modules.php","meta":{"footnotes":""},"yoast_head":"<!-- This site is optimized with the Yoast SEO Premium plugin v21.4 (Yoast SEO v22.8) - https:\/\/yoast.com\/wordpress\/plugins\/seo\/ -->\n<title>Novinky ze sv\u011bta lokalizace - Localization.NEWS<\/title>\n<meta name=\"description\" content=\"Localization.NEWS v\u00e1m p\u0159in\u00e1\u0161\u00ed novinky ze sv\u011bta p\u0159ekladu a lokalizace p\u0159\u00edmo od poskytovatel\u016f p\u0159ekladatelsk\u00fdch a lokaliza\u010dn\u00edch slu\u017eeb.\" \/>\n<meta name=\"robots\" content=\"index, follow, max-snippet:-1, max-image-preview:large, max-video-preview:-1\" \/>\n<link rel=\"canonical\" href=\"https:\/\/localization.news\/cs\/\" \/>\n<meta property=\"og:locale\" content=\"cs_CZ\" \/>\n<meta property=\"og:type\" content=\"article\" \/>\n<meta property=\"og:title\" content=\"Novinky ze sv\u011bta lokalizace\" \/>\n<meta property=\"og:description\" content=\"Localization.NEWS v\u00e1m p\u0159in\u00e1\u0161\u00ed novinky ze sv\u011bta p\u0159ekladu a lokalizace p\u0159\u00edmo od poskytovatel\u016f p\u0159ekladatelsk\u00fdch a lokaliza\u010dn\u00edch slu\u017eeb.\" \/>\n<meta property=\"og:url\" content=\"https:\/\/localization.news\/cs\/\" \/>\n<meta property=\"og:site_name\" content=\"Localization.NEWS\" \/>\n<meta property=\"article:publisher\" content=\"https:\/\/www.facebook.com\/asaptranslation\/\" \/>\n<meta property=\"article:modified_time\" content=\"2024-01-09T15:49:55+00:00\" \/>\n<meta name=\"twitter:card\" content=\"summary_large_image\" \/>\n<script type=\"application\/ld+json\" class=\"yoast-schema-graph\">{\"@context\":\"https:\/\/schema.org\",\"@graph\":[{\"@type\":\"WebPage\",\"@id\":\"https:\/\/localization.news\/cs\/\",\"url\":\"https:\/\/localization.news\/cs\/\",\"name\":\"Novinky ze sv\u011bta lokalizace - Localization.NEWS\",\"isPartOf\":{\"@id\":\"https:\/\/localization.news\/cs\/#website\"},\"primaryImageOfPage\":{\"@id\":\"https:\/\/localization.news\/cs\/#primaryimage\"},\"image\":{\"@id\":\"https:\/\/localization.news\/cs\/#primaryimage\"},\"thumbnailUrl\":\"https:\/\/localization.news\/wp-content\/uploads\/2021\/06\/localization_default-1.jpg\",\"datePublished\":\"2021-05-26T07:13:12+00:00\",\"dateModified\":\"2024-01-09T15:49:55+00:00\",\"description\":\"Localization.NEWS v\u00e1m p\u0159in\u00e1\u0161\u00ed novinky ze sv\u011bta p\u0159ekladu a lokalizace p\u0159\u00edmo od poskytovatel\u016f p\u0159ekladatelsk\u00fdch a lokaliza\u010dn\u00edch slu\u017eeb.\",\"breadcrumb\":{\"@id\":\"https:\/\/localization.news\/cs\/#breadcrumb\"},\"inLanguage\":\"cs\",\"potentialAction\":[{\"@type\":\"ReadAction\",\"target\":[\"https:\/\/localization.news\/cs\/\"]}]},{\"@type\":\"ImageObject\",\"inLanguage\":\"cs\",\"@id\":\"https:\/\/localization.news\/cs\/#primaryimage\",\"url\":\"https:\/\/localization.news\/wp-content\/uploads\/2021\/06\/localization_default-1.jpg\",\"contentUrl\":\"https:\/\/localization.news\/wp-content\/uploads\/2021\/06\/localization_default-1.jpg\",\"width\":1920,\"height\":1280,\"caption\":\"Localization.NEWS\"},{\"@type\":\"BreadcrumbList\",\"@id\":\"https:\/\/localization.news\/cs\/#breadcrumb\",\"itemListElement\":[{\"@type\":\"ListItem\",\"position\":1,\"name\":\"Home\",\"item\":\"https:\/\/localization.news\/cs\/\"},{\"@type\":\"ListItem\",\"position\":2,\"name\":\"Novinky ze sv\u011bta lokalizace\"}]},{\"@type\":\"WebSite\",\"@id\":\"https:\/\/localization.news\/cs\/#website\",\"url\":\"https:\/\/localization.news\/cs\/\",\"name\":\"Localization.NEWS\",\"description\":\"Translation and Localization news portal\",\"publisher\":{\"@id\":\"https:\/\/localization.news\/cs\/#organization\"},\"potentialAction\":[{\"@type\":\"SearchAction\",\"target\":{\"@type\":\"EntryPoint\",\"urlTemplate\":\"https:\/\/localization.news\/cs\/?s={search_term_string}\"},\"query-input\":\"required name=search_term_string\"}],\"inLanguage\":\"cs\"},{\"@type\":\"Organization\",\"@id\":\"https:\/\/localization.news\/cs\/#organization\",\"name\":\"Localization.NEWS\",\"url\":\"https:\/\/localization.news\/cs\/\",\"logo\":{\"@type\":\"ImageObject\",\"inLanguage\":\"cs\",\"@id\":\"https:\/\/localization.news\/cs\/#\/schema\/logo\/image\/\",\"url\":\"https:\/\/localization.news\/wp-content\/uploads\/2021\/06\/localization_default.jpg\",\"contentUrl\":\"https:\/\/localization.news\/wp-content\/uploads\/2021\/06\/localization_default.jpg\",\"width\":1920,\"height\":1280,\"caption\":\"Localization.NEWS\"},\"image\":{\"@id\":\"https:\/\/localization.news\/cs\/#\/schema\/logo\/image\/\"},\"sameAs\":[\"https:\/\/www.facebook.com\/asaptranslation\/\"]}]}<\/script>\n<!-- \/ Yoast SEO Premium plugin. -->","yoast_head_json":{"title":"Novinky ze sv\u011bta lokalizace - Localization.NEWS","description":"Localization.NEWS v\u00e1m p\u0159in\u00e1\u0161\u00ed novinky ze sv\u011bta p\u0159ekladu a lokalizace p\u0159\u00edmo od poskytovatel\u016f p\u0159ekladatelsk\u00fdch a lokaliza\u010dn\u00edch slu\u017eeb.","robots":{"index":"index","follow":"follow","max-snippet":"max-snippet:-1","max-image-preview":"max-image-preview:large","max-video-preview":"max-video-preview:-1"},"canonical":"https:\/\/localization.news\/cs\/","og_locale":"cs_CZ","og_type":"article","og_title":"Novinky ze sv\u011bta lokalizace","og_description":"Localization.NEWS v\u00e1m p\u0159in\u00e1\u0161\u00ed novinky ze sv\u011bta p\u0159ekladu a lokalizace p\u0159\u00edmo od poskytovatel\u016f p\u0159ekladatelsk\u00fdch a lokaliza\u010dn\u00edch slu\u017eeb.","og_url":"https:\/\/localization.news\/cs\/","og_site_name":"Localization.NEWS","article_publisher":"https:\/\/www.facebook.com\/asaptranslation\/","article_modified_time":"2024-01-09T15:49:55+00:00","twitter_card":"summary_large_image","schema":{"@context":"https:\/\/schema.org","@graph":[{"@type":"WebPage","@id":"https:\/\/localization.news\/cs\/","url":"https:\/\/localization.news\/cs\/","name":"Novinky ze sv\u011bta lokalizace - Localization.NEWS","isPartOf":{"@id":"https:\/\/localization.news\/cs\/#website"},"primaryImageOfPage":{"@id":"https:\/\/localization.news\/cs\/#primaryimage"},"image":{"@id":"https:\/\/localization.news\/cs\/#primaryimage"},"thumbnailUrl":"https:\/\/localization.news\/wp-content\/uploads\/2021\/06\/localization_default-1.jpg","datePublished":"2021-05-26T07:13:12+00:00","dateModified":"2024-01-09T15:49:55+00:00","description":"Localization.NEWS v\u00e1m p\u0159in\u00e1\u0161\u00ed novinky ze sv\u011bta p\u0159ekladu a lokalizace p\u0159\u00edmo od poskytovatel\u016f p\u0159ekladatelsk\u00fdch a lokaliza\u010dn\u00edch slu\u017eeb.","breadcrumb":{"@id":"https:\/\/localization.news\/cs\/#breadcrumb"},"inLanguage":"cs","potentialAction":[{"@type":"ReadAction","target":["https:\/\/localization.news\/cs\/"]}]},{"@type":"ImageObject","inLanguage":"cs","@id":"https:\/\/localization.news\/cs\/#primaryimage","url":"https:\/\/localization.news\/wp-content\/uploads\/2021\/06\/localization_default-1.jpg","contentUrl":"https:\/\/localization.news\/wp-content\/uploads\/2021\/06\/localization_default-1.jpg","width":1920,"height":1280,"caption":"Localization.NEWS"},{"@type":"BreadcrumbList","@id":"https:\/\/localization.news\/cs\/#breadcrumb","itemListElement":[{"@type":"ListItem","position":1,"name":"Home","item":"https:\/\/localization.news\/cs\/"},{"@type":"ListItem","position":2,"name":"Novinky ze sv\u011bta lokalizace"}]},{"@type":"WebSite","@id":"https:\/\/localization.news\/cs\/#website","url":"https:\/\/localization.news\/cs\/","name":"Localization.NEWS","description":"Translation and Localization news portal","publisher":{"@id":"https:\/\/localization.news\/cs\/#organization"},"potentialAction":[{"@type":"SearchAction","target":{"@type":"EntryPoint","urlTemplate":"https:\/\/localization.news\/cs\/?s={search_term_string}"},"query-input":"required name=search_term_string"}],"inLanguage":"cs"},{"@type":"Organization","@id":"https:\/\/localization.news\/cs\/#organization","name":"Localization.NEWS","url":"https:\/\/localization.news\/cs\/","logo":{"@type":"ImageObject","inLanguage":"cs","@id":"https:\/\/localization.news\/cs\/#\/schema\/logo\/image\/","url":"https:\/\/localization.news\/wp-content\/uploads\/2021\/06\/localization_default.jpg","contentUrl":"https:\/\/localization.news\/wp-content\/uploads\/2021\/06\/localization_default.jpg","width":1920,"height":1280,"caption":"Localization.NEWS"},"image":{"@id":"https:\/\/localization.news\/cs\/#\/schema\/logo\/image\/"},"sameAs":["https:\/\/www.facebook.com\/asaptranslation\/"]}]}},"publishpress_future_action":{"enabled":false,"date":"1970-01-01 00:00:00","action":"","terms":[],"taxonomy":"","browser_timezone_offset":0},"_links":{"self":[{"href":"https:\/\/localization.news\/cs\/wp-json\/wp\/v2\/pages\/2354"}],"collection":[{"href":"https:\/\/localization.news\/cs\/wp-json\/wp\/v2\/pages"}],"about":[{"href":"https:\/\/localization.news\/cs\/wp-json\/wp\/v2\/types\/page"}],"author":[{"embeddable":true,"href":"https:\/\/localization.news\/cs\/wp-json\/wp\/v2\/users\/1"}],"replies":[{"embeddable":true,"href":"https:\/\/localization.news\/cs\/wp-json\/wp\/v2\/comments?post=2354"}],"version-history":[{"count":2,"href":"https:\/\/localization.news\/cs\/wp-json\/wp\/v2\/pages\/2354\/revisions"}],"predecessor-version":[{"id":4890,"href":"https:\/\/localization.news\/cs\/wp-json\/wp\/v2\/pages\/2354\/revisions\/4890"}],"wp:featuredmedia":[{"embeddable":true,"href":"https:\/\/localization.news\/cs\/wp-json\/wp\/v2\/media\/2406"}],"wp:attachment":[{"href":"https:\/\/localization.news\/cs\/wp-json\/wp\/v2\/media?parent=2354"}],"curies":[{"name":"wp","href":"https:\/\/api.w.org\/{rel}","templated":true}]}}