{"id":2358,"date":"2021-06-04T09:09:17","date_gmt":"2021-06-04T09:09:17","guid":{"rendered":"https:\/\/localization.news\/?page_id=2358"},"modified":"2021-07-12T08:33:35","modified_gmt":"2021-07-12T08:33:35","slug":"about-project-localization-news","status":"publish","type":"page","link":"https:\/\/localization.news\/cs\/about-project-localization-news\/","title":{"rendered":"O projektu Localization.NEWS"},"content":{"rendered":"\n<p>Projekt Localization.NEWS iniciovala p\u0159ekladatelsk\u00e1 spole\u010dnost <a href=\"https:\/\/asap-translation.com\" data-type=\"URL\" data-id=\"https:\/\/asap-translation.com\" target=\"_blank\" rel=\"noreferrer noopener\">ASAP-translation.com<\/a> a jeho c\u00edlem je zv\u00fd\u0161it pov\u011bdom\u00ed laick\u00e9 i odborn\u00e9 ve\u0159ejnosti o ud\u00e1lostech a novink\u00e1ch v oblasti p\u0159ekladu a lokalizace a propagovat pr\u00e1ci a \u00fasp\u011bchy jednotliv\u00fdch partnersk\u00fdch organizac\u00ed. Projekt sdru\u017euje partnersk\u00e9 p\u0159ekladatelsk\u00e9 spole\u010dnosti z cel\u00e9ho sv\u011bta, kter\u00e9 jeho prost\u0159ednictv\u00edm informuj\u00ed odbornou i laickou ve\u0159ejnost o sv\u00e9 \u010dinnosti, \u00fasp\u011b\u0161\u00edch, ale tak\u00e9 o novink\u00e1ch v oboru p\u0159ekladu a lokalizace, zejm\u00e9na v oblastech, jako jsou nov\u00e9 technologie v p\u0159ekladu, zve\u0159ej\u0148uje informace o person\u00e1ln\u00edch zm\u011bn\u00e1ch ve spole\u010dnostech, v\u00fdzkumu v oblasti p\u0159ekladu, vzd\u011bl\u00e1vac\u00edch aktivit\u00e1ch.<\/p>\n\n\n\n<p>Svou \u010dinnost\u00ed bychom r\u00e1di p\u0159isp\u011bli k transparentnosti poskytovan\u00fdch slu\u017eeb a k rozvoji cel\u00e9ho p\u0159ekladatelsk\u00e9ho a lokaliza\u010dn\u00edho oboru.<\/p>\n","protected":false},"excerpt":{"rendered":"<p>Projekt Localization.NEWS iniciovala p\u0159ekladatelsk\u00e1 spole\u010dnost ASAP-translation.com a jeho c\u00edlem je zv\u00fd\u0161it pov\u011bdom\u00ed laick\u00e9 i odborn\u00e9 ve\u0159ejnosti o ud\u00e1lostech a novink\u00e1ch v oblasti p\u0159ekladu a lokalizace a propagovat pr\u00e1ci a \u00fasp\u011bchy jednotliv\u00fdch partnersk\u00fdch organizac\u00ed. Projekt sdru\u017euje partnersk\u00e9 p\u0159ekladatelsk\u00e9 spole\u010dnosti z cel\u00e9ho sv\u011bta, kter\u00e9 jeho prost\u0159ednictv\u00edm informuj\u00ed odbornou i laickou ve\u0159ejnost o sv\u00e9 \u010dinnosti, \u00fasp\u011b\u0161\u00edch, ale tak\u00e9 [&hellip;]<\/p>\n","protected":false},"author":1,"featured_media":0,"parent":0,"menu_order":0,"comment_status":"closed","ping_status":"closed","template":"","meta":{"footnotes":""},"yoast_head":"<!-- This site is optimized with the Yoast SEO Premium plugin v21.4 (Yoast SEO v22.8) - https:\/\/yoast.com\/wordpress\/plugins\/seo\/ -->\n<title>O projektu Localization.NEWS - Localization.NEWS<\/title>\n<meta name=\"robots\" content=\"index, follow, max-snippet:-1, max-image-preview:large, max-video-preview:-1\" \/>\n<link rel=\"canonical\" href=\"https:\/\/localization.news\/cs\/about-project-localization-news\/\" \/>\n<meta property=\"og:locale\" content=\"cs_CZ\" \/>\n<meta property=\"og:type\" content=\"article\" \/>\n<meta property=\"og:title\" content=\"O projektu Localization.NEWS\" \/>\n<meta property=\"og:description\" content=\"Projekt Localization.NEWS iniciovala p\u0159ekladatelsk\u00e1 spole\u010dnost ASAP-translation.com a jeho c\u00edlem je zv\u00fd\u0161it pov\u011bdom\u00ed laick\u00e9 i odborn\u00e9 ve\u0159ejnosti o ud\u00e1lostech a novink\u00e1ch v oblasti p\u0159ekladu a lokalizace a propagovat pr\u00e1ci a \u00fasp\u011bchy jednotliv\u00fdch partnersk\u00fdch organizac\u00ed. Projekt sdru\u017euje partnersk\u00e9 p\u0159ekladatelsk\u00e9 spole\u010dnosti z cel\u00e9ho sv\u011bta, kter\u00e9 jeho prost\u0159ednictv\u00edm informuj\u00ed odbornou i laickou ve\u0159ejnost o sv\u00e9 \u010dinnosti, \u00fasp\u011b\u0161\u00edch, ale tak\u00e9 [&hellip;]\" \/>\n<meta property=\"og:url\" content=\"https:\/\/localization.news\/cs\/about-project-localization-news\/\" \/>\n<meta property=\"og:site_name\" content=\"Localization.NEWS\" \/>\n<meta property=\"article:publisher\" content=\"https:\/\/www.facebook.com\/asaptranslation\/\" \/>\n<meta property=\"article:modified_time\" content=\"2021-07-12T08:33:35+00:00\" \/>\n<meta name=\"twitter:card\" content=\"summary_large_image\" \/>\n<meta name=\"twitter:label1\" content=\"Odhadovan\u00e1 doba \u010dten\u00ed\" \/>\n\t<meta name=\"twitter:data1\" content=\"1 minuta\" \/>\n<script type=\"application\/ld+json\" class=\"yoast-schema-graph\">{\"@context\":\"https:\/\/schema.org\",\"@graph\":[{\"@type\":\"WebPage\",\"@id\":\"https:\/\/localization.news\/cs\/about-project-localization-news\/\",\"url\":\"https:\/\/localization.news\/cs\/about-project-localization-news\/\",\"name\":\"O projektu Localization.NEWS - Localization.NEWS\",\"isPartOf\":{\"@id\":\"https:\/\/localization.news\/cs\/#website\"},\"datePublished\":\"2021-06-04T09:09:17+00:00\",\"dateModified\":\"2021-07-12T08:33:35+00:00\",\"breadcrumb\":{\"@id\":\"https:\/\/localization.news\/cs\/about-project-localization-news\/#breadcrumb\"},\"inLanguage\":\"cs\",\"potentialAction\":[{\"@type\":\"ReadAction\",\"target\":[\"https:\/\/localization.news\/cs\/about-project-localization-news\/\"]}]},{\"@type\":\"BreadcrumbList\",\"@id\":\"https:\/\/localization.news\/cs\/about-project-localization-news\/#breadcrumb\",\"itemListElement\":[{\"@type\":\"ListItem\",\"position\":1,\"name\":\"Home\",\"item\":\"https:\/\/localization.news\/cs\/\"},{\"@type\":\"ListItem\",\"position\":2,\"name\":\"O projektu Localization.NEWS\"}]},{\"@type\":\"WebSite\",\"@id\":\"https:\/\/localization.news\/cs\/#website\",\"url\":\"https:\/\/localization.news\/cs\/\",\"name\":\"Localization.NEWS\",\"description\":\"Translation and Localization news portal\",\"publisher\":{\"@id\":\"https:\/\/localization.news\/cs\/#organization\"},\"potentialAction\":[{\"@type\":\"SearchAction\",\"target\":{\"@type\":\"EntryPoint\",\"urlTemplate\":\"https:\/\/localization.news\/cs\/?s={search_term_string}\"},\"query-input\":\"required name=search_term_string\"}],\"inLanguage\":\"cs\"},{\"@type\":\"Organization\",\"@id\":\"https:\/\/localization.news\/cs\/#organization\",\"name\":\"Localization.NEWS\",\"url\":\"https:\/\/localization.news\/cs\/\",\"logo\":{\"@type\":\"ImageObject\",\"inLanguage\":\"cs\",\"@id\":\"https:\/\/localization.news\/cs\/#\/schema\/logo\/image\/\",\"url\":\"https:\/\/localization.news\/wp-content\/uploads\/2021\/06\/localization_default.jpg\",\"contentUrl\":\"https:\/\/localization.news\/wp-content\/uploads\/2021\/06\/localization_default.jpg\",\"width\":1920,\"height\":1280,\"caption\":\"Localization.NEWS\"},\"image\":{\"@id\":\"https:\/\/localization.news\/cs\/#\/schema\/logo\/image\/\"},\"sameAs\":[\"https:\/\/www.facebook.com\/asaptranslation\/\"]}]}<\/script>\n<!-- \/ Yoast SEO Premium plugin. -->","yoast_head_json":{"title":"O projektu Localization.NEWS - Localization.NEWS","robots":{"index":"index","follow":"follow","max-snippet":"max-snippet:-1","max-image-preview":"max-image-preview:large","max-video-preview":"max-video-preview:-1"},"canonical":"https:\/\/localization.news\/cs\/about-project-localization-news\/","og_locale":"cs_CZ","og_type":"article","og_title":"O projektu Localization.NEWS","og_description":"Projekt Localization.NEWS iniciovala p\u0159ekladatelsk\u00e1 spole\u010dnost ASAP-translation.com a jeho c\u00edlem je zv\u00fd\u0161it pov\u011bdom\u00ed laick\u00e9 i odborn\u00e9 ve\u0159ejnosti o ud\u00e1lostech a novink\u00e1ch v oblasti p\u0159ekladu a lokalizace a propagovat pr\u00e1ci a \u00fasp\u011bchy jednotliv\u00fdch partnersk\u00fdch organizac\u00ed. Projekt sdru\u017euje partnersk\u00e9 p\u0159ekladatelsk\u00e9 spole\u010dnosti z cel\u00e9ho sv\u011bta, kter\u00e9 jeho prost\u0159ednictv\u00edm informuj\u00ed odbornou i laickou ve\u0159ejnost o sv\u00e9 \u010dinnosti, \u00fasp\u011b\u0161\u00edch, ale tak\u00e9 [&hellip;]","og_url":"https:\/\/localization.news\/cs\/about-project-localization-news\/","og_site_name":"Localization.NEWS","article_publisher":"https:\/\/www.facebook.com\/asaptranslation\/","article_modified_time":"2021-07-12T08:33:35+00:00","twitter_card":"summary_large_image","twitter_misc":{"Odhadovan\u00e1 doba \u010dten\u00ed":"1 minuta"},"schema":{"@context":"https:\/\/schema.org","@graph":[{"@type":"WebPage","@id":"https:\/\/localization.news\/cs\/about-project-localization-news\/","url":"https:\/\/localization.news\/cs\/about-project-localization-news\/","name":"O projektu Localization.NEWS - Localization.NEWS","isPartOf":{"@id":"https:\/\/localization.news\/cs\/#website"},"datePublished":"2021-06-04T09:09:17+00:00","dateModified":"2021-07-12T08:33:35+00:00","breadcrumb":{"@id":"https:\/\/localization.news\/cs\/about-project-localization-news\/#breadcrumb"},"inLanguage":"cs","potentialAction":[{"@type":"ReadAction","target":["https:\/\/localization.news\/cs\/about-project-localization-news\/"]}]},{"@type":"BreadcrumbList","@id":"https:\/\/localization.news\/cs\/about-project-localization-news\/#breadcrumb","itemListElement":[{"@type":"ListItem","position":1,"name":"Home","item":"https:\/\/localization.news\/cs\/"},{"@type":"ListItem","position":2,"name":"O projektu Localization.NEWS"}]},{"@type":"WebSite","@id":"https:\/\/localization.news\/cs\/#website","url":"https:\/\/localization.news\/cs\/","name":"Localization.NEWS","description":"Translation and Localization news portal","publisher":{"@id":"https:\/\/localization.news\/cs\/#organization"},"potentialAction":[{"@type":"SearchAction","target":{"@type":"EntryPoint","urlTemplate":"https:\/\/localization.news\/cs\/?s={search_term_string}"},"query-input":"required name=search_term_string"}],"inLanguage":"cs"},{"@type":"Organization","@id":"https:\/\/localization.news\/cs\/#organization","name":"Localization.NEWS","url":"https:\/\/localization.news\/cs\/","logo":{"@type":"ImageObject","inLanguage":"cs","@id":"https:\/\/localization.news\/cs\/#\/schema\/logo\/image\/","url":"https:\/\/localization.news\/wp-content\/uploads\/2021\/06\/localization_default.jpg","contentUrl":"https:\/\/localization.news\/wp-content\/uploads\/2021\/06\/localization_default.jpg","width":1920,"height":1280,"caption":"Localization.NEWS"},"image":{"@id":"https:\/\/localization.news\/cs\/#\/schema\/logo\/image\/"},"sameAs":["https:\/\/www.facebook.com\/asaptranslation\/"]}]}},"publishpress_future_action":{"enabled":false,"date":"1970-01-01 00:00:00","action":"","terms":[],"taxonomy":"","browser_timezone_offset":0},"_links":{"self":[{"href":"https:\/\/localization.news\/cs\/wp-json\/wp\/v2\/pages\/2358"}],"collection":[{"href":"https:\/\/localization.news\/cs\/wp-json\/wp\/v2\/pages"}],"about":[{"href":"https:\/\/localization.news\/cs\/wp-json\/wp\/v2\/types\/page"}],"author":[{"embeddable":true,"href":"https:\/\/localization.news\/cs\/wp-json\/wp\/v2\/users\/1"}],"replies":[{"embeddable":true,"href":"https:\/\/localization.news\/cs\/wp-json\/wp\/v2\/comments?post=2358"}],"version-history":[{"count":2,"href":"https:\/\/localization.news\/cs\/wp-json\/wp\/v2\/pages\/2358\/revisions"}],"predecessor-version":[{"id":2362,"href":"https:\/\/localization.news\/cs\/wp-json\/wp\/v2\/pages\/2358\/revisions\/2362"}],"wp:attachment":[{"href":"https:\/\/localization.news\/cs\/wp-json\/wp\/v2\/media?parent=2358"}],"curies":[{"name":"wp","href":"https:\/\/api.w.org\/{rel}","templated":true}]}}