{"id":2359,"date":"2021-05-18T14:02:04","date_gmt":"2021-05-18T14:02:04","guid":{"rendered":"https:\/\/localization.news\/?page_id=2359"},"modified":"2021-07-12T08:42:35","modified_gmt":"2021-07-12T08:42:35","slug":"legal-notice-and-privacy-policy","status":"publish","type":"page","link":"https:\/\/localization.news\/cs\/legal-notice-and-privacy-policy\/","title":{"rendered":"Pr\u00e1vn\u00ed upozorn\u011bn\u00ed a z\u00e1sady ochrany osobn\u00edch \u00fadaj\u016f"},"content":{"rendered":"\n<h2 class=\"wp-block-heading\">Kdo jsme<\/h2>\n\n\n\n<p>Na\u0161e webov\u00e1 adresa je: https:\/\/localization.news. Port\u00e1l vlastn\u00ed a spravuje spole\u010dnost <a href=\"https:\/\/asap-translation.com\" data-type=\"URL\" data-id=\"https:\/\/asap-translation.com\" target=\"_blank\" rel=\"noreferrer noopener\">ASAP-translation.com, s.r.o<\/a>.<\/p>\n\n\n\n<h2 class=\"wp-block-heading\">Ochrana osobn\u00edch \u00fadaj\u016f<\/h2>\n\n\n\n<p>Lokalizace. NEWS (ASAP-translation.com, s.r.o.) db\u00e1 na ochranu soukrom\u00ed u\u017eivatel\u016f. Ve\u0161ker\u00e9 osobn\u00ed \u00fadaje, kter\u00e9 n\u00e1m poskytnete, v\u010detn\u011b a podobn\u011b jako va\u0161e jm\u00e9no, adresa, telefonn\u00ed \u010d\u00edslo a e-mailov\u00e1 adresa, nebudou zve\u0159ejn\u011bny, prod\u00e1ny ani pronajaty \u017e\u00e1dn\u00fdm subjekt\u016fm nebo osob\u00e1m mimo spole\u010dnost ASAP-translation.com, s.r.o.<\/p>\n\n\n\n<h2 class=\"wp-block-heading\">Z\u0159eknut\u00ed se odpov\u011bdnosti za p\u0159eklad<\/h2>\n\n\n\n<p>Pro usnadn\u011bn\u00ed m\u016f\u017ee tato webov\u00e1 str\u00e1nka p\u0159ev\u00e1d\u011bt p\u016fvodn\u00ed texty do jin\u00e9ho jazyka pomoc\u00ed strojov\u00e9ho p\u0159eklada\u010de t\u0159et\u00ed strany, kter\u00fd zaji\u0161\u0165uje automatick\u00fd p\u0159eklad obsahu. Tyto n\u00e1stroje nejsou dokonal\u00e9 a p\u0159i p\u0159ekladu nemus\u00ed b\u00fdt zohledn\u011bn kontext textu. V d\u016fsledku toho m\u016f\u017ee p\u0159eklad ztratit \u010d\u00e1st zam\u00fd\u0161len\u00e9ho v\u00fdznamu. N\u011bkter\u00e9 polo\u017eky na webu v\u010detn\u011b obr\u00e1zk\u016f obsahuj\u00edc\u00edch text, vide\u00ed s titulky, dokument\u016f PDF nebo map nemus\u00ed b\u00fdt p\u0159elo\u017eeny a n\u011bkter\u00e9 funkce na webu nemus\u00ed v p\u0159elo\u017een\u00fdch verz\u00edch fungovat.<\/p>\n\n\n\n<p>Spole\u010dnost ASAP-translation.com, s.r.o. nem\u016f\u017ee zaru\u010dit spr\u00e1vnost p\u0159eveden\u00e9ho textu. V p\u0159\u00edpad\u011b jak\u00fdchkoli pochybnost\u00ed je v\u017edy sm\u011brodatn\u00e1 p\u016fvodn\u00ed verze t\u011bchto webov\u00fdch str\u00e1nek.<\/p>\n\n\n\n<h2 class=\"wp-block-heading\">Koment\u00e1\u0159e<\/h2>\n\n\n\n<p><strong class=\"privacy-policy-tutorial\"><\/strong>Kdy\u017e n\u00e1v\u0161t\u011bvn\u00edci zanech\u00e1vaj\u00ed na str\u00e1nk\u00e1ch koment\u00e1\u0159e, shroma\u017e\u010fujeme \u00fadaje uveden\u00e9 ve formul\u00e1\u0159i koment\u00e1\u0159e a tak\u00e9 IP adresu n\u00e1v\u0161t\u011bvn\u00edka a \u0159et\u011bzec user agent prohl\u00ed\u017ee\u010de, abychom pomohli odhalit spam.<\/p>\n\n\n\n<p>Anonymizovan\u00fd \u0159et\u011bzec vytvo\u0159en\u00fd z va\u0161\u00ed e-mailov\u00e9 adresy (naz\u00fdvan\u00fd tak\u00e9 hash) m\u016f\u017ee b\u00fdt poskytnut slu\u017eb\u011b Gravatar, aby bylo mo\u017en\u00e9 zjistit, zda ji pou\u017e\u00edv\u00e1te. Z\u00e1sady ochrany osobn\u00edch \u00fadaj\u016f slu\u017eby Gravatar jsou k dispozici zde: https:\/\/automattic.com\/privacy\/. Po schv\u00e1len\u00ed va\u0161eho koment\u00e1\u0159e je v\u00e1\u0161 profilov\u00fd obr\u00e1zek viditeln\u00fd pro ve\u0159ejnost v kontextu va\u0161eho koment\u00e1\u0159e.<\/p>\n\n\n\n<h2 class=\"wp-block-heading\">M\u00e9dia<\/h2>\n\n\n\n<p><strong class=\"privacy-policy-tutorial\"><\/strong>Pokud na webov\u00e9 str\u00e1nky nahr\u00e1v\u00e1te obr\u00e1zky, m\u011bli byste se vyhnout nahr\u00e1v\u00e1n\u00ed obr\u00e1zk\u016f s vlo\u017een\u00fdmi \u00fadaji o poloze (EXIF GPS). N\u00e1v\u0161t\u011bvn\u00edci webov\u00fdch str\u00e1nek mohou z obr\u00e1zk\u016f na webu st\u00e1hnout a extrahovat jak\u00e9koli \u00fadaje o poloze.<\/p>\n\n\n\n<h2 class=\"wp-block-heading\">Soubory cookie<\/h2>\n\n\n\n<p>&#8222;Cookie&#8220; je mal\u00fd datov\u00fd textov\u00fd soubor, kter\u00fd je um\u00edst\u011bn ve va\u0161em prohl\u00ed\u017ee\u010di a umo\u017e\u0148uje spole\u010dnosti ASAP-translation.com, s.r.o. rozpoznat v\u00e1s p\u0159i ka\u017ed\u00e9 n\u00e1v\u0161t\u011bv\u011b t\u011bchto str\u00e1nek(p\u0159izp\u016fsoben\u00ed atd.). Soubory cookie samy o sob\u011b neobsahuj\u00ed \u017e\u00e1dn\u00e9 osobn\u00ed \u00fadaje a spole\u010dnost ASAP-translation.com, s.r.o. nepou\u017e\u00edv\u00e1 soubory cookie ke shroma\u017e\u010fov\u00e1n\u00ed osobn\u00edch \u00fadaj\u016f <\/p>\n\n\n\n<p>Pokud na na\u0161ich str\u00e1nk\u00e1ch zanech\u00e1te koment\u00e1\u0159, m\u016f\u017eete souhlasit s ulo\u017een\u00edm va\u0161eho jm\u00e9na, e-mailov\u00e9 adresy a webov\u00e9 str\u00e1nky do soubor\u016f cookie. Ty slou\u017e\u00ed pro va\u0161e pohodl\u00ed, abyste p\u0159i zanech\u00e1n\u00ed dal\u0161\u00edho koment\u00e1\u0159e nemuseli znovu vypl\u0148ovat sv\u00e9 \u00fadaje. Tyto soubory cookie vydr\u017e\u00ed po dobu jednoho roku.<\/p>\n\n\n\n<p>Pokud nav\u0161t\u00edv\u00edte na\u0161i p\u0159ihla\u0161ovac\u00ed str\u00e1nku, nastav\u00edme do\u010dasn\u00fd soubor cookie, abychom zjistili, zda v\u00e1\u0161 prohl\u00ed\u017ee\u010d p\u0159ij\u00edm\u00e1 soubory cookie. Tento soubor cookie neobsahuje \u017e\u00e1dn\u00e9 osobn\u00ed \u00fadaje a po zav\u0159en\u00ed prohl\u00ed\u017ee\u010de se zlikviduje.<\/p>\n\n\n\n<p>P\u0159i p\u0159ihla\u0161ov\u00e1n\u00ed nastav\u00edme tak\u00e9 n\u011bkolik soubor\u016f cookie, abychom ulo\u017eili va\u0161e p\u0159ihla\u0161ovac\u00ed \u00fadaje a volby zobrazen\u00ed na obrazovce. Soubory cookie pro p\u0159ihl\u00e1\u0161en\u00ed vydr\u017e\u00ed dva dny a soubory cookie pro volby obrazovky vydr\u017e\u00ed rok. Pokud zvol\u00edte mo\u017enost &#8222;Zapamatovat si m\u011b&#8220;, va\u0161e p\u0159ihl\u00e1\u0161en\u00ed p\u0159etrv\u00e1 dva t\u00fddny. Pokud se ze sv\u00e9ho \u00fa\u010dtu odhl\u00e1s\u00edte, p\u0159ihla\u0161ovac\u00ed soubory cookie budou odstran\u011bny.<\/p>\n\n\n\n<p>Pokud uprav\u00edte nebo zve\u0159ejn\u00edte \u010dl\u00e1nek, ulo\u017e\u00ed se do prohl\u00ed\u017ee\u010de dal\u0161\u00ed soubor cookie. Tento soubor cookie neobsahuje \u017e\u00e1dn\u00e9 osobn\u00ed \u00fadaje a pouze ozna\u010duje ID p\u0159\u00edsp\u011bvku \u010dl\u00e1nku, kter\u00fd jste pr\u00e1v\u011b upravili. Jeho platnost vypr\u0161\u00ed po 1 dni.<\/p>\n\n\n\n<h2 class=\"wp-block-heading\"><strong>Z\u0159eknut\u00ed se odpov\u011bdnosti za extern\u00ed odkazy<\/strong><\/h2>\n\n\n\n<p>Webov\u00e9 str\u00e1nky Localization.NEWS mohou obsahovat &#8222;extern\u00ed odkazy&#8220; na webov\u00e9 str\u00e1nky v jin\u00fdch dom\u00e9n\u00e1ch ne\u017e Localization.NEWS, kter\u00e9 nemus\u00ed b\u00fdt vlastn\u011bny ani financov\u00e1ny spole\u010dnost\u00ed ASAP-translation.com, s.r.o., nad kter\u00fdmi spole\u010dnost ASAP-translation.com, s.r.o. nem\u00e1 \u017e\u00e1dnou kontrolu a za kter\u00e9 spole\u010dnost ASAP-translation.com, s.r.o. nep\u0159eb\u00edr\u00e1 \u017e\u00e1dnou odpov\u011bdnost. Pokud se n\u00e1v\u0161t\u011bvn\u00edci webov\u00fdch str\u00e1nek Localization.NEWS rozhodnou n\u00e1sledovat odkaz na jakoukoli extern\u00ed webovou str\u00e1nku, podl\u00e9haj\u00ed z\u00e1sad\u00e1m pou\u017e\u00edv\u00e1n\u00ed soubor\u016f cookie, ochrany osobn\u00edch \u00fadaj\u016f a pr\u00e1vn\u00edm z\u00e1sad\u00e1m t\u00e9to extern\u00ed webov\u00e9 str\u00e1nky.<\/p>\n\n\n\n<p>Dodr\u017eov\u00e1n\u00ed platn\u00fdch po\u017eadavk\u016f na ochranu osobn\u00edch \u00fadaj\u016f a p\u0159\u00edstupnost extern\u00edch webov\u00fdch str\u00e1nek, na kter\u00e9 je odkazov\u00e1no na Localization.NEWS, nespad\u00e1 pod kontrolu spole\u010dnosti ASAP-translation.com, s.r.o. a je v\u00fdslovnou odpov\u011bdnost\u00ed extern\u00ed webov\u00e9 str\u00e1nky.<\/p>\n\n\n\n<h2 class=\"wp-block-heading\">Vlo\u017een\u00fd obsah z jin\u00fdch webov\u00fdch str\u00e1nek<\/h2>\n\n\n\n<p><strong class=\"privacy-policy-tutorial\"><\/strong>\u010cl\u00e1nky na t\u011bchto str\u00e1nk\u00e1ch mohou obsahovat vlo\u017een\u00fd obsah (nap\u0159. videa, obr\u00e1zky, \u010dl\u00e1nky atd.). Vlo\u017een\u00fd obsah z jin\u00fdch webov\u00fdch str\u00e1nek se chov\u00e1 \u00fapln\u011b stejn\u011b, jako kdyby n\u00e1v\u0161t\u011bvn\u00edk nav\u0161t\u00edvil jinou webovou str\u00e1nku.<\/p>\n\n\n\n<p>Tyto webov\u00e9 str\u00e1nky mohou shroma\u017e\u010fovat \u00fadaje o v\u00e1s, pou\u017e\u00edvat soubory cookie, vkl\u00e1dat dal\u0161\u00ed sledov\u00e1n\u00ed t\u0159et\u00edch stran a sledovat va\u0161i interakci s t\u00edmto vlo\u017een\u00fdm obsahem, v\u010detn\u011b sledov\u00e1n\u00ed va\u0161\u00ed interakce s vlo\u017een\u00fdm obsahem, pokud m\u00e1te \u00fa\u010det a jste na dan\u00e9 webov\u00e9 str\u00e1nce p\u0159ihl\u00e1\u0161eni.<\/p>\n\n\n\n<h2 class=\"wp-block-heading\">S k\u00fdm sd\u00edl\u00edme va\u0161e \u00fadaje<\/h2>\n\n\n\n<p><strong class=\"privacy-policy-tutorial\"> <\/strong>Pokud po\u017e\u00e1d\u00e1te o obnoven\u00ed hesla, bude va\u0161e IP adresa uvedena v e-mailu o obnoven\u00ed hesla.<\/p>\n\n\n\n<h2 class=\"wp-block-heading\">Jak dlouho va\u0161e \u00fadaje uchov\u00e1v\u00e1me<\/h2>\n\n\n\n<p>Pokud zanech\u00e1te koment\u00e1\u0159, koment\u00e1\u0159 a jeho metadata se uchov\u00e1vaj\u00ed po neomezenou dobu. Je to proto, abychom mohli automaticky rozpoznat a schv\u00e1lit p\u0159\u00edpadn\u00e9 dal\u0161\u00ed koment\u00e1\u0159e, m\u00edsto abychom je dr\u017eeli ve front\u011b na moderov\u00e1n\u00ed.<\/p>\n\n\n\n<p>U u\u017eivatel\u016f, kte\u0159\u00ed se na na\u0161ich webov\u00fdch str\u00e1nk\u00e1ch zaregistruj\u00ed (pokud existuj\u00ed), uchov\u00e1v\u00e1me tak\u00e9 osobn\u00ed \u00fadaje, kter\u00e9 poskytli ve sv\u00e9m u\u017eivatelsk\u00e9m profilu. V\u0161ichni u\u017eivatel\u00e9 mohou sv\u00e9 osobn\u00ed \u00fadaje kdykoli zobrazit, upravit nebo odstranit (krom\u011b toho, \u017ee nemohou zm\u011bnit sv\u00e9 u\u017eivatelsk\u00e9 jm\u00e9no). Tyto informace mohou vid\u011bt a upravovat tak\u00e9 spr\u00e1vci webov\u00fdch str\u00e1nek.<\/p>\n\n\n\n<h2 class=\"wp-block-heading\">Jak\u00e1 m\u00e1te pr\u00e1va na sv\u00e9 \u00fadaje<\/h2>\n\n\n\n<p>Pokud m\u00e1te na t\u011bchto str\u00e1nk\u00e1ch \u00fa\u010det nebo jste zanechali koment\u00e1\u0159, m\u016f\u017eete po\u017e\u00e1dat o zasl\u00e1n\u00ed exportovan\u00e9ho souboru osobn\u00edch \u00fadaj\u016f, kter\u00e9 o v\u00e1s uchov\u00e1v\u00e1me, v\u010detn\u011b v\u0161ech \u00fadaj\u016f, kter\u00e9 jste n\u00e1m poskytli. M\u016f\u017eete tak\u00e9 po\u017e\u00e1dat o vymaz\u00e1n\u00ed v\u0161ech osobn\u00edch \u00fadaj\u016f, kter\u00e9 o v\u00e1s uchov\u00e1v\u00e1me. To se net\u00fdk\u00e1 \u00fadaj\u016f, kter\u00e9 jsme povinni uchov\u00e1vat pro administrativn\u00ed, pr\u00e1vn\u00ed nebo bezpe\u010dnostn\u00ed \u00fa\u010dely.<\/p>\n\n\n\n<h2 class=\"wp-block-heading\">Kam va\u0161e \u00fadaje zas\u00edl\u00e1me<\/h2>\n\n\n\n<p><strong class=\"privacy-policy-tutorial\"><\/strong>Koment\u00e1\u0159e n\u00e1v\u0161t\u011bvn\u00edk\u016f mohou b\u00fdt kontrolov\u00e1ny prost\u0159ednictv\u00edm automatizovan\u00e9 slu\u017eby pro detekci spamu.<\/p>\n\n\n\n<h2 class=\"wp-block-heading\"><strong>Pamatujte na rizika, kdykoli pou\u017e\u00edv\u00e1te internet<\/strong><\/h2>\n\n\n\n<p>P\u0159esto\u017ee se sna\u017e\u00edme va\u0161e osobn\u00ed \u00fadaje chr\u00e1nit, nem\u016f\u017eeme zaru\u010dit bezpe\u010dnost jak\u00fdchkoli informac\u00ed, kter\u00e9 p\u0159ed\u00e1v\u00e1te spole\u010dnosti ASAP-translation.com, s.r.o., a jste sami zodpov\u011bdn\u00ed za zachov\u00e1n\u00ed tajnosti jak\u00fdchkoli hesel nebo jin\u00fdch informac\u00ed o \u00fa\u010dtu.<\/p>\n","protected":false},"excerpt":{"rendered":"<p>Kdo jsme Na\u0161e webov\u00e1 adresa je: https:\/\/localization.news. Port\u00e1l vlastn\u00ed a spravuje spole\u010dnost ASAP-translation.com, s.r.o. Ochrana osobn\u00edch \u00fadaj\u016f Lokalizace. NEWS (ASAP-translation.com, s.r.o.) db\u00e1 na ochranu soukrom\u00ed u\u017eivatel\u016f. Ve\u0161ker\u00e9 osobn\u00ed \u00fadaje, kter\u00e9 n\u00e1m poskytnete, v\u010detn\u011b a podobn\u011b jako va\u0161e jm\u00e9no, adresa, telefonn\u00ed \u010d\u00edslo a e-mailov\u00e1 adresa, nebudou zve\u0159ejn\u011bny, prod\u00e1ny ani pronajaty \u017e\u00e1dn\u00fdm subjekt\u016fm nebo osob\u00e1m mimo spole\u010dnost [&hellip;]<\/p>\n","protected":false},"author":1,"featured_media":0,"parent":0,"menu_order":0,"comment_status":"closed","ping_status":"closed","template":"","meta":{"footnotes":""},"yoast_head":"<!-- This site is optimized with the Yoast SEO Premium plugin v21.4 (Yoast SEO v22.8) - https:\/\/yoast.com\/wordpress\/plugins\/seo\/ -->\n<title>Pr\u00e1vn\u00ed upozorn\u011bn\u00ed a z\u00e1sady ochrany osobn\u00edch \u00fadaj\u016f - Localization.NEWS<\/title>\n<meta name=\"robots\" content=\"index, follow, max-snippet:-1, max-image-preview:large, max-video-preview:-1\" \/>\n<link rel=\"canonical\" href=\"https:\/\/localization.news\/cs\/legal-notice-and-privacy-policy\/\" \/>\n<meta property=\"og:locale\" content=\"cs_CZ\" \/>\n<meta property=\"og:type\" content=\"article\" \/>\n<meta property=\"og:title\" content=\"Pr\u00e1vn\u00ed upozorn\u011bn\u00ed a z\u00e1sady ochrany osobn\u00edch \u00fadaj\u016f\" \/>\n<meta property=\"og:description\" content=\"Kdo jsme Na\u0161e webov\u00e1 adresa je: https:\/\/localization.news. Port\u00e1l vlastn\u00ed a spravuje spole\u010dnost ASAP-translation.com, s.r.o. Ochrana osobn\u00edch \u00fadaj\u016f Lokalizace. NEWS (ASAP-translation.com, s.r.o.) db\u00e1 na ochranu soukrom\u00ed u\u017eivatel\u016f. Ve\u0161ker\u00e9 osobn\u00ed \u00fadaje, kter\u00e9 n\u00e1m poskytnete, v\u010detn\u011b a podobn\u011b jako va\u0161e jm\u00e9no, adresa, telefonn\u00ed \u010d\u00edslo a e-mailov\u00e1 adresa, nebudou zve\u0159ejn\u011bny, prod\u00e1ny ani pronajaty \u017e\u00e1dn\u00fdm subjekt\u016fm nebo osob\u00e1m mimo spole\u010dnost [&hellip;]\" \/>\n<meta property=\"og:url\" content=\"https:\/\/localization.news\/cs\/legal-notice-and-privacy-policy\/\" \/>\n<meta property=\"og:site_name\" content=\"Localization.NEWS\" \/>\n<meta property=\"article:publisher\" content=\"https:\/\/www.facebook.com\/asaptranslation\/\" \/>\n<meta property=\"article:modified_time\" content=\"2021-07-12T08:42:35+00:00\" \/>\n<meta name=\"twitter:card\" content=\"summary_large_image\" \/>\n<meta name=\"twitter:label1\" content=\"Odhadovan\u00e1 doba \u010dten\u00ed\" \/>\n\t<meta name=\"twitter:data1\" content=\"7 minut\" \/>\n<script type=\"application\/ld+json\" class=\"yoast-schema-graph\">{\"@context\":\"https:\/\/schema.org\",\"@graph\":[{\"@type\":\"WebPage\",\"@id\":\"https:\/\/localization.news\/cs\/legal-notice-and-privacy-policy\/\",\"url\":\"https:\/\/localization.news\/cs\/legal-notice-and-privacy-policy\/\",\"name\":\"Pr\u00e1vn\u00ed upozorn\u011bn\u00ed a z\u00e1sady ochrany osobn\u00edch \u00fadaj\u016f - Localization.NEWS\",\"isPartOf\":{\"@id\":\"https:\/\/localization.news\/cs\/#website\"},\"datePublished\":\"2021-05-18T14:02:04+00:00\",\"dateModified\":\"2021-07-12T08:42:35+00:00\",\"breadcrumb\":{\"@id\":\"https:\/\/localization.news\/cs\/legal-notice-and-privacy-policy\/#breadcrumb\"},\"inLanguage\":\"cs\",\"potentialAction\":[{\"@type\":\"ReadAction\",\"target\":[\"https:\/\/localization.news\/cs\/legal-notice-and-privacy-policy\/\"]}]},{\"@type\":\"BreadcrumbList\",\"@id\":\"https:\/\/localization.news\/cs\/legal-notice-and-privacy-policy\/#breadcrumb\",\"itemListElement\":[{\"@type\":\"ListItem\",\"position\":1,\"name\":\"Home\",\"item\":\"https:\/\/localization.news\/cs\/\"},{\"@type\":\"ListItem\",\"position\":2,\"name\":\"Pr\u00e1vn\u00ed upozorn\u011bn\u00ed a z\u00e1sady ochrany osobn\u00edch \u00fadaj\u016f\"}]},{\"@type\":\"WebSite\",\"@id\":\"https:\/\/localization.news\/cs\/#website\",\"url\":\"https:\/\/localization.news\/cs\/\",\"name\":\"Localization.NEWS\",\"description\":\"Translation and Localization news portal\",\"publisher\":{\"@id\":\"https:\/\/localization.news\/cs\/#organization\"},\"potentialAction\":[{\"@type\":\"SearchAction\",\"target\":{\"@type\":\"EntryPoint\",\"urlTemplate\":\"https:\/\/localization.news\/cs\/?s={search_term_string}\"},\"query-input\":\"required name=search_term_string\"}],\"inLanguage\":\"cs\"},{\"@type\":\"Organization\",\"@id\":\"https:\/\/localization.news\/cs\/#organization\",\"name\":\"Localization.NEWS\",\"url\":\"https:\/\/localization.news\/cs\/\",\"logo\":{\"@type\":\"ImageObject\",\"inLanguage\":\"cs\",\"@id\":\"https:\/\/localization.news\/cs\/#\/schema\/logo\/image\/\",\"url\":\"https:\/\/localization.news\/wp-content\/uploads\/2021\/06\/localization_default.jpg\",\"contentUrl\":\"https:\/\/localization.news\/wp-content\/uploads\/2021\/06\/localization_default.jpg\",\"width\":1920,\"height\":1280,\"caption\":\"Localization.NEWS\"},\"image\":{\"@id\":\"https:\/\/localization.news\/cs\/#\/schema\/logo\/image\/\"},\"sameAs\":[\"https:\/\/www.facebook.com\/asaptranslation\/\"]}]}<\/script>\n<!-- \/ Yoast SEO Premium plugin. -->","yoast_head_json":{"title":"Pr\u00e1vn\u00ed upozorn\u011bn\u00ed a z\u00e1sady ochrany osobn\u00edch \u00fadaj\u016f - Localization.NEWS","robots":{"index":"index","follow":"follow","max-snippet":"max-snippet:-1","max-image-preview":"max-image-preview:large","max-video-preview":"max-video-preview:-1"},"canonical":"https:\/\/localization.news\/cs\/legal-notice-and-privacy-policy\/","og_locale":"cs_CZ","og_type":"article","og_title":"Pr\u00e1vn\u00ed upozorn\u011bn\u00ed a z\u00e1sady ochrany osobn\u00edch \u00fadaj\u016f","og_description":"Kdo jsme Na\u0161e webov\u00e1 adresa je: https:\/\/localization.news. Port\u00e1l vlastn\u00ed a spravuje spole\u010dnost ASAP-translation.com, s.r.o. Ochrana osobn\u00edch \u00fadaj\u016f Lokalizace. NEWS (ASAP-translation.com, s.r.o.) db\u00e1 na ochranu soukrom\u00ed u\u017eivatel\u016f. Ve\u0161ker\u00e9 osobn\u00ed \u00fadaje, kter\u00e9 n\u00e1m poskytnete, v\u010detn\u011b a podobn\u011b jako va\u0161e jm\u00e9no, adresa, telefonn\u00ed \u010d\u00edslo a e-mailov\u00e1 adresa, nebudou zve\u0159ejn\u011bny, prod\u00e1ny ani pronajaty \u017e\u00e1dn\u00fdm subjekt\u016fm nebo osob\u00e1m mimo spole\u010dnost [&hellip;]","og_url":"https:\/\/localization.news\/cs\/legal-notice-and-privacy-policy\/","og_site_name":"Localization.NEWS","article_publisher":"https:\/\/www.facebook.com\/asaptranslation\/","article_modified_time":"2021-07-12T08:42:35+00:00","twitter_card":"summary_large_image","twitter_misc":{"Odhadovan\u00e1 doba \u010dten\u00ed":"7 minut"},"schema":{"@context":"https:\/\/schema.org","@graph":[{"@type":"WebPage","@id":"https:\/\/localization.news\/cs\/legal-notice-and-privacy-policy\/","url":"https:\/\/localization.news\/cs\/legal-notice-and-privacy-policy\/","name":"Pr\u00e1vn\u00ed upozorn\u011bn\u00ed a z\u00e1sady ochrany osobn\u00edch \u00fadaj\u016f - Localization.NEWS","isPartOf":{"@id":"https:\/\/localization.news\/cs\/#website"},"datePublished":"2021-05-18T14:02:04+00:00","dateModified":"2021-07-12T08:42:35+00:00","breadcrumb":{"@id":"https:\/\/localization.news\/cs\/legal-notice-and-privacy-policy\/#breadcrumb"},"inLanguage":"cs","potentialAction":[{"@type":"ReadAction","target":["https:\/\/localization.news\/cs\/legal-notice-and-privacy-policy\/"]}]},{"@type":"BreadcrumbList","@id":"https:\/\/localization.news\/cs\/legal-notice-and-privacy-policy\/#breadcrumb","itemListElement":[{"@type":"ListItem","position":1,"name":"Home","item":"https:\/\/localization.news\/cs\/"},{"@type":"ListItem","position":2,"name":"Pr\u00e1vn\u00ed upozorn\u011bn\u00ed a z\u00e1sady ochrany osobn\u00edch \u00fadaj\u016f"}]},{"@type":"WebSite","@id":"https:\/\/localization.news\/cs\/#website","url":"https:\/\/localization.news\/cs\/","name":"Localization.NEWS","description":"Translation and Localization news portal","publisher":{"@id":"https:\/\/localization.news\/cs\/#organization"},"potentialAction":[{"@type":"SearchAction","target":{"@type":"EntryPoint","urlTemplate":"https:\/\/localization.news\/cs\/?s={search_term_string}"},"query-input":"required name=search_term_string"}],"inLanguage":"cs"},{"@type":"Organization","@id":"https:\/\/localization.news\/cs\/#organization","name":"Localization.NEWS","url":"https:\/\/localization.news\/cs\/","logo":{"@type":"ImageObject","inLanguage":"cs","@id":"https:\/\/localization.news\/cs\/#\/schema\/logo\/image\/","url":"https:\/\/localization.news\/wp-content\/uploads\/2021\/06\/localization_default.jpg","contentUrl":"https:\/\/localization.news\/wp-content\/uploads\/2021\/06\/localization_default.jpg","width":1920,"height":1280,"caption":"Localization.NEWS"},"image":{"@id":"https:\/\/localization.news\/cs\/#\/schema\/logo\/image\/"},"sameAs":["https:\/\/www.facebook.com\/asaptranslation\/"]}]}},"publishpress_future_action":{"enabled":false,"date":"1970-01-01 00:00:00","action":"","terms":[],"taxonomy":"","browser_timezone_offset":0},"_links":{"self":[{"href":"https:\/\/localization.news\/cs\/wp-json\/wp\/v2\/pages\/2359"}],"collection":[{"href":"https:\/\/localization.news\/cs\/wp-json\/wp\/v2\/pages"}],"about":[{"href":"https:\/\/localization.news\/cs\/wp-json\/wp\/v2\/types\/page"}],"author":[{"embeddable":true,"href":"https:\/\/localization.news\/cs\/wp-json\/wp\/v2\/users\/1"}],"replies":[{"embeddable":true,"href":"https:\/\/localization.news\/cs\/wp-json\/wp\/v2\/comments?post=2359"}],"version-history":[{"count":2,"href":"https:\/\/localization.news\/cs\/wp-json\/wp\/v2\/pages\/2359\/revisions"}],"predecessor-version":[{"id":2365,"href":"https:\/\/localization.news\/cs\/wp-json\/wp\/v2\/pages\/2359\/revisions\/2365"}],"wp:attachment":[{"href":"https:\/\/localization.news\/cs\/wp-json\/wp\/v2\/media?parent=2359"}],"curies":[{"name":"wp","href":"https:\/\/api.w.org\/{rel}","templated":true}]}}