{"id":2865,"date":"2021-05-26T07:13:12","date_gmt":"2021-05-26T07:13:12","guid":{"rendered":"https:\/\/localization.news\/?page_id=2865"},"modified":"2022-03-17T10:45:37","modified_gmt":"2022-03-17T10:45:37","slug":"nyheder-fra-lokaliseringens-verden","status":"publish","type":"page","link":"https:\/\/localization.news\/da\/","title":{"rendered":"Nyheder fra lokaliseringens verden"},"content":{"rendered":"\n<p>Localization.NEWS&#8217; online nyhedsportal om overs\u00e6ttelse og sprog g\u00f8r det muligt for k\u00f8bere af sprogtjenester at holde sig opdateret. Vi giver dig de seneste nyheder fra sprogbranchen. Localization.NEWS er ogs\u00e5 v\u00e6rdsat af LSP&#8217;er, der \u00f8nsker at screene de seneste branchetendenser inden for overs\u00e6ttelsesprocessen og de nyeste lokaliseringsteknologier. Portalen Localization.NEWS bringer dig lokaliserings- og overs\u00e6ttelsesnyheder og er af enorm v\u00e6rdi for k\u00f8berne af overs\u00e6ttelser og insidere i lokaliseringsbranchen.<\/p>\n","protected":false},"excerpt":{"rendered":"<p>Localization.NEWS&#8217; online nyhedsportal om overs\u00e6ttelse og sprog g\u00f8r det muligt for k\u00f8bere af sprogtjenester at holde sig opdateret. Vi giver dig de seneste nyheder fra sprogbranchen. Localization.NEWS er ogs\u00e5 v\u00e6rdsat af LSP&#8217;er, der \u00f8nsker at screene de seneste branchetendenser inden for overs\u00e6ttelsesprocessen og de nyeste lokaliseringsteknologier. Portalen Localization.NEWS bringer dig lokaliserings- og overs\u00e6ttelsesnyheder og er [&hellip;]<\/p>\n","protected":false},"author":3,"featured_media":2956,"parent":0,"menu_order":0,"comment_status":"closed","ping_status":"closed","template":"template-modules.php","meta":{"footnotes":""},"yoast_head":"<!-- This site is optimized with the Yoast SEO Premium plugin v21.4 (Yoast SEO v22.8) - https:\/\/yoast.com\/wordpress\/plugins\/seo\/ -->\n<title>Nyheder fra lokaliseringens verden - Localization.NEWS<\/title>\n<meta name=\"description\" content=\"Localization.NEWS bringer nyheder fra lokaliseringens verden direkte fra udbydere af overs\u00e6ttelsestjenester.\" \/>\n<meta name=\"robots\" content=\"index, follow, max-snippet:-1, max-image-preview:large, max-video-preview:-1\" \/>\n<link rel=\"canonical\" href=\"https:\/\/localization.news\/da\/\" \/>\n<meta property=\"og:locale\" content=\"da_DK\" \/>\n<meta property=\"og:type\" content=\"article\" \/>\n<meta property=\"og:title\" content=\"Nyheder fra lokaliseringens verden\" \/>\n<meta property=\"og:description\" content=\"Localization.NEWS bringer nyheder fra lokaliseringens verden direkte fra udbydere af overs\u00e6ttelsestjenester.\" \/>\n<meta property=\"og:url\" content=\"https:\/\/localization.news\/da\/\" \/>\n<meta property=\"og:site_name\" content=\"Localization.NEWS\" \/>\n<meta property=\"article:publisher\" content=\"https:\/\/www.facebook.com\/asaptranslation\/\" \/>\n<meta property=\"article:modified_time\" content=\"2022-03-17T10:45:37+00:00\" \/>\n<meta name=\"twitter:card\" content=\"summary_large_image\" \/>\n<meta name=\"twitter:label1\" content=\"Estimeret l\u00e6setid\" \/>\n\t<meta name=\"twitter:data1\" content=\"1 minut\" \/>\n<script type=\"application\/ld+json\" class=\"yoast-schema-graph\">{\"@context\":\"https:\/\/schema.org\",\"@graph\":[{\"@type\":\"WebPage\",\"@id\":\"https:\/\/localization.news\/da\/\",\"url\":\"https:\/\/localization.news\/da\/\",\"name\":\"Nyheder fra lokaliseringens verden - Localization.NEWS\",\"isPartOf\":{\"@id\":\"https:\/\/localization.news\/da\/#website\"},\"primaryImageOfPage\":{\"@id\":\"https:\/\/localization.news\/da\/#primaryimage\"},\"image\":{\"@id\":\"https:\/\/localization.news\/da\/#primaryimage\"},\"thumbnailUrl\":\"https:\/\/localization.news\/wp-content\/uploads\/2021\/06\/localization_default-1.jpg\",\"datePublished\":\"2021-05-26T07:13:12+00:00\",\"dateModified\":\"2022-03-17T10:45:37+00:00\",\"description\":\"Localization.NEWS bringer nyheder fra lokaliseringens verden direkte fra udbydere af overs\u00e6ttelsestjenester.\",\"breadcrumb\":{\"@id\":\"https:\/\/localization.news\/da\/#breadcrumb\"},\"inLanguage\":\"da-DK\",\"potentialAction\":[{\"@type\":\"ReadAction\",\"target\":[\"https:\/\/localization.news\/da\/\"]}]},{\"@type\":\"ImageObject\",\"inLanguage\":\"da-DK\",\"@id\":\"https:\/\/localization.news\/da\/#primaryimage\",\"url\":\"https:\/\/localization.news\/wp-content\/uploads\/2021\/06\/localization_default-1.jpg\",\"contentUrl\":\"https:\/\/localization.news\/wp-content\/uploads\/2021\/06\/localization_default-1.jpg\",\"width\":1920,\"height\":1280,\"caption\":\"Localization.NEWS\"},{\"@type\":\"BreadcrumbList\",\"@id\":\"https:\/\/localization.news\/da\/#breadcrumb\",\"itemListElement\":[{\"@type\":\"ListItem\",\"position\":1,\"name\":\"Home\",\"item\":\"https:\/\/localization.news\/da\/\"},{\"@type\":\"ListItem\",\"position\":2,\"name\":\"Nyheder fra lokaliseringens verden\"}]},{\"@type\":\"WebSite\",\"@id\":\"https:\/\/localization.news\/da\/#website\",\"url\":\"https:\/\/localization.news\/da\/\",\"name\":\"Localization.NEWS\",\"description\":\"Translation and Localization news portal\",\"publisher\":{\"@id\":\"https:\/\/localization.news\/da\/#organization\"},\"potentialAction\":[{\"@type\":\"SearchAction\",\"target\":{\"@type\":\"EntryPoint\",\"urlTemplate\":\"https:\/\/localization.news\/da\/?s={search_term_string}\"},\"query-input\":\"required name=search_term_string\"}],\"inLanguage\":\"da-DK\"},{\"@type\":\"Organization\",\"@id\":\"https:\/\/localization.news\/da\/#organization\",\"name\":\"Localization.NEWS\",\"url\":\"https:\/\/localization.news\/da\/\",\"logo\":{\"@type\":\"ImageObject\",\"inLanguage\":\"da-DK\",\"@id\":\"https:\/\/localization.news\/da\/#\/schema\/logo\/image\/\",\"url\":\"https:\/\/localization.news\/wp-content\/uploads\/2021\/06\/localization_default.jpg\",\"contentUrl\":\"https:\/\/localization.news\/wp-content\/uploads\/2021\/06\/localization_default.jpg\",\"width\":1920,\"height\":1280,\"caption\":\"Localization.NEWS\"},\"image\":{\"@id\":\"https:\/\/localization.news\/da\/#\/schema\/logo\/image\/\"},\"sameAs\":[\"https:\/\/www.facebook.com\/asaptranslation\/\"]}]}<\/script>\n<!-- \/ Yoast SEO Premium plugin. -->","yoast_head_json":{"title":"Nyheder fra lokaliseringens verden - Localization.NEWS","description":"Localization.NEWS bringer nyheder fra lokaliseringens verden direkte fra udbydere af overs\u00e6ttelsestjenester.","robots":{"index":"index","follow":"follow","max-snippet":"max-snippet:-1","max-image-preview":"max-image-preview:large","max-video-preview":"max-video-preview:-1"},"canonical":"https:\/\/localization.news\/da\/","og_locale":"da_DK","og_type":"article","og_title":"Nyheder fra lokaliseringens verden","og_description":"Localization.NEWS bringer nyheder fra lokaliseringens verden direkte fra udbydere af overs\u00e6ttelsestjenester.","og_url":"https:\/\/localization.news\/da\/","og_site_name":"Localization.NEWS","article_publisher":"https:\/\/www.facebook.com\/asaptranslation\/","article_modified_time":"2022-03-17T10:45:37+00:00","twitter_card":"summary_large_image","twitter_misc":{"Estimeret l\u00e6setid":"1 minut"},"schema":{"@context":"https:\/\/schema.org","@graph":[{"@type":"WebPage","@id":"https:\/\/localization.news\/da\/","url":"https:\/\/localization.news\/da\/","name":"Nyheder fra lokaliseringens verden - Localization.NEWS","isPartOf":{"@id":"https:\/\/localization.news\/da\/#website"},"primaryImageOfPage":{"@id":"https:\/\/localization.news\/da\/#primaryimage"},"image":{"@id":"https:\/\/localization.news\/da\/#primaryimage"},"thumbnailUrl":"https:\/\/localization.news\/wp-content\/uploads\/2021\/06\/localization_default-1.jpg","datePublished":"2021-05-26T07:13:12+00:00","dateModified":"2022-03-17T10:45:37+00:00","description":"Localization.NEWS bringer nyheder fra lokaliseringens verden direkte fra udbydere af overs\u00e6ttelsestjenester.","breadcrumb":{"@id":"https:\/\/localization.news\/da\/#breadcrumb"},"inLanguage":"da-DK","potentialAction":[{"@type":"ReadAction","target":["https:\/\/localization.news\/da\/"]}]},{"@type":"ImageObject","inLanguage":"da-DK","@id":"https:\/\/localization.news\/da\/#primaryimage","url":"https:\/\/localization.news\/wp-content\/uploads\/2021\/06\/localization_default-1.jpg","contentUrl":"https:\/\/localization.news\/wp-content\/uploads\/2021\/06\/localization_default-1.jpg","width":1920,"height":1280,"caption":"Localization.NEWS"},{"@type":"BreadcrumbList","@id":"https:\/\/localization.news\/da\/#breadcrumb","itemListElement":[{"@type":"ListItem","position":1,"name":"Home","item":"https:\/\/localization.news\/da\/"},{"@type":"ListItem","position":2,"name":"Nyheder fra lokaliseringens verden"}]},{"@type":"WebSite","@id":"https:\/\/localization.news\/da\/#website","url":"https:\/\/localization.news\/da\/","name":"Localization.NEWS","description":"Translation and Localization news portal","publisher":{"@id":"https:\/\/localization.news\/da\/#organization"},"potentialAction":[{"@type":"SearchAction","target":{"@type":"EntryPoint","urlTemplate":"https:\/\/localization.news\/da\/?s={search_term_string}"},"query-input":"required name=search_term_string"}],"inLanguage":"da-DK"},{"@type":"Organization","@id":"https:\/\/localization.news\/da\/#organization","name":"Localization.NEWS","url":"https:\/\/localization.news\/da\/","logo":{"@type":"ImageObject","inLanguage":"da-DK","@id":"https:\/\/localization.news\/da\/#\/schema\/logo\/image\/","url":"https:\/\/localization.news\/wp-content\/uploads\/2021\/06\/localization_default.jpg","contentUrl":"https:\/\/localization.news\/wp-content\/uploads\/2021\/06\/localization_default.jpg","width":1920,"height":1280,"caption":"Localization.NEWS"},"image":{"@id":"https:\/\/localization.news\/da\/#\/schema\/logo\/image\/"},"sameAs":["https:\/\/www.facebook.com\/asaptranslation\/"]}]}},"publishpress_future_action":{"enabled":false,"date":"1970-01-01 00:00:00","action":"","terms":[],"taxonomy":"","browser_timezone_offset":0},"_links":{"self":[{"href":"https:\/\/localization.news\/da\/wp-json\/wp\/v2\/pages\/2865"}],"collection":[{"href":"https:\/\/localization.news\/da\/wp-json\/wp\/v2\/pages"}],"about":[{"href":"https:\/\/localization.news\/da\/wp-json\/wp\/v2\/types\/page"}],"author":[{"embeddable":true,"href":"https:\/\/localization.news\/da\/wp-json\/wp\/v2\/users\/3"}],"replies":[{"embeddable":true,"href":"https:\/\/localization.news\/da\/wp-json\/wp\/v2\/comments?post=2865"}],"version-history":[{"count":2,"href":"https:\/\/localization.news\/da\/wp-json\/wp\/v2\/pages\/2865\/revisions"}],"predecessor-version":[{"id":4905,"href":"https:\/\/localization.news\/da\/wp-json\/wp\/v2\/pages\/2865\/revisions\/4905"}],"wp:featuredmedia":[{"embeddable":true,"href":"https:\/\/localization.news\/da\/wp-json\/wp\/v2\/media\/2956"}],"wp:attachment":[{"href":"https:\/\/localization.news\/da\/wp-json\/wp\/v2\/media?parent=2865"}],"curies":[{"name":"wp","href":"https:\/\/api.w.org\/{rel}","templated":true}]}}