{"id":2867,"date":"2021-06-04T09:09:17","date_gmt":"2021-06-04T09:09:17","guid":{"rendered":"https:\/\/localization.news\/?page_id=2867"},"modified":"2021-08-02T12:22:17","modified_gmt":"2021-08-02T12:22:17","slug":"about-project-localization-news","status":"publish","type":"page","link":"https:\/\/localization.news\/da\/about-project-localization-news\/","title":{"rendered":"Om projektet Localization.NEWS"},"content":{"rendered":"\n<p>Localization.NEWS-projektet blev iv\u00e6rksat af overs\u00e6ttelsesfirmaet <a href=\"https:\/\/asap-translation.com\" data-type=\"URL\" data-id=\"https:\/\/asap-translation.com\" target=\"_blank\" rel=\"noreferrer noopener\">ASAP-translation.com<\/a> og har til form\u00e5l at \u00f8ge bevidstheden blandt l\u00e6gfolk og fagfolk om begivenheder og nyheder inden for overs\u00e6ttelse og lokalisering samt at fremme de enkelte partnerorganisationers arbejde og resultater. Projektet samler partnerovers\u00e6ttelsesvirksomheder fra hele verden, som gennem det informerer den professionelle og l\u00e6gfolk om deres aktiviteter, succeser, men ogs\u00e5 om innovationer i overs\u00e6ttelses- og lokaliseringsbranchen, is\u00e6r p\u00e5 omr\u00e5der som nye teknologier inden for overs\u00e6ttelse, offentligg\u00f8r oplysninger om personale\u00e6ndringer i virksomheder, forskning inden for overs\u00e6ttelse, uddannelsesaktiviteter.<\/p>\n\n\n\n<p>Gennem vores aktiviteter \u00f8nsker vi at bidrage til gennemsigtigheden af de leverede tjenester og til udviklingen af hele overs\u00e6ttelses- og lokaliseringsbranchen.<\/p>\n","protected":false},"excerpt":{"rendered":"<p>Localization.NEWS-projektet blev iv\u00e6rksat af overs\u00e6ttelsesfirmaet ASAP-translation.com og har til form\u00e5l at \u00f8ge bevidstheden blandt l\u00e6gfolk og fagfolk om begivenheder og nyheder inden for overs\u00e6ttelse og lokalisering samt at fremme de enkelte partnerorganisationers arbejde og resultater. Projektet samler partnerovers\u00e6ttelsesvirksomheder fra hele verden, som gennem det informerer den professionelle og l\u00e6gfolk om deres aktiviteter, succeser, men ogs\u00e5 [&hellip;]<\/p>\n","protected":false},"author":3,"featured_media":0,"parent":0,"menu_order":0,"comment_status":"closed","ping_status":"closed","template":"","meta":{"footnotes":""},"yoast_head":"<!-- This site is optimized with the Yoast SEO Premium plugin v21.4 (Yoast SEO v22.8) - https:\/\/yoast.com\/wordpress\/plugins\/seo\/ -->\n<title>Om projektet Localization.NEWS - Localization.NEWS<\/title>\n<meta name=\"robots\" content=\"index, follow, max-snippet:-1, max-image-preview:large, max-video-preview:-1\" \/>\n<link rel=\"canonical\" href=\"https:\/\/localization.news\/da\/about-project-localization-news\/\" \/>\n<meta property=\"og:locale\" content=\"da_DK\" \/>\n<meta property=\"og:type\" content=\"article\" \/>\n<meta property=\"og:title\" content=\"Om projektet Localization.NEWS\" \/>\n<meta property=\"og:description\" content=\"Localization.NEWS-projektet blev iv\u00e6rksat af overs\u00e6ttelsesfirmaet ASAP-translation.com og har til form\u00e5l at \u00f8ge bevidstheden blandt l\u00e6gfolk og fagfolk om begivenheder og nyheder inden for overs\u00e6ttelse og lokalisering samt at fremme de enkelte partnerorganisationers arbejde og resultater. Projektet samler partnerovers\u00e6ttelsesvirksomheder fra hele verden, som gennem det informerer den professionelle og l\u00e6gfolk om deres aktiviteter, succeser, men ogs\u00e5 [&hellip;]\" \/>\n<meta property=\"og:url\" content=\"https:\/\/localization.news\/da\/about-project-localization-news\/\" \/>\n<meta property=\"og:site_name\" content=\"Localization.NEWS\" \/>\n<meta property=\"article:publisher\" content=\"https:\/\/www.facebook.com\/asaptranslation\/\" \/>\n<meta property=\"article:modified_time\" content=\"2021-08-02T12:22:17+00:00\" \/>\n<meta name=\"twitter:card\" content=\"summary_large_image\" \/>\n<meta name=\"twitter:label1\" content=\"Estimeret l\u00e6setid\" \/>\n\t<meta name=\"twitter:data1\" content=\"1 minut\" \/>\n<script type=\"application\/ld+json\" class=\"yoast-schema-graph\">{\"@context\":\"https:\/\/schema.org\",\"@graph\":[{\"@type\":\"WebPage\",\"@id\":\"https:\/\/localization.news\/da\/about-project-localization-news\/\",\"url\":\"https:\/\/localization.news\/da\/about-project-localization-news\/\",\"name\":\"Om projektet Localization.NEWS - Localization.NEWS\",\"isPartOf\":{\"@id\":\"https:\/\/localization.news\/da\/#website\"},\"datePublished\":\"2021-06-04T09:09:17+00:00\",\"dateModified\":\"2021-08-02T12:22:17+00:00\",\"breadcrumb\":{\"@id\":\"https:\/\/localization.news\/da\/about-project-localization-news\/#breadcrumb\"},\"inLanguage\":\"da-DK\",\"potentialAction\":[{\"@type\":\"ReadAction\",\"target\":[\"https:\/\/localization.news\/da\/about-project-localization-news\/\"]}]},{\"@type\":\"BreadcrumbList\",\"@id\":\"https:\/\/localization.news\/da\/about-project-localization-news\/#breadcrumb\",\"itemListElement\":[{\"@type\":\"ListItem\",\"position\":1,\"name\":\"Home\",\"item\":\"https:\/\/localization.news\/da\/\"},{\"@type\":\"ListItem\",\"position\":2,\"name\":\"Om projektet Localization.NEWS\"}]},{\"@type\":\"WebSite\",\"@id\":\"https:\/\/localization.news\/da\/#website\",\"url\":\"https:\/\/localization.news\/da\/\",\"name\":\"Localization.NEWS\",\"description\":\"Translation and Localization news portal\",\"publisher\":{\"@id\":\"https:\/\/localization.news\/da\/#organization\"},\"potentialAction\":[{\"@type\":\"SearchAction\",\"target\":{\"@type\":\"EntryPoint\",\"urlTemplate\":\"https:\/\/localization.news\/da\/?s={search_term_string}\"},\"query-input\":\"required name=search_term_string\"}],\"inLanguage\":\"da-DK\"},{\"@type\":\"Organization\",\"@id\":\"https:\/\/localization.news\/da\/#organization\",\"name\":\"Localization.NEWS\",\"url\":\"https:\/\/localization.news\/da\/\",\"logo\":{\"@type\":\"ImageObject\",\"inLanguage\":\"da-DK\",\"@id\":\"https:\/\/localization.news\/da\/#\/schema\/logo\/image\/\",\"url\":\"https:\/\/localization.news\/wp-content\/uploads\/2021\/06\/localization_default.jpg\",\"contentUrl\":\"https:\/\/localization.news\/wp-content\/uploads\/2021\/06\/localization_default.jpg\",\"width\":1920,\"height\":1280,\"caption\":\"Localization.NEWS\"},\"image\":{\"@id\":\"https:\/\/localization.news\/da\/#\/schema\/logo\/image\/\"},\"sameAs\":[\"https:\/\/www.facebook.com\/asaptranslation\/\"]}]}<\/script>\n<!-- \/ Yoast SEO Premium plugin. -->","yoast_head_json":{"title":"Om projektet Localization.NEWS - Localization.NEWS","robots":{"index":"index","follow":"follow","max-snippet":"max-snippet:-1","max-image-preview":"max-image-preview:large","max-video-preview":"max-video-preview:-1"},"canonical":"https:\/\/localization.news\/da\/about-project-localization-news\/","og_locale":"da_DK","og_type":"article","og_title":"Om projektet Localization.NEWS","og_description":"Localization.NEWS-projektet blev iv\u00e6rksat af overs\u00e6ttelsesfirmaet ASAP-translation.com og har til form\u00e5l at \u00f8ge bevidstheden blandt l\u00e6gfolk og fagfolk om begivenheder og nyheder inden for overs\u00e6ttelse og lokalisering samt at fremme de enkelte partnerorganisationers arbejde og resultater. Projektet samler partnerovers\u00e6ttelsesvirksomheder fra hele verden, som gennem det informerer den professionelle og l\u00e6gfolk om deres aktiviteter, succeser, men ogs\u00e5 [&hellip;]","og_url":"https:\/\/localization.news\/da\/about-project-localization-news\/","og_site_name":"Localization.NEWS","article_publisher":"https:\/\/www.facebook.com\/asaptranslation\/","article_modified_time":"2021-08-02T12:22:17+00:00","twitter_card":"summary_large_image","twitter_misc":{"Estimeret l\u00e6setid":"1 minut"},"schema":{"@context":"https:\/\/schema.org","@graph":[{"@type":"WebPage","@id":"https:\/\/localization.news\/da\/about-project-localization-news\/","url":"https:\/\/localization.news\/da\/about-project-localization-news\/","name":"Om projektet Localization.NEWS - Localization.NEWS","isPartOf":{"@id":"https:\/\/localization.news\/da\/#website"},"datePublished":"2021-06-04T09:09:17+00:00","dateModified":"2021-08-02T12:22:17+00:00","breadcrumb":{"@id":"https:\/\/localization.news\/da\/about-project-localization-news\/#breadcrumb"},"inLanguage":"da-DK","potentialAction":[{"@type":"ReadAction","target":["https:\/\/localization.news\/da\/about-project-localization-news\/"]}]},{"@type":"BreadcrumbList","@id":"https:\/\/localization.news\/da\/about-project-localization-news\/#breadcrumb","itemListElement":[{"@type":"ListItem","position":1,"name":"Home","item":"https:\/\/localization.news\/da\/"},{"@type":"ListItem","position":2,"name":"Om projektet Localization.NEWS"}]},{"@type":"WebSite","@id":"https:\/\/localization.news\/da\/#website","url":"https:\/\/localization.news\/da\/","name":"Localization.NEWS","description":"Translation and Localization news portal","publisher":{"@id":"https:\/\/localization.news\/da\/#organization"},"potentialAction":[{"@type":"SearchAction","target":{"@type":"EntryPoint","urlTemplate":"https:\/\/localization.news\/da\/?s={search_term_string}"},"query-input":"required name=search_term_string"}],"inLanguage":"da-DK"},{"@type":"Organization","@id":"https:\/\/localization.news\/da\/#organization","name":"Localization.NEWS","url":"https:\/\/localization.news\/da\/","logo":{"@type":"ImageObject","inLanguage":"da-DK","@id":"https:\/\/localization.news\/da\/#\/schema\/logo\/image\/","url":"https:\/\/localization.news\/wp-content\/uploads\/2021\/06\/localization_default.jpg","contentUrl":"https:\/\/localization.news\/wp-content\/uploads\/2021\/06\/localization_default.jpg","width":1920,"height":1280,"caption":"Localization.NEWS"},"image":{"@id":"https:\/\/localization.news\/da\/#\/schema\/logo\/image\/"},"sameAs":["https:\/\/www.facebook.com\/asaptranslation\/"]}]}},"publishpress_future_action":{"enabled":false,"date":"1970-01-01 00:00:00","action":"","terms":[],"taxonomy":"","browser_timezone_offset":0},"_links":{"self":[{"href":"https:\/\/localization.news\/da\/wp-json\/wp\/v2\/pages\/2867"}],"collection":[{"href":"https:\/\/localization.news\/da\/wp-json\/wp\/v2\/pages"}],"about":[{"href":"https:\/\/localization.news\/da\/wp-json\/wp\/v2\/types\/page"}],"author":[{"embeddable":true,"href":"https:\/\/localization.news\/da\/wp-json\/wp\/v2\/users\/3"}],"replies":[{"embeddable":true,"href":"https:\/\/localization.news\/da\/wp-json\/wp\/v2\/comments?post=2867"}],"version-history":[{"count":2,"href":"https:\/\/localization.news\/da\/wp-json\/wp\/v2\/pages\/2867\/revisions"}],"predecessor-version":[{"id":2888,"href":"https:\/\/localization.news\/da\/wp-json\/wp\/v2\/pages\/2867\/revisions\/2888"}],"wp:attachment":[{"href":"https:\/\/localization.news\/da\/wp-json\/wp\/v2\/media?parent=2867"}],"curies":[{"name":"wp","href":"https:\/\/api.w.org\/{rel}","templated":true}]}}