{"id":2870,"date":"2021-05-18T14:02:04","date_gmt":"2021-05-18T14:02:04","guid":{"rendered":"https:\/\/localization.news\/?page_id=2870"},"modified":"2023-03-23T10:09:40","modified_gmt":"2023-03-23T10:09:40","slug":"legal-notice-and-privacy-policy","status":"publish","type":"page","link":"https:\/\/localization.news\/da\/legal-notice-and-privacy-policy\/","title":{"rendered":"Juridisk meddelelse og privatlivspolitik"},"content":{"rendered":"\n<h2 class=\"wp-block-heading\">Hvem vi er<\/h2>\n\n\n\n<p>Vores webadresse er: https:\/\/localization.news. Portalen ejes og administreres af <a href=\"https:\/\/asap-translation.com\" data-type=\"URL\" data-id=\"https:\/\/asap-translation.com\" target=\"_blank\" rel=\"noreferrer noopener\">ASAP-translation.com, s.r.o<\/a>.<\/p>\n\n\n\n<h2 class=\"wp-block-heading\">Privatliv<\/h2>\n\n\n\n<p>Lokaliseringen. NEWS-portalens udbyder (ASAP-translation.com, s.r.o.) er forpligtet til at beskytte brugernes privatliv. Alle personlige oplysninger, som du giver os, herunder og lignende dit navn, adresse, telefonnummer og e-mailadresse, vil ikke blive frigivet, solgt eller udlejet til nogen enheder eller personer uden for ASAP-translation.com, s.r.o.<\/p>\n\n\n\n<h2 class=\"wp-block-heading\">Ansvarsfraskrivelse for overs\u00e6ttelse<\/h2>\n\n\n\n<p>Som en bekvemmelighed kan dette websted konvertere originale tekster til et andet sprog ved hj\u00e6lp af en tredjeparts maskinovers\u00e6ttelsesmotor, der leverer en automatisk overs\u00e6ttelse af indholdet. V\u00e6rkt\u00f8jerne er ikke perfekte, og der tages muligvis ikke hensyn til tekstens kontekst under overs\u00e6ttelsen. Som f\u00f8lge heraf kan overs\u00e6ttelsen miste noget af den tilsigtede betydning. Visse elementer p\u00e5 webstedet, herunder billeder med tekst, videoer med undertekster, PDF-dokumenter eller kort, er muligvis ikke oversat, og visse funktioner p\u00e5 webstedet fungerer muligvis ikke i de oversatte versioner.<\/p>\n\n\n\n<p>ASAP-translation.com, s.r.o. kan ikke garantere n\u00f8jagtigheden af den konverterede tekst. Hvis der er tvivl, er den originale version altid den autoritative version af dette websted.<\/p>\n\n\n\n<h2 class=\"wp-block-heading\">Kommentarer<\/h2>\n\n\n\n<p><strong class=\"privacy-policy-tutorial\"><\/strong>N\u00e5r bes\u00f8gende efterlader kommentarer p\u00e5 webstedet, indsamler vi de data, der vises i kommentarformularen, og ogs\u00e5 den bes\u00f8gendes IP-adresse og browserens brugeragentstreng for at hj\u00e6lpe med at opdage spam.<\/p>\n\n\n\n<p>En anonymiseret streng oprettet ud fra din e-mail-adresse (ogs\u00e5 kaldet en hash) kan blive leveret til Gravatar-tjenesten for at se, om du bruger den. Gravatar-tjenestens politik om beskyttelse af personlige oplysninger findes her: https:\/\/automattic.com\/privacy\/. N\u00e5r din kommentar er godkendt, er dit profilbillede synligt for offentligheden i forbindelse med din kommentar.<\/p>\n\n\n\n<h2 class=\"wp-block-heading\">Medier<\/h2>\n\n\n\n<p><strong class=\"privacy-policy-tutorial\"><\/strong>Hvis du uploader billeder til webstedet, b\u00f8r du undg\u00e5 at uploade billeder med indlejrede lokaliseringsdata (EXIF GPS). Bes\u00f8gende p\u00e5 webstedet kan downloade og udtr\u00e6kke alle lokaliseringsdata fra billeder p\u00e5 webstedet.<\/p>\n\n\n\n<h2 class=\"wp-block-heading\">Cookies<\/h2>\n\n\n\n<p>En &#8220;cookie&#8221; er en lille datatekstfil, der placeres i din browser og g\u00f8r det muligt for ASAP-translation.com, s.r.o. at genkende dig, hver gang du bes\u00f8ger dette websted (tilpasning osv.). Cookies i sig selv indeholder ingen personlige oplysninger, og ASAP-translation.com, s.r.o. bruger ikke cookies til at indsamle personlige oplysninger <\/p>\n\n\n\n<p>Hvis du efterlader en kommentar p\u00e5 vores websted, kan du v\u00e6lge at gemme dit navn, din e-mail-adresse og dit websted i cookies. Disse er til din bekvemmelighed, s\u00e5 du ikke beh\u00f8ver at udfylde dine oplysninger igen, n\u00e5r du efterlader en ny kommentar. Disse cookies vil vare i et \u00e5r.<\/p>\n\n\n\n<p>Hvis du bes\u00f8ger vores loginside, s\u00e6tter vi en midlertidig cookie for at fastsl\u00e5, om din browser accepterer cookies. Denne cookie indeholder ingen personlige data og kasseres, n\u00e5r du lukker din browser.<\/p>\n\n\n\n<p>N\u00e5r du logger ind, opretter vi ogs\u00e5 flere cookies for at gemme dine loginoplysninger og dine valg af sk\u00e6rmvisning. Login-cookies holder i to dage, og cookies til sk\u00e6rmindstillinger holder i et \u00e5r. Hvis du v\u00e6lger &#8220;Husk mig&#8221;, vil dit login blive bevaret i to uger. Hvis du logger ud af din konto, vil login-cookies blive fjernet.<\/p>\n\n\n\n<p>Hvis du redigerer eller offentligg\u00f8r en artikel, gemmes der yderligere en cookie i din browser. Denne cookie indeholder ingen personlige data og angiver blot indl\u00e6gs-id&#8217;et for den artikel, du netop har redigeret. Den udl\u00f8ber efter 1 dag.<\/p>\n\n\n\n<h2 class=\"wp-block-heading\"><strong>Ansvarsfraskrivelse for eksterne links<\/strong><\/h2>\n\n\n\n<p>Localization.NEWS-webstedet kan indeholde &#8220;eksterne links&#8221; til websteder p\u00e5 andre dom\u00e6ner end Localization.NEWS, som muligvis ikke ejes eller finansieres af ASAP-translation.com, s.r.o., som ASAP-translation.com, s.r.o. ikke har nogen kontrol over, og som ASAP-translation.com, s.r.o. ikke p\u00e5tager sig noget ansvar for. N\u00e5r bes\u00f8gende p\u00e5 Localization.NEWS&#8217; websteder v\u00e6lger at f\u00f8lge et link til et eksternt websted, er de underlagt det eksterne webstedets cookie-, fortroligheds- og juridiske politikker.<\/p>\n\n\n\n<p>Overholdelse af g\u00e6ldende krav til databeskyttelse og tilg\u00e6ngelighed p\u00e5 eksterne websteder, der er linket til Localization.NEWS, falder uden for ASAP-translation.com, s.r.o.&#8217;s kontrol og er det eksterne webstedets udtrykkelige ansvar.<\/p>\n\n\n\n<h2 class=\"wp-block-heading\">Indlejret indhold fra andre websteder<\/h2>\n\n\n\n<p><strong class=\"privacy-policy-tutorial\"><\/strong>Artikler p\u00e5 dette websted kan indeholde indlejret indhold (f.eks. videoer, billeder, artikler osv.). Indlejret indhold fra andre websteder opf\u00f8rer sig p\u00e5 n\u00f8jagtig samme m\u00e5de, som hvis den bes\u00f8gende har bes\u00f8gt det andet websted.<\/p>\n\n\n\n<p>Disse websteder kan indsamle data om dig, bruge cookies, indlejre yderligere sporing fra tredjeparter og overv\u00e5ge din interaktion med det indlejrede indhold, herunder spore din interaktion med det indlejrede indhold, hvis du har en konto og er logget ind p\u00e5 det p\u00e5g\u00e6ldende websted.<\/p>\n\n\n\n<h2 class=\"wp-block-heading\">Hvem vi deler dine data med<\/h2>\n\n\n\n<p><strong class=\"privacy-policy-tutorial\"> <\/strong>Hvis du anmoder om en nulstilling af din adgangskode, vil din IP-adresse blive inkluderet i e-mailen om nulstilling.<\/p>\n\n\n\n<h2 class=\"wp-block-heading\">Hvor l\u00e6nge vi opbevarer dine data<\/h2>\n\n\n\n<p>Hvis du efterlader en kommentar, opbevares kommentaren og dens metadata p\u00e5 ubestemt tid. Det er for at vi kan genkende og godkende eventuelle opf\u00f8lgende kommentarer automatisk i stedet for at holde dem i en moderationsk\u00f8.<\/p>\n\n\n\n<p>For brugere, der registrerer sig p\u00e5 vores websted (hvis der er nogen), gemmer vi ogs\u00e5 de personlige oplysninger, som de opgiver i deres brugerprofil. Alle brugere kan til enhver tid se, redigere eller slette deres personlige oplysninger (bortset fra at de ikke kan \u00e6ndre deres brugernavn). Webstedsadministratorer kan ogs\u00e5 se og redigere disse oplysninger.<\/p>\n\n\n\n<h2 class=\"wp-block-heading\">Hvilke rettigheder du har over dine data<\/h2>\n\n\n\n<p>Hvis du har en konto p\u00e5 dette websted eller har afgivet kommentarer, kan du anmode om at modtage en eksporteret fil med de personoplysninger, vi har om dig, herunder alle de oplysninger, du har givet os. Du kan ogs\u00e5 anmode om, at vi sletter alle personoplysninger, som vi har om dig. Dette omfatter ikke data, som vi er forpligtet til at opbevare af administrative, juridiske eller sikkerhedsm\u00e6ssige \u00e5rsager.<\/p>\n\n\n\n<h2 class=\"wp-block-heading\">Hvor vi sender dine data hen<\/h2>\n\n\n\n<p><strong class=\"privacy-policy-tutorial\"><\/strong>Bes\u00f8gende kommentarer kan blive kontrolleret gennem en automatiseret spamdetektionstjeneste.<\/p>\n\n\n\n<h2 class=\"wp-block-heading\"><strong>Husk p\u00e5 risiciene, n\u00e5r du bruger internettet<\/strong><\/h2>\n\n\n\n<p>Selv om vi g\u00f8r vores bedste for at beskytte dine personlige oplysninger, kan vi ikke garantere sikkerheden af alle oplysninger, som du sender til ASAP-translation.com, s.r.o., og du er alene ansvarlig for at opretholde hemmeligholdelsen af eventuelle adgangskoder eller andre kontooplysninger.<\/p>\n","protected":false},"excerpt":{"rendered":"<p>Hvem vi er Vores webadresse er: https:\/\/localization.news. Portalen ejes og administreres af ASAP-translation.com, s.r.o. Privatliv Lokaliseringen. NEWS-portalens udbyder (ASAP-translation.com, s.r.o.) er forpligtet til at beskytte brugernes privatliv. Alle personlige oplysninger, som du giver os, herunder og lignende dit navn, adresse, telefonnummer og e-mailadresse, vil ikke blive frigivet, solgt eller udlejet til nogen enheder eller personer [&hellip;]<\/p>\n","protected":false},"author":3,"featured_media":0,"parent":0,"menu_order":0,"comment_status":"closed","ping_status":"closed","template":"","meta":{"footnotes":""},"yoast_head":"<!-- This site is optimized with the Yoast SEO Premium plugin v21.4 (Yoast SEO v22.8) - https:\/\/yoast.com\/wordpress\/plugins\/seo\/ -->\n<title>Juridisk meddelelse og privatlivspolitik - Localization.NEWS<\/title>\n<meta name=\"description\" content=\"L\u00e6s mere om juridisk meddelelse og privatlivspolitik p\u00e5 vores hjemmeside Localization.NEWS! Portalen ejes af ASAP-translation.com, s.r.o.\" \/>\n<meta name=\"robots\" content=\"index, follow, max-snippet:-1, max-image-preview:large, max-video-preview:-1\" \/>\n<link rel=\"canonical\" href=\"https:\/\/localization.news\/da\/legal-notice-and-privacy-policy\/\" \/>\n<meta property=\"og:locale\" content=\"da_DK\" \/>\n<meta property=\"og:type\" content=\"article\" \/>\n<meta property=\"og:title\" content=\"Juridisk meddelelse og privatlivspolitik\" \/>\n<meta property=\"og:description\" content=\"L\u00e6s mere om juridisk meddelelse og privatlivspolitik p\u00e5 vores hjemmeside Localization.NEWS! Portalen ejes af ASAP-translation.com, s.r.o.\" \/>\n<meta property=\"og:url\" content=\"https:\/\/localization.news\/da\/legal-notice-and-privacy-policy\/\" \/>\n<meta property=\"og:site_name\" content=\"Localization.NEWS\" \/>\n<meta property=\"article:publisher\" content=\"https:\/\/www.facebook.com\/asaptranslation\/\" \/>\n<meta property=\"article:modified_time\" content=\"2023-03-23T10:09:40+00:00\" \/>\n<meta name=\"twitter:card\" content=\"summary_large_image\" \/>\n<meta name=\"twitter:label1\" content=\"Estimeret l\u00e6setid\" \/>\n\t<meta name=\"twitter:data1\" content=\"5 minutter\" \/>\n<script type=\"application\/ld+json\" class=\"yoast-schema-graph\">{\"@context\":\"https:\/\/schema.org\",\"@graph\":[{\"@type\":\"WebPage\",\"@id\":\"https:\/\/localization.news\/da\/legal-notice-and-privacy-policy\/\",\"url\":\"https:\/\/localization.news\/da\/legal-notice-and-privacy-policy\/\",\"name\":\"Juridisk meddelelse og privatlivspolitik - Localization.NEWS\",\"isPartOf\":{\"@id\":\"https:\/\/localization.news\/da\/#website\"},\"datePublished\":\"2021-05-18T14:02:04+00:00\",\"dateModified\":\"2023-03-23T10:09:40+00:00\",\"description\":\"L\u00e6s mere om juridisk meddelelse og privatlivspolitik p\u00e5 vores hjemmeside Localization.NEWS! Portalen ejes af ASAP-translation.com, s.r.o.\",\"breadcrumb\":{\"@id\":\"https:\/\/localization.news\/da\/legal-notice-and-privacy-policy\/#breadcrumb\"},\"inLanguage\":\"da-DK\",\"potentialAction\":[{\"@type\":\"ReadAction\",\"target\":[\"https:\/\/localization.news\/da\/legal-notice-and-privacy-policy\/\"]}]},{\"@type\":\"BreadcrumbList\",\"@id\":\"https:\/\/localization.news\/da\/legal-notice-and-privacy-policy\/#breadcrumb\",\"itemListElement\":[{\"@type\":\"ListItem\",\"position\":1,\"name\":\"Home\",\"item\":\"https:\/\/localization.news\/da\/\"},{\"@type\":\"ListItem\",\"position\":2,\"name\":\"Juridisk meddelelse og privatlivspolitik\"}]},{\"@type\":\"WebSite\",\"@id\":\"https:\/\/localization.news\/da\/#website\",\"url\":\"https:\/\/localization.news\/da\/\",\"name\":\"Localization.NEWS\",\"description\":\"Translation and Localization news portal\",\"publisher\":{\"@id\":\"https:\/\/localization.news\/da\/#organization\"},\"potentialAction\":[{\"@type\":\"SearchAction\",\"target\":{\"@type\":\"EntryPoint\",\"urlTemplate\":\"https:\/\/localization.news\/da\/?s={search_term_string}\"},\"query-input\":\"required name=search_term_string\"}],\"inLanguage\":\"da-DK\"},{\"@type\":\"Organization\",\"@id\":\"https:\/\/localization.news\/da\/#organization\",\"name\":\"Localization.NEWS\",\"url\":\"https:\/\/localization.news\/da\/\",\"logo\":{\"@type\":\"ImageObject\",\"inLanguage\":\"da-DK\",\"@id\":\"https:\/\/localization.news\/da\/#\/schema\/logo\/image\/\",\"url\":\"https:\/\/localization.news\/wp-content\/uploads\/2021\/06\/localization_default.jpg\",\"contentUrl\":\"https:\/\/localization.news\/wp-content\/uploads\/2021\/06\/localization_default.jpg\",\"width\":1920,\"height\":1280,\"caption\":\"Localization.NEWS\"},\"image\":{\"@id\":\"https:\/\/localization.news\/da\/#\/schema\/logo\/image\/\"},\"sameAs\":[\"https:\/\/www.facebook.com\/asaptranslation\/\"]}]}<\/script>\n<!-- \/ Yoast SEO Premium plugin. -->","yoast_head_json":{"title":"Juridisk meddelelse og privatlivspolitik - Localization.NEWS","description":"L\u00e6s mere om juridisk meddelelse og privatlivspolitik p\u00e5 vores hjemmeside Localization.NEWS! Portalen ejes af ASAP-translation.com, s.r.o.","robots":{"index":"index","follow":"follow","max-snippet":"max-snippet:-1","max-image-preview":"max-image-preview:large","max-video-preview":"max-video-preview:-1"},"canonical":"https:\/\/localization.news\/da\/legal-notice-and-privacy-policy\/","og_locale":"da_DK","og_type":"article","og_title":"Juridisk meddelelse og privatlivspolitik","og_description":"L\u00e6s mere om juridisk meddelelse og privatlivspolitik p\u00e5 vores hjemmeside Localization.NEWS! Portalen ejes af ASAP-translation.com, s.r.o.","og_url":"https:\/\/localization.news\/da\/legal-notice-and-privacy-policy\/","og_site_name":"Localization.NEWS","article_publisher":"https:\/\/www.facebook.com\/asaptranslation\/","article_modified_time":"2023-03-23T10:09:40+00:00","twitter_card":"summary_large_image","twitter_misc":{"Estimeret l\u00e6setid":"5 minutter"},"schema":{"@context":"https:\/\/schema.org","@graph":[{"@type":"WebPage","@id":"https:\/\/localization.news\/da\/legal-notice-and-privacy-policy\/","url":"https:\/\/localization.news\/da\/legal-notice-and-privacy-policy\/","name":"Juridisk meddelelse og privatlivspolitik - Localization.NEWS","isPartOf":{"@id":"https:\/\/localization.news\/da\/#website"},"datePublished":"2021-05-18T14:02:04+00:00","dateModified":"2023-03-23T10:09:40+00:00","description":"L\u00e6s mere om juridisk meddelelse og privatlivspolitik p\u00e5 vores hjemmeside Localization.NEWS! Portalen ejes af ASAP-translation.com, s.r.o.","breadcrumb":{"@id":"https:\/\/localization.news\/da\/legal-notice-and-privacy-policy\/#breadcrumb"},"inLanguage":"da-DK","potentialAction":[{"@type":"ReadAction","target":["https:\/\/localization.news\/da\/legal-notice-and-privacy-policy\/"]}]},{"@type":"BreadcrumbList","@id":"https:\/\/localization.news\/da\/legal-notice-and-privacy-policy\/#breadcrumb","itemListElement":[{"@type":"ListItem","position":1,"name":"Home","item":"https:\/\/localization.news\/da\/"},{"@type":"ListItem","position":2,"name":"Juridisk meddelelse og privatlivspolitik"}]},{"@type":"WebSite","@id":"https:\/\/localization.news\/da\/#website","url":"https:\/\/localization.news\/da\/","name":"Localization.NEWS","description":"Translation and Localization news portal","publisher":{"@id":"https:\/\/localization.news\/da\/#organization"},"potentialAction":[{"@type":"SearchAction","target":{"@type":"EntryPoint","urlTemplate":"https:\/\/localization.news\/da\/?s={search_term_string}"},"query-input":"required name=search_term_string"}],"inLanguage":"da-DK"},{"@type":"Organization","@id":"https:\/\/localization.news\/da\/#organization","name":"Localization.NEWS","url":"https:\/\/localization.news\/da\/","logo":{"@type":"ImageObject","inLanguage":"da-DK","@id":"https:\/\/localization.news\/da\/#\/schema\/logo\/image\/","url":"https:\/\/localization.news\/wp-content\/uploads\/2021\/06\/localization_default.jpg","contentUrl":"https:\/\/localization.news\/wp-content\/uploads\/2021\/06\/localization_default.jpg","width":1920,"height":1280,"caption":"Localization.NEWS"},"image":{"@id":"https:\/\/localization.news\/da\/#\/schema\/logo\/image\/"},"sameAs":["https:\/\/www.facebook.com\/asaptranslation\/"]}]}},"publishpress_future_action":{"enabled":false,"date":"1970-01-01 00:00:00","action":"","terms":[],"taxonomy":"","browser_timezone_offset":0},"_links":{"self":[{"href":"https:\/\/localization.news\/da\/wp-json\/wp\/v2\/pages\/2870"}],"collection":[{"href":"https:\/\/localization.news\/da\/wp-json\/wp\/v2\/pages"}],"about":[{"href":"https:\/\/localization.news\/da\/wp-json\/wp\/v2\/types\/page"}],"author":[{"embeddable":true,"href":"https:\/\/localization.news\/da\/wp-json\/wp\/v2\/users\/3"}],"replies":[{"embeddable":true,"href":"https:\/\/localization.news\/da\/wp-json\/wp\/v2\/comments?post=2870"}],"version-history":[{"count":2,"href":"https:\/\/localization.news\/da\/wp-json\/wp\/v2\/pages\/2870\/revisions"}],"predecessor-version":[{"id":2881,"href":"https:\/\/localization.news\/da\/wp-json\/wp\/v2\/pages\/2870\/revisions\/2881"}],"wp:attachment":[{"href":"https:\/\/localization.news\/da\/wp-json\/wp\/v2\/media?parent=2870"}],"curies":[{"name":"wp","href":"https:\/\/api.w.org\/{rel}","templated":true}]}}