{"id":4767,"date":"2022-03-07T14:29:14","date_gmt":"2022-03-07T14:29:14","guid":{"rendered":"https:\/\/localization.news\/automatiseret-oversaettelse-ansvarsfraskrivelse\/"},"modified":"2022-03-09T09:15:19","modified_gmt":"2022-03-09T09:15:19","slug":"automatiseret-oversaettelse-ansvarsfraskrivelse","status":"publish","type":"page","link":"https:\/\/localization.news\/da\/automatiseret-oversaettelse-ansvarsfraskrivelse\/","title":{"rendered":"Ansvarsfraskrivelse for automatiseret overs\u00e6ttelse"},"content":{"rendered":"\n<ul><li><a href=\"#machine-translation-disclaimer\">Ansvarsfraskrivelse for maskinovers\u00e6ttelse<\/a><\/li><li><a href=\"#post-edited-machine-translation-disclaimer\">Ansvarsfraskrivelse for efterredigeret maskinovers\u00e6ttelse (MTPE)<\/a><\/li><\/ul>\n\n\n\n<hr class=\"wp-block-separator\"\/>\n\n\n\n<h2 class=\"wp-block-heading\" id=\"machine-translation-disclaimer\">Ansvarsfraskrivelse for maskinovers\u00e6ttelse<\/h2>\n\n\n\n<p>Denne overs\u00e6ttelse er genereret af et fuldautomatisk <a href=\"https:\/\/en.wikipedia.org\/wiki\/Machine_translation\" target=\"_blank\" rel=\"noreferrer noopener\">maskinovers\u00e6ttelsesv\u00e6rkt\u00f8j<\/a> for at give dig en grundl\u00e6ggende id\u00e9 om indholdet p\u00e5 et sprog, du forst\u00e5r.  Der er ingen menneskelig indgriben, og leverand\u00f8ren garanterer hverken for n\u00f8jagtigheden eller p\u00e5tager sig ansvar for mulige fejl. <\/p>\n\n\n\n<p><em><a href=\"https:\/\/localization.news\/da\/legal-notice-and-privacy-policy\/\">Se ogs\u00e5 den juridiske meddelelse.<\/a><\/em><\/p>\n\n\n\n<hr class=\"wp-block-separator\"\/>\n\n\n\n<figure class=\"wp-block-image size-full\"><img loading=\"lazy\" decoding=\"async\" width=\"253\" height=\"200\" src=\"https:\/\/localization.news\/wp-content\/uploads\/2022\/03\/machine-translation-disclaimer.jpg\" alt=\"Ansvarsfraskrivelse for maskinovers\u00e6ttelse\" class=\"wp-image-4753\"\/><figcaption>Ansvarsfraskrivelse for maskinovers\u00e6ttelse<\/figcaption><\/figure>\n\n\n\n<h2 class=\"wp-block-heading\" id=\"post-edited-machine-translation-disclaimer\">Ansvarsfraskrivelse for efterredigeret maskinovers\u00e6ttelse (MTPE)<\/h2>\n\n\n\n<p>Denne overs\u00e6ttelse er genereret af et <a href=\"https:\/\/en.wikipedia.org\/wiki\/Machine_translation\" target=\"_blank\" rel=\"noreferrer noopener\">maskinovers\u00e6ttelsesv\u00e6rkt\u00f8j og<\/a> er blevet kontrolleret og redigeret af en menneskelig overs\u00e6tter for at fjerne kritiske fejl.  Selvom der har v\u00e6ret menneskelig indgriben, er selve teksten maskinoversat og b\u00f8r aldrig bruges til form\u00e5l, der derved kan resultere i eller kan f\u00f8re til skader, kv\u00e6stelser eller \u00f8konomiske tab. Leverand\u00f8ren p\u00e5tager sig intet ansvar for en overs\u00e6ttelse anvendt p\u00e5 en s\u00e5dan m\u00e5de.<\/p>\n\n\n\n<hr class=\"wp-block-separator\"\/>\n\n\n\n<p><em><a href=\"https:\/\/localization.news\/da\/legal-notice-and-privacy-policy\/\">Se ogs\u00e5 den juridiske meddelelse.<\/a><\/em><\/p>\n\n\n\n<p><em>Hvis du har sp\u00f8rgsm\u00e5l om n\u00f8jagtigheden af oplysningerne i den oversatte version af hjemmesiden, henvises til den officielle version (bulgarsk, kroatisk, tjekkisk, dansk, hollandsk, engelsk, estisk, finsk, fransk, tysk, gr\u00e6sk, ungarsk, irsk, italiensk, lettisk, litauisk, maltesisk, polsk, portugisisk, rum\u00e6nsk, slovakisk, slovensk, spansk, svensk) af teksten eller brug af professionelle overs\u00e6ttelsestjenester.<\/em><\/p>\n\n\n\n<p><em>Hvis du \u00f8nsker flere oplysninger om maskinovers\u00e6ttelser eller efterredigering af maskinovers\u00e6ttelse, er du <a href=\"https:\/\/asap-translation.com\/\" target=\"_blank\" rel=\"noreferrer noopener\">velkommen til at kontakte ASAP-translation.com overs\u00e6ttelsesfirma<\/a>.<\/em><\/p>\n","protected":false},"excerpt":{"rendered":"<p>Ansvarsfraskrivelse for maskinovers\u00e6ttelse Ansvarsfraskrivelse for efterredigeret maskinovers\u00e6ttelse (MTPE) Ansvarsfraskrivelse for maskinovers\u00e6ttelse Denne overs\u00e6ttelse er genereret af et fuldautomatisk maskinovers\u00e6ttelsesv\u00e6rkt\u00f8j for at give dig en grundl\u00e6ggende id\u00e9 om indholdet p\u00e5 et sprog, du forst\u00e5r. Der er ingen menneskelig indgriben, og leverand\u00f8ren garanterer hverken for n\u00f8jagtigheden eller p\u00e5tager sig ansvar for mulige fejl. Se ogs\u00e5 den juridiske [&hellip;]<\/p>\n","protected":false},"author":1,"featured_media":4751,"parent":0,"menu_order":0,"comment_status":"closed","ping_status":"closed","template":"","meta":{"footnotes":""},"yoast_head":"<!-- This site is optimized with the Yoast SEO Premium plugin v21.4 (Yoast SEO v22.8) - https:\/\/yoast.com\/wordpress\/plugins\/seo\/ -->\n<title>Ansvarsfraskrivelse for automatiseret overs\u00e6ttelse - Localization.NEWS<\/title>\n<meta name=\"description\" content=\"Ansvarsfraskrivelse for automatiseret overs\u00e6ttelse begr\u00e6nser ansvaret for brugen af et automatiseret maskinovers\u00e6ttelsesv\u00e6rkt\u00f8j, der anvendes til at overs\u00e6tte artiklen.\" \/>\n<meta name=\"robots\" content=\"index, follow, max-snippet:-1, max-image-preview:large, max-video-preview:-1\" \/>\n<link rel=\"canonical\" href=\"https:\/\/localization.news\/da\/automatiseret-oversaettelse-ansvarsfraskrivelse\/\" \/>\n<meta property=\"og:locale\" content=\"da_DK\" \/>\n<meta property=\"og:type\" content=\"article\" \/>\n<meta property=\"og:title\" content=\"Ansvarsfraskrivelse for automatiseret overs\u00e6ttelse\" \/>\n<meta property=\"og:description\" content=\"Ansvarsfraskrivelse for automatiseret overs\u00e6ttelse begr\u00e6nser ansvaret for brugen af et automatiseret maskinovers\u00e6ttelsesv\u00e6rkt\u00f8j, der anvendes til at overs\u00e6tte artiklen.\" \/>\n<meta property=\"og:url\" content=\"https:\/\/localization.news\/da\/automatiseret-oversaettelse-ansvarsfraskrivelse\/\" \/>\n<meta property=\"og:site_name\" content=\"Localization.NEWS\" \/>\n<meta property=\"article:publisher\" content=\"https:\/\/www.facebook.com\/asaptranslation\/\" \/>\n<meta property=\"article:modified_time\" content=\"2022-03-09T09:15:19+00:00\" \/>\n<meta property=\"og:image\" content=\"https:\/\/localization.news\/wp-content\/uploads\/2022\/03\/machine-translation-disclaimer.jpg\" \/>\n\t<meta property=\"og:image:width\" content=\"253\" \/>\n\t<meta property=\"og:image:height\" content=\"200\" \/>\n\t<meta property=\"og:image:type\" content=\"image\/jpeg\" \/>\n<meta name=\"twitter:card\" content=\"summary_large_image\" \/>\n<meta name=\"twitter:label1\" content=\"Estimeret l\u00e6setid\" \/>\n\t<meta name=\"twitter:data1\" content=\"1 minut\" \/>\n<script type=\"application\/ld+json\" class=\"yoast-schema-graph\">{\"@context\":\"https:\/\/schema.org\",\"@graph\":[{\"@type\":\"WebPage\",\"@id\":\"https:\/\/localization.news\/da\/automatiseret-oversaettelse-ansvarsfraskrivelse\/\",\"url\":\"https:\/\/localization.news\/da\/automatiseret-oversaettelse-ansvarsfraskrivelse\/\",\"name\":\"Ansvarsfraskrivelse for automatiseret overs\u00e6ttelse - Localization.NEWS\",\"isPartOf\":{\"@id\":\"https:\/\/localization.news\/da\/#website\"},\"primaryImageOfPage\":{\"@id\":\"https:\/\/localization.news\/da\/automatiseret-oversaettelse-ansvarsfraskrivelse\/#primaryimage\"},\"image\":{\"@id\":\"https:\/\/localization.news\/da\/automatiseret-oversaettelse-ansvarsfraskrivelse\/#primaryimage\"},\"thumbnailUrl\":\"https:\/\/localization.news\/wp-content\/uploads\/2022\/03\/machine-translation-disclaimer.jpg\",\"datePublished\":\"2022-03-07T14:29:14+00:00\",\"dateModified\":\"2022-03-09T09:15:19+00:00\",\"description\":\"Ansvarsfraskrivelse for automatiseret overs\u00e6ttelse begr\u00e6nser ansvaret for brugen af et automatiseret maskinovers\u00e6ttelsesv\u00e6rkt\u00f8j, der anvendes til at overs\u00e6tte artiklen.\",\"breadcrumb\":{\"@id\":\"https:\/\/localization.news\/da\/automatiseret-oversaettelse-ansvarsfraskrivelse\/#breadcrumb\"},\"inLanguage\":\"da-DK\",\"potentialAction\":[{\"@type\":\"ReadAction\",\"target\":[\"https:\/\/localization.news\/da\/automatiseret-oversaettelse-ansvarsfraskrivelse\/\"]}]},{\"@type\":\"ImageObject\",\"inLanguage\":\"da-DK\",\"@id\":\"https:\/\/localization.news\/da\/automatiseret-oversaettelse-ansvarsfraskrivelse\/#primaryimage\",\"url\":\"https:\/\/localization.news\/wp-content\/uploads\/2022\/03\/machine-translation-disclaimer.jpg\",\"contentUrl\":\"https:\/\/localization.news\/wp-content\/uploads\/2022\/03\/machine-translation-disclaimer.jpg\",\"width\":253,\"height\":200,\"caption\":\"Machine translation disclaimer\"},{\"@type\":\"BreadcrumbList\",\"@id\":\"https:\/\/localization.news\/da\/automatiseret-oversaettelse-ansvarsfraskrivelse\/#breadcrumb\",\"itemListElement\":[{\"@type\":\"ListItem\",\"position\":1,\"name\":\"Home\",\"item\":\"https:\/\/localization.news\/da\/\"},{\"@type\":\"ListItem\",\"position\":2,\"name\":\"Ansvarsfraskrivelse for automatiseret overs\u00e6ttelse\"}]},{\"@type\":\"WebSite\",\"@id\":\"https:\/\/localization.news\/da\/#website\",\"url\":\"https:\/\/localization.news\/da\/\",\"name\":\"Localization.NEWS\",\"description\":\"Translation and Localization news portal\",\"publisher\":{\"@id\":\"https:\/\/localization.news\/da\/#organization\"},\"potentialAction\":[{\"@type\":\"SearchAction\",\"target\":{\"@type\":\"EntryPoint\",\"urlTemplate\":\"https:\/\/localization.news\/da\/?s={search_term_string}\"},\"query-input\":\"required name=search_term_string\"}],\"inLanguage\":\"da-DK\"},{\"@type\":\"Organization\",\"@id\":\"https:\/\/localization.news\/da\/#organization\",\"name\":\"Localization.NEWS\",\"url\":\"https:\/\/localization.news\/da\/\",\"logo\":{\"@type\":\"ImageObject\",\"inLanguage\":\"da-DK\",\"@id\":\"https:\/\/localization.news\/da\/#\/schema\/logo\/image\/\",\"url\":\"https:\/\/localization.news\/wp-content\/uploads\/2021\/06\/localization_default.jpg\",\"contentUrl\":\"https:\/\/localization.news\/wp-content\/uploads\/2021\/06\/localization_default.jpg\",\"width\":1920,\"height\":1280,\"caption\":\"Localization.NEWS\"},\"image\":{\"@id\":\"https:\/\/localization.news\/da\/#\/schema\/logo\/image\/\"},\"sameAs\":[\"https:\/\/www.facebook.com\/asaptranslation\/\"]}]}<\/script>\n<!-- \/ Yoast SEO Premium plugin. -->","yoast_head_json":{"title":"Ansvarsfraskrivelse for automatiseret overs\u00e6ttelse - Localization.NEWS","description":"Ansvarsfraskrivelse for automatiseret overs\u00e6ttelse begr\u00e6nser ansvaret for brugen af et automatiseret maskinovers\u00e6ttelsesv\u00e6rkt\u00f8j, der anvendes til at overs\u00e6tte artiklen.","robots":{"index":"index","follow":"follow","max-snippet":"max-snippet:-1","max-image-preview":"max-image-preview:large","max-video-preview":"max-video-preview:-1"},"canonical":"https:\/\/localization.news\/da\/automatiseret-oversaettelse-ansvarsfraskrivelse\/","og_locale":"da_DK","og_type":"article","og_title":"Ansvarsfraskrivelse for automatiseret overs\u00e6ttelse","og_description":"Ansvarsfraskrivelse for automatiseret overs\u00e6ttelse begr\u00e6nser ansvaret for brugen af et automatiseret maskinovers\u00e6ttelsesv\u00e6rkt\u00f8j, der anvendes til at overs\u00e6tte artiklen.","og_url":"https:\/\/localization.news\/da\/automatiseret-oversaettelse-ansvarsfraskrivelse\/","og_site_name":"Localization.NEWS","article_publisher":"https:\/\/www.facebook.com\/asaptranslation\/","article_modified_time":"2022-03-09T09:15:19+00:00","og_image":[{"width":253,"height":200,"url":"https:\/\/localization.news\/wp-content\/uploads\/2022\/03\/machine-translation-disclaimer.jpg","type":"image\/jpeg"}],"twitter_card":"summary_large_image","twitter_misc":{"Estimeret l\u00e6setid":"1 minut"},"schema":{"@context":"https:\/\/schema.org","@graph":[{"@type":"WebPage","@id":"https:\/\/localization.news\/da\/automatiseret-oversaettelse-ansvarsfraskrivelse\/","url":"https:\/\/localization.news\/da\/automatiseret-oversaettelse-ansvarsfraskrivelse\/","name":"Ansvarsfraskrivelse for automatiseret overs\u00e6ttelse - Localization.NEWS","isPartOf":{"@id":"https:\/\/localization.news\/da\/#website"},"primaryImageOfPage":{"@id":"https:\/\/localization.news\/da\/automatiseret-oversaettelse-ansvarsfraskrivelse\/#primaryimage"},"image":{"@id":"https:\/\/localization.news\/da\/automatiseret-oversaettelse-ansvarsfraskrivelse\/#primaryimage"},"thumbnailUrl":"https:\/\/localization.news\/wp-content\/uploads\/2022\/03\/machine-translation-disclaimer.jpg","datePublished":"2022-03-07T14:29:14+00:00","dateModified":"2022-03-09T09:15:19+00:00","description":"Ansvarsfraskrivelse for automatiseret overs\u00e6ttelse begr\u00e6nser ansvaret for brugen af et automatiseret maskinovers\u00e6ttelsesv\u00e6rkt\u00f8j, der anvendes til at overs\u00e6tte artiklen.","breadcrumb":{"@id":"https:\/\/localization.news\/da\/automatiseret-oversaettelse-ansvarsfraskrivelse\/#breadcrumb"},"inLanguage":"da-DK","potentialAction":[{"@type":"ReadAction","target":["https:\/\/localization.news\/da\/automatiseret-oversaettelse-ansvarsfraskrivelse\/"]}]},{"@type":"ImageObject","inLanguage":"da-DK","@id":"https:\/\/localization.news\/da\/automatiseret-oversaettelse-ansvarsfraskrivelse\/#primaryimage","url":"https:\/\/localization.news\/wp-content\/uploads\/2022\/03\/machine-translation-disclaimer.jpg","contentUrl":"https:\/\/localization.news\/wp-content\/uploads\/2022\/03\/machine-translation-disclaimer.jpg","width":253,"height":200,"caption":"Machine translation disclaimer"},{"@type":"BreadcrumbList","@id":"https:\/\/localization.news\/da\/automatiseret-oversaettelse-ansvarsfraskrivelse\/#breadcrumb","itemListElement":[{"@type":"ListItem","position":1,"name":"Home","item":"https:\/\/localization.news\/da\/"},{"@type":"ListItem","position":2,"name":"Ansvarsfraskrivelse for automatiseret overs\u00e6ttelse"}]},{"@type":"WebSite","@id":"https:\/\/localization.news\/da\/#website","url":"https:\/\/localization.news\/da\/","name":"Localization.NEWS","description":"Translation and Localization news portal","publisher":{"@id":"https:\/\/localization.news\/da\/#organization"},"potentialAction":[{"@type":"SearchAction","target":{"@type":"EntryPoint","urlTemplate":"https:\/\/localization.news\/da\/?s={search_term_string}"},"query-input":"required name=search_term_string"}],"inLanguage":"da-DK"},{"@type":"Organization","@id":"https:\/\/localization.news\/da\/#organization","name":"Localization.NEWS","url":"https:\/\/localization.news\/da\/","logo":{"@type":"ImageObject","inLanguage":"da-DK","@id":"https:\/\/localization.news\/da\/#\/schema\/logo\/image\/","url":"https:\/\/localization.news\/wp-content\/uploads\/2021\/06\/localization_default.jpg","contentUrl":"https:\/\/localization.news\/wp-content\/uploads\/2021\/06\/localization_default.jpg","width":1920,"height":1280,"caption":"Localization.NEWS"},"image":{"@id":"https:\/\/localization.news\/da\/#\/schema\/logo\/image\/"},"sameAs":["https:\/\/www.facebook.com\/asaptranslation\/"]}]}},"publishpress_future_action":{"enabled":false,"date":"1970-01-01 00:00:00","action":"","terms":[],"taxonomy":"","browser_timezone_offset":0},"_links":{"self":[{"href":"https:\/\/localization.news\/da\/wp-json\/wp\/v2\/pages\/4767"}],"collection":[{"href":"https:\/\/localization.news\/da\/wp-json\/wp\/v2\/pages"}],"about":[{"href":"https:\/\/localization.news\/da\/wp-json\/wp\/v2\/types\/page"}],"author":[{"embeddable":true,"href":"https:\/\/localization.news\/da\/wp-json\/wp\/v2\/users\/1"}],"replies":[{"embeddable":true,"href":"https:\/\/localization.news\/da\/wp-json\/wp\/v2\/comments?post=4767"}],"version-history":[{"count":1,"href":"https:\/\/localization.news\/da\/wp-json\/wp\/v2\/pages\/4767\/revisions"}],"predecessor-version":[{"id":4866,"href":"https:\/\/localization.news\/da\/wp-json\/wp\/v2\/pages\/4767\/revisions\/4866"}],"wp:featuredmedia":[{"embeddable":true,"href":"https:\/\/localization.news\/da\/wp-json\/wp\/v2\/media\/4751"}],"wp:attachment":[{"href":"https:\/\/localization.news\/da\/wp-json\/wp\/v2\/media?parent=4767"}],"curies":[{"name":"wp","href":"https:\/\/api.w.org\/{rel}","templated":true}]}}