{"id":2441,"date":"2021-06-04T09:08:33","date_gmt":"2021-06-04T09:08:33","guid":{"rendered":"https:\/\/localization.news\/?page_id=2441"},"modified":"2021-07-15T10:15:06","modified_gmt":"2021-07-15T10:15:06","slug":"our-mission","status":"publish","type":"page","link":"https:\/\/localization.news\/de\/our-mission\/","title":{"rendered":"Unser Auftrag"},"content":{"rendered":"\n<blockquote class=\"wp-block-quote is-style-large is-layout-flow wp-block-quote-is-layout-flow\"><p>Ziel des Projektes ist es, die Laien- und Fach\u00f6ffentlichkeit \u00fcber Ereignisse und Neuigkeiten im Bereich der \u00dcbersetzung und Lokalisierung zu informieren sowie die Arbeit und Leistungen der einzelnen Partnerorganisationen des Projektes Localization.NEWS zu f\u00f6rdern.<\/p><\/blockquote>\n","protected":false},"excerpt":{"rendered":"<p>Ziel des Projektes ist es, die Laien- und Fach\u00f6ffentlichkeit \u00fcber Ereignisse und Neuigkeiten im Bereich der \u00dcbersetzung und Lokalisierung zu informieren sowie die Arbeit und Leistungen der einzelnen Partnerorganisationen des Projektes Localization.NEWS zu f\u00f6rdern.<\/p>\n","protected":false},"author":1,"featured_media":0,"parent":0,"menu_order":0,"comment_status":"closed","ping_status":"closed","template":"","meta":{"footnotes":""},"yoast_head":"<!-- This site is optimized with the Yoast SEO Premium plugin v21.4 (Yoast SEO v22.8) - https:\/\/yoast.com\/wordpress\/plugins\/seo\/ -->\n<title>Unser Auftrag - Localization.NEWS<\/title>\n<meta name=\"robots\" content=\"index, follow, max-snippet:-1, max-image-preview:large, max-video-preview:-1\" \/>\n<link rel=\"canonical\" href=\"https:\/\/localization.news\/de\/our-mission\/\" \/>\n<meta property=\"og:locale\" content=\"de_DE\" \/>\n<meta property=\"og:type\" content=\"article\" \/>\n<meta property=\"og:title\" content=\"Unser Auftrag\" \/>\n<meta property=\"og:description\" content=\"Ziel des Projektes ist es, die Laien- und Fach\u00f6ffentlichkeit \u00fcber Ereignisse und Neuigkeiten im Bereich der \u00dcbersetzung und Lokalisierung zu informieren sowie die Arbeit und Leistungen der einzelnen Partnerorganisationen des Projektes Localization.NEWS zu f\u00f6rdern.\" \/>\n<meta property=\"og:url\" content=\"https:\/\/localization.news\/de\/our-mission\/\" \/>\n<meta property=\"og:site_name\" content=\"Localization.NEWS\" \/>\n<meta property=\"article:publisher\" content=\"https:\/\/www.facebook.com\/asaptranslation\/\" \/>\n<meta property=\"article:modified_time\" content=\"2021-07-15T10:15:06+00:00\" \/>\n<meta name=\"twitter:card\" content=\"summary_large_image\" \/>\n<script type=\"application\/ld+json\" class=\"yoast-schema-graph\">{\"@context\":\"https:\/\/schema.org\",\"@graph\":[{\"@type\":\"WebPage\",\"@id\":\"https:\/\/localization.news\/de\/our-mission\/\",\"url\":\"https:\/\/localization.news\/de\/our-mission\/\",\"name\":\"Unser Auftrag - Localization.NEWS\",\"isPartOf\":{\"@id\":\"https:\/\/localization.news\/de\/#website\"},\"datePublished\":\"2021-06-04T09:08:33+00:00\",\"dateModified\":\"2021-07-15T10:15:06+00:00\",\"breadcrumb\":{\"@id\":\"https:\/\/localization.news\/de\/our-mission\/#breadcrumb\"},\"inLanguage\":\"de-DE\",\"potentialAction\":[{\"@type\":\"ReadAction\",\"target\":[\"https:\/\/localization.news\/de\/our-mission\/\"]}]},{\"@type\":\"BreadcrumbList\",\"@id\":\"https:\/\/localization.news\/de\/our-mission\/#breadcrumb\",\"itemListElement\":[{\"@type\":\"ListItem\",\"position\":1,\"name\":\"Home\",\"item\":\"https:\/\/localization.news\/de\/\"},{\"@type\":\"ListItem\",\"position\":2,\"name\":\"Unser Auftrag\"}]},{\"@type\":\"WebSite\",\"@id\":\"https:\/\/localization.news\/de\/#website\",\"url\":\"https:\/\/localization.news\/de\/\",\"name\":\"Localization.NEWS\",\"description\":\"Translation and Localization news portal\",\"publisher\":{\"@id\":\"https:\/\/localization.news\/de\/#organization\"},\"potentialAction\":[{\"@type\":\"SearchAction\",\"target\":{\"@type\":\"EntryPoint\",\"urlTemplate\":\"https:\/\/localization.news\/de\/?s={search_term_string}\"},\"query-input\":\"required name=search_term_string\"}],\"inLanguage\":\"de-DE\"},{\"@type\":\"Organization\",\"@id\":\"https:\/\/localization.news\/de\/#organization\",\"name\":\"Localization.NEWS\",\"url\":\"https:\/\/localization.news\/de\/\",\"logo\":{\"@type\":\"ImageObject\",\"inLanguage\":\"de-DE\",\"@id\":\"https:\/\/localization.news\/de\/#\/schema\/logo\/image\/\",\"url\":\"https:\/\/localization.news\/wp-content\/uploads\/2021\/06\/localization_default.jpg\",\"contentUrl\":\"https:\/\/localization.news\/wp-content\/uploads\/2021\/06\/localization_default.jpg\",\"width\":1920,\"height\":1280,\"caption\":\"Localization.NEWS\"},\"image\":{\"@id\":\"https:\/\/localization.news\/de\/#\/schema\/logo\/image\/\"},\"sameAs\":[\"https:\/\/www.facebook.com\/asaptranslation\/\"]}]}<\/script>\n<!-- \/ Yoast SEO Premium plugin. -->","yoast_head_json":{"title":"Unser Auftrag - Localization.NEWS","robots":{"index":"index","follow":"follow","max-snippet":"max-snippet:-1","max-image-preview":"max-image-preview:large","max-video-preview":"max-video-preview:-1"},"canonical":"https:\/\/localization.news\/de\/our-mission\/","og_locale":"de_DE","og_type":"article","og_title":"Unser Auftrag","og_description":"Ziel des Projektes ist es, die Laien- und Fach\u00f6ffentlichkeit \u00fcber Ereignisse und Neuigkeiten im Bereich der \u00dcbersetzung und Lokalisierung zu informieren sowie die Arbeit und Leistungen der einzelnen Partnerorganisationen des Projektes Localization.NEWS zu f\u00f6rdern.","og_url":"https:\/\/localization.news\/de\/our-mission\/","og_site_name":"Localization.NEWS","article_publisher":"https:\/\/www.facebook.com\/asaptranslation\/","article_modified_time":"2021-07-15T10:15:06+00:00","twitter_card":"summary_large_image","schema":{"@context":"https:\/\/schema.org","@graph":[{"@type":"WebPage","@id":"https:\/\/localization.news\/de\/our-mission\/","url":"https:\/\/localization.news\/de\/our-mission\/","name":"Unser Auftrag - Localization.NEWS","isPartOf":{"@id":"https:\/\/localization.news\/de\/#website"},"datePublished":"2021-06-04T09:08:33+00:00","dateModified":"2021-07-15T10:15:06+00:00","breadcrumb":{"@id":"https:\/\/localization.news\/de\/our-mission\/#breadcrumb"},"inLanguage":"de-DE","potentialAction":[{"@type":"ReadAction","target":["https:\/\/localization.news\/de\/our-mission\/"]}]},{"@type":"BreadcrumbList","@id":"https:\/\/localization.news\/de\/our-mission\/#breadcrumb","itemListElement":[{"@type":"ListItem","position":1,"name":"Home","item":"https:\/\/localization.news\/de\/"},{"@type":"ListItem","position":2,"name":"Unser Auftrag"}]},{"@type":"WebSite","@id":"https:\/\/localization.news\/de\/#website","url":"https:\/\/localization.news\/de\/","name":"Localization.NEWS","description":"Translation and Localization news portal","publisher":{"@id":"https:\/\/localization.news\/de\/#organization"},"potentialAction":[{"@type":"SearchAction","target":{"@type":"EntryPoint","urlTemplate":"https:\/\/localization.news\/de\/?s={search_term_string}"},"query-input":"required name=search_term_string"}],"inLanguage":"de-DE"},{"@type":"Organization","@id":"https:\/\/localization.news\/de\/#organization","name":"Localization.NEWS","url":"https:\/\/localization.news\/de\/","logo":{"@type":"ImageObject","inLanguage":"de-DE","@id":"https:\/\/localization.news\/de\/#\/schema\/logo\/image\/","url":"https:\/\/localization.news\/wp-content\/uploads\/2021\/06\/localization_default.jpg","contentUrl":"https:\/\/localization.news\/wp-content\/uploads\/2021\/06\/localization_default.jpg","width":1920,"height":1280,"caption":"Localization.NEWS"},"image":{"@id":"https:\/\/localization.news\/de\/#\/schema\/logo\/image\/"},"sameAs":["https:\/\/www.facebook.com\/asaptranslation\/"]}]}},"publishpress_future_action":{"enabled":false,"date":"1970-01-01 00:00:00","action":"","terms":[],"taxonomy":"","browser_timezone_offset":0},"_links":{"self":[{"href":"https:\/\/localization.news\/de\/wp-json\/wp\/v2\/pages\/2441"}],"collection":[{"href":"https:\/\/localization.news\/de\/wp-json\/wp\/v2\/pages"}],"about":[{"href":"https:\/\/localization.news\/de\/wp-json\/wp\/v2\/types\/page"}],"author":[{"embeddable":true,"href":"https:\/\/localization.news\/de\/wp-json\/wp\/v2\/users\/1"}],"replies":[{"embeddable":true,"href":"https:\/\/localization.news\/de\/wp-json\/wp\/v2\/comments?post=2441"}],"version-history":[{"count":2,"href":"https:\/\/localization.news\/de\/wp-json\/wp\/v2\/pages\/2441\/revisions"}],"predecessor-version":[{"id":2449,"href":"https:\/\/localization.news\/de\/wp-json\/wp\/v2\/pages\/2441\/revisions\/2449"}],"wp:attachment":[{"href":"https:\/\/localization.news\/de\/wp-json\/wp\/v2\/media?parent=2441"}],"curies":[{"name":"wp","href":"https:\/\/api.w.org\/{rel}","templated":true}]}}