{"id":2769,"date":"2021-05-26T07:13:12","date_gmt":"2021-05-26T07:13:12","guid":{"rendered":"https:\/\/localization.news\/?page_id=2769"},"modified":"2022-03-17T10:30:47","modified_gmt":"2022-03-17T10:30:47","slug":"noticias-del-mundo-de-la-localizacion","status":"publish","type":"page","link":"https:\/\/localization.news\/es\/","title":{"rendered":"Noticias del mundo de la localizaci\u00f3n"},"content":{"rendered":"","protected":false},"excerpt":{"rendered":"","protected":false},"author":1,"featured_media":2853,"parent":0,"menu_order":0,"comment_status":"closed","ping_status":"closed","template":"template-modules.php","meta":{"footnotes":""},"yoast_head":"<!-- This site is optimized with the Yoast SEO Premium plugin v21.4 (Yoast SEO v22.8) - https:\/\/yoast.com\/wordpress\/plugins\/seo\/ -->\n<title>Localization.NEWS - noticias del mundo de la localizaci\u00f3n<\/title>\n<meta name=\"description\" content=\"Localization.NEWS trae noticias del mundo de la localizaci\u00f3n directamente de los proveedores de traducci\u00f3n.\" \/>\n<meta name=\"robots\" content=\"index, follow, max-snippet:-1, max-image-preview:large, max-video-preview:-1\" \/>\n<link rel=\"canonical\" href=\"https:\/\/localization.news\/es\/\" \/>\n<meta property=\"og:locale\" content=\"es_ES\" \/>\n<meta property=\"og:type\" content=\"article\" \/>\n<meta property=\"og:title\" content=\"Noticias del mundo de la localizaci\u00f3n\" \/>\n<meta property=\"og:description\" content=\"Localization.NEWS trae noticias del mundo de la localizaci\u00f3n directamente de los proveedores de traducci\u00f3n.\" \/>\n<meta property=\"og:url\" content=\"https:\/\/localization.news\/es\/\" \/>\n<meta property=\"og:site_name\" content=\"Localization.NEWS\" \/>\n<meta property=\"article:publisher\" content=\"https:\/\/www.facebook.com\/asaptranslation\/\" \/>\n<meta property=\"article:modified_time\" content=\"2022-03-17T10:30:47+00:00\" \/>\n<meta name=\"twitter:card\" content=\"summary_large_image\" \/>\n<script type=\"application\/ld+json\" class=\"yoast-schema-graph\">{\"@context\":\"https:\/\/schema.org\",\"@graph\":[{\"@type\":\"WebPage\",\"@id\":\"https:\/\/localization.news\/es\/\",\"url\":\"https:\/\/localization.news\/es\/\",\"name\":\"Localization.NEWS - noticias del mundo de la localizaci\u00f3n\",\"isPartOf\":{\"@id\":\"https:\/\/localization.news\/es\/#website\"},\"primaryImageOfPage\":{\"@id\":\"https:\/\/localization.news\/es\/#primaryimage\"},\"image\":{\"@id\":\"https:\/\/localization.news\/es\/#primaryimage\"},\"thumbnailUrl\":\"https:\/\/localization.news\/wp-content\/uploads\/2021\/06\/localization_default-1.jpg\",\"datePublished\":\"2021-05-26T07:13:12+00:00\",\"dateModified\":\"2022-03-17T10:30:47+00:00\",\"description\":\"Localization.NEWS trae noticias del mundo de la localizaci\u00f3n directamente de los proveedores de traducci\u00f3n.\",\"breadcrumb\":{\"@id\":\"https:\/\/localization.news\/es\/#breadcrumb\"},\"inLanguage\":\"es\",\"potentialAction\":[{\"@type\":\"ReadAction\",\"target\":[\"https:\/\/localization.news\/es\/\"]}]},{\"@type\":\"ImageObject\",\"inLanguage\":\"es\",\"@id\":\"https:\/\/localization.news\/es\/#primaryimage\",\"url\":\"https:\/\/localization.news\/wp-content\/uploads\/2021\/06\/localization_default-1.jpg\",\"contentUrl\":\"https:\/\/localization.news\/wp-content\/uploads\/2021\/06\/localization_default-1.jpg\",\"width\":1920,\"height\":1280,\"caption\":\"Localization.NEWS\"},{\"@type\":\"BreadcrumbList\",\"@id\":\"https:\/\/localization.news\/es\/#breadcrumb\",\"itemListElement\":[{\"@type\":\"ListItem\",\"position\":1,\"name\":\"Home\",\"item\":\"https:\/\/localization.news\/es\/\"},{\"@type\":\"ListItem\",\"position\":2,\"name\":\"Noticias del mundo de la localizaci\u00f3n\"}]},{\"@type\":\"WebSite\",\"@id\":\"https:\/\/localization.news\/es\/#website\",\"url\":\"https:\/\/localization.news\/es\/\",\"name\":\"Localization.NEWS\",\"description\":\"Translation and Localization news portal\",\"publisher\":{\"@id\":\"https:\/\/localization.news\/es\/#organization\"},\"potentialAction\":[{\"@type\":\"SearchAction\",\"target\":{\"@type\":\"EntryPoint\",\"urlTemplate\":\"https:\/\/localization.news\/es\/?s={search_term_string}\"},\"query-input\":\"required name=search_term_string\"}],\"inLanguage\":\"es\"},{\"@type\":\"Organization\",\"@id\":\"https:\/\/localization.news\/es\/#organization\",\"name\":\"Localization.NEWS\",\"url\":\"https:\/\/localization.news\/es\/\",\"logo\":{\"@type\":\"ImageObject\",\"inLanguage\":\"es\",\"@id\":\"https:\/\/localization.news\/es\/#\/schema\/logo\/image\/\",\"url\":\"https:\/\/localization.news\/wp-content\/uploads\/2021\/06\/localization_default.jpg\",\"contentUrl\":\"https:\/\/localization.news\/wp-content\/uploads\/2021\/06\/localization_default.jpg\",\"width\":1920,\"height\":1280,\"caption\":\"Localization.NEWS\"},\"image\":{\"@id\":\"https:\/\/localization.news\/es\/#\/schema\/logo\/image\/\"},\"sameAs\":[\"https:\/\/www.facebook.com\/asaptranslation\/\"]}]}<\/script>\n<!-- \/ Yoast SEO Premium plugin. -->","yoast_head_json":{"title":"Localization.NEWS - noticias del mundo de la localizaci\u00f3n","description":"Localization.NEWS trae noticias del mundo de la localizaci\u00f3n directamente de los proveedores de traducci\u00f3n.","robots":{"index":"index","follow":"follow","max-snippet":"max-snippet:-1","max-image-preview":"max-image-preview:large","max-video-preview":"max-video-preview:-1"},"canonical":"https:\/\/localization.news\/es\/","og_locale":"es_ES","og_type":"article","og_title":"Noticias del mundo de la localizaci\u00f3n","og_description":"Localization.NEWS trae noticias del mundo de la localizaci\u00f3n directamente de los proveedores de traducci\u00f3n.","og_url":"https:\/\/localization.news\/es\/","og_site_name":"Localization.NEWS","article_publisher":"https:\/\/www.facebook.com\/asaptranslation\/","article_modified_time":"2022-03-17T10:30:47+00:00","twitter_card":"summary_large_image","schema":{"@context":"https:\/\/schema.org","@graph":[{"@type":"WebPage","@id":"https:\/\/localization.news\/es\/","url":"https:\/\/localization.news\/es\/","name":"Localization.NEWS - noticias del mundo de la localizaci\u00f3n","isPartOf":{"@id":"https:\/\/localization.news\/es\/#website"},"primaryImageOfPage":{"@id":"https:\/\/localization.news\/es\/#primaryimage"},"image":{"@id":"https:\/\/localization.news\/es\/#primaryimage"},"thumbnailUrl":"https:\/\/localization.news\/wp-content\/uploads\/2021\/06\/localization_default-1.jpg","datePublished":"2021-05-26T07:13:12+00:00","dateModified":"2022-03-17T10:30:47+00:00","description":"Localization.NEWS trae noticias del mundo de la localizaci\u00f3n directamente de los proveedores de traducci\u00f3n.","breadcrumb":{"@id":"https:\/\/localization.news\/es\/#breadcrumb"},"inLanguage":"es","potentialAction":[{"@type":"ReadAction","target":["https:\/\/localization.news\/es\/"]}]},{"@type":"ImageObject","inLanguage":"es","@id":"https:\/\/localization.news\/es\/#primaryimage","url":"https:\/\/localization.news\/wp-content\/uploads\/2021\/06\/localization_default-1.jpg","contentUrl":"https:\/\/localization.news\/wp-content\/uploads\/2021\/06\/localization_default-1.jpg","width":1920,"height":1280,"caption":"Localization.NEWS"},{"@type":"BreadcrumbList","@id":"https:\/\/localization.news\/es\/#breadcrumb","itemListElement":[{"@type":"ListItem","position":1,"name":"Home","item":"https:\/\/localization.news\/es\/"},{"@type":"ListItem","position":2,"name":"Noticias del mundo de la localizaci\u00f3n"}]},{"@type":"WebSite","@id":"https:\/\/localization.news\/es\/#website","url":"https:\/\/localization.news\/es\/","name":"Localization.NEWS","description":"Translation and Localization news portal","publisher":{"@id":"https:\/\/localization.news\/es\/#organization"},"potentialAction":[{"@type":"SearchAction","target":{"@type":"EntryPoint","urlTemplate":"https:\/\/localization.news\/es\/?s={search_term_string}"},"query-input":"required name=search_term_string"}],"inLanguage":"es"},{"@type":"Organization","@id":"https:\/\/localization.news\/es\/#organization","name":"Localization.NEWS","url":"https:\/\/localization.news\/es\/","logo":{"@type":"ImageObject","inLanguage":"es","@id":"https:\/\/localization.news\/es\/#\/schema\/logo\/image\/","url":"https:\/\/localization.news\/wp-content\/uploads\/2021\/06\/localization_default.jpg","contentUrl":"https:\/\/localization.news\/wp-content\/uploads\/2021\/06\/localization_default.jpg","width":1920,"height":1280,"caption":"Localization.NEWS"},"image":{"@id":"https:\/\/localization.news\/es\/#\/schema\/logo\/image\/"},"sameAs":["https:\/\/www.facebook.com\/asaptranslation\/"]}]}},"publishpress_future_action":{"enabled":false,"date":"1970-01-01 00:00:00","action":"","terms":[],"taxonomy":"","browser_timezone_offset":0},"_links":{"self":[{"href":"https:\/\/localization.news\/es\/wp-json\/wp\/v2\/pages\/2769"}],"collection":[{"href":"https:\/\/localization.news\/es\/wp-json\/wp\/v2\/pages"}],"about":[{"href":"https:\/\/localization.news\/es\/wp-json\/wp\/v2\/types\/page"}],"author":[{"embeddable":true,"href":"https:\/\/localization.news\/es\/wp-json\/wp\/v2\/users\/1"}],"replies":[{"embeddable":true,"href":"https:\/\/localization.news\/es\/wp-json\/wp\/v2\/comments?post=2769"}],"version-history":[{"count":2,"href":"https:\/\/localization.news\/es\/wp-json\/wp\/v2\/pages\/2769\/revisions"}],"predecessor-version":[{"id":4897,"href":"https:\/\/localization.news\/es\/wp-json\/wp\/v2\/pages\/2769\/revisions\/4897"}],"wp:featuredmedia":[{"embeddable":true,"href":"https:\/\/localization.news\/es\/wp-json\/wp\/v2\/media\/2853"}],"wp:attachment":[{"href":"https:\/\/localization.news\/es\/wp-json\/wp\/v2\/media?parent=2769"}],"curies":[{"name":"wp","href":"https:\/\/api.w.org\/{rel}","templated":true}]}}