{"id":2771,"date":"2021-06-04T09:09:17","date_gmt":"2021-06-04T09:09:17","guid":{"rendered":"https:\/\/localization.news\/?page_id=2771"},"modified":"2021-07-30T07:47:30","modified_gmt":"2021-07-30T07:47:30","slug":"about-project-localization-news","status":"publish","type":"page","link":"https:\/\/localization.news\/es\/about-project-localization-news\/","title":{"rendered":"Acerca del proyecto Localization.NEWS"},"content":{"rendered":"\n<p>El proyecto Localization.NEWS fue iniciado por la empresa de traducci\u00f3n <a href=\"https:\/\/asap-translation.com\" data-type=\"URL\" data-id=\"https:\/\/asap-translation.com\" target=\"_blank\" rel=\"noreferrer noopener\">ASAP-translation.com<\/a> y tiene como objetivo dar a conocer al p\u00fablico lego y profesional los acontecimientos y las noticias en el \u00e1mbito de la traducci\u00f3n y la localizaci\u00f3n, as\u00ed como promover el trabajo y los logros de las distintas organizaciones asociadas. El proyecto re\u00fane a empresas de traducci\u00f3n asociadas de todo el mundo, que a trav\u00e9s de \u00e9l informan al p\u00fablico profesional y lego sobre sus actividades, \u00e9xitos, pero tambi\u00e9n sobre las innovaciones en la industria de la traducci\u00f3n y la localizaci\u00f3n, especialmente en \u00e1reas como las nuevas tecnolog\u00edas en la traducci\u00f3n, publica informaci\u00f3n sobre los cambios de personal en las empresas, la investigaci\u00f3n en el campo de la traducci\u00f3n, las actividades educativas.<\/p>\n\n\n\n<p>A trav\u00e9s de nuestras actividades, queremos contribuir a la transparencia de los servicios prestados y al desarrollo de toda la industria de la traducci\u00f3n y la localizaci\u00f3n.<\/p>\n","protected":false},"excerpt":{"rendered":"<p>El proyecto Localization.NEWS fue iniciado por la empresa de traducci\u00f3n ASAP-translation.com y tiene como objetivo dar a conocer al p\u00fablico lego y profesional los acontecimientos y las noticias en el \u00e1mbito de la traducci\u00f3n y la localizaci\u00f3n, as\u00ed como promover el trabajo y los logros de las distintas organizaciones asociadas. El proyecto re\u00fane a empresas [&hellip;]<\/p>\n","protected":false},"author":3,"featured_media":0,"parent":0,"menu_order":0,"comment_status":"closed","ping_status":"closed","template":"","meta":{"footnotes":""},"yoast_head":"<!-- This site is optimized with the Yoast SEO Premium plugin v21.4 (Yoast SEO v22.8) - https:\/\/yoast.com\/wordpress\/plugins\/seo\/ -->\n<title>Acerca del proyecto Localization.NEWS - Localization.NEWS<\/title>\n<meta name=\"robots\" content=\"index, follow, max-snippet:-1, max-image-preview:large, max-video-preview:-1\" \/>\n<link rel=\"canonical\" href=\"https:\/\/localization.news\/es\/about-project-localization-news\/\" \/>\n<meta property=\"og:locale\" content=\"es_ES\" \/>\n<meta property=\"og:type\" content=\"article\" \/>\n<meta property=\"og:title\" content=\"Acerca del proyecto Localization.NEWS\" \/>\n<meta property=\"og:description\" content=\"El proyecto Localization.NEWS fue iniciado por la empresa de traducci\u00f3n ASAP-translation.com y tiene como objetivo dar a conocer al p\u00fablico lego y profesional los acontecimientos y las noticias en el \u00e1mbito de la traducci\u00f3n y la localizaci\u00f3n, as\u00ed como promover el trabajo y los logros de las distintas organizaciones asociadas. El proyecto re\u00fane a empresas [&hellip;]\" \/>\n<meta property=\"og:url\" content=\"https:\/\/localization.news\/es\/about-project-localization-news\/\" \/>\n<meta property=\"og:site_name\" content=\"Localization.NEWS\" \/>\n<meta property=\"article:publisher\" content=\"https:\/\/www.facebook.com\/asaptranslation\/\" \/>\n<meta property=\"article:modified_time\" content=\"2021-07-30T07:47:30+00:00\" \/>\n<meta name=\"twitter:card\" content=\"summary_large_image\" \/>\n<meta name=\"twitter:label1\" content=\"Tiempo de lectura\" \/>\n\t<meta name=\"twitter:data1\" content=\"1 minuto\" \/>\n<script type=\"application\/ld+json\" class=\"yoast-schema-graph\">{\"@context\":\"https:\/\/schema.org\",\"@graph\":[{\"@type\":\"WebPage\",\"@id\":\"https:\/\/localization.news\/es\/about-project-localization-news\/\",\"url\":\"https:\/\/localization.news\/es\/about-project-localization-news\/\",\"name\":\"Acerca del proyecto Localization.NEWS - Localization.NEWS\",\"isPartOf\":{\"@id\":\"https:\/\/localization.news\/es\/#website\"},\"datePublished\":\"2021-06-04T09:09:17+00:00\",\"dateModified\":\"2021-07-30T07:47:30+00:00\",\"breadcrumb\":{\"@id\":\"https:\/\/localization.news\/es\/about-project-localization-news\/#breadcrumb\"},\"inLanguage\":\"es\",\"potentialAction\":[{\"@type\":\"ReadAction\",\"target\":[\"https:\/\/localization.news\/es\/about-project-localization-news\/\"]}]},{\"@type\":\"BreadcrumbList\",\"@id\":\"https:\/\/localization.news\/es\/about-project-localization-news\/#breadcrumb\",\"itemListElement\":[{\"@type\":\"ListItem\",\"position\":1,\"name\":\"Home\",\"item\":\"https:\/\/localization.news\/es\/\"},{\"@type\":\"ListItem\",\"position\":2,\"name\":\"Acerca del proyecto Localization.NEWS\"}]},{\"@type\":\"WebSite\",\"@id\":\"https:\/\/localization.news\/es\/#website\",\"url\":\"https:\/\/localization.news\/es\/\",\"name\":\"Localization.NEWS\",\"description\":\"Translation and Localization news portal\",\"publisher\":{\"@id\":\"https:\/\/localization.news\/es\/#organization\"},\"potentialAction\":[{\"@type\":\"SearchAction\",\"target\":{\"@type\":\"EntryPoint\",\"urlTemplate\":\"https:\/\/localization.news\/es\/?s={search_term_string}\"},\"query-input\":\"required name=search_term_string\"}],\"inLanguage\":\"es\"},{\"@type\":\"Organization\",\"@id\":\"https:\/\/localization.news\/es\/#organization\",\"name\":\"Localization.NEWS\",\"url\":\"https:\/\/localization.news\/es\/\",\"logo\":{\"@type\":\"ImageObject\",\"inLanguage\":\"es\",\"@id\":\"https:\/\/localization.news\/es\/#\/schema\/logo\/image\/\",\"url\":\"https:\/\/localization.news\/wp-content\/uploads\/2021\/06\/localization_default.jpg\",\"contentUrl\":\"https:\/\/localization.news\/wp-content\/uploads\/2021\/06\/localization_default.jpg\",\"width\":1920,\"height\":1280,\"caption\":\"Localization.NEWS\"},\"image\":{\"@id\":\"https:\/\/localization.news\/es\/#\/schema\/logo\/image\/\"},\"sameAs\":[\"https:\/\/www.facebook.com\/asaptranslation\/\"]}]}<\/script>\n<!-- \/ Yoast SEO Premium plugin. -->","yoast_head_json":{"title":"Acerca del proyecto Localization.NEWS - Localization.NEWS","robots":{"index":"index","follow":"follow","max-snippet":"max-snippet:-1","max-image-preview":"max-image-preview:large","max-video-preview":"max-video-preview:-1"},"canonical":"https:\/\/localization.news\/es\/about-project-localization-news\/","og_locale":"es_ES","og_type":"article","og_title":"Acerca del proyecto Localization.NEWS","og_description":"El proyecto Localization.NEWS fue iniciado por la empresa de traducci\u00f3n ASAP-translation.com y tiene como objetivo dar a conocer al p\u00fablico lego y profesional los acontecimientos y las noticias en el \u00e1mbito de la traducci\u00f3n y la localizaci\u00f3n, as\u00ed como promover el trabajo y los logros de las distintas organizaciones asociadas. El proyecto re\u00fane a empresas [&hellip;]","og_url":"https:\/\/localization.news\/es\/about-project-localization-news\/","og_site_name":"Localization.NEWS","article_publisher":"https:\/\/www.facebook.com\/asaptranslation\/","article_modified_time":"2021-07-30T07:47:30+00:00","twitter_card":"summary_large_image","twitter_misc":{"Tiempo de lectura":"1 minuto"},"schema":{"@context":"https:\/\/schema.org","@graph":[{"@type":"WebPage","@id":"https:\/\/localization.news\/es\/about-project-localization-news\/","url":"https:\/\/localization.news\/es\/about-project-localization-news\/","name":"Acerca del proyecto Localization.NEWS - Localization.NEWS","isPartOf":{"@id":"https:\/\/localization.news\/es\/#website"},"datePublished":"2021-06-04T09:09:17+00:00","dateModified":"2021-07-30T07:47:30+00:00","breadcrumb":{"@id":"https:\/\/localization.news\/es\/about-project-localization-news\/#breadcrumb"},"inLanguage":"es","potentialAction":[{"@type":"ReadAction","target":["https:\/\/localization.news\/es\/about-project-localization-news\/"]}]},{"@type":"BreadcrumbList","@id":"https:\/\/localization.news\/es\/about-project-localization-news\/#breadcrumb","itemListElement":[{"@type":"ListItem","position":1,"name":"Home","item":"https:\/\/localization.news\/es\/"},{"@type":"ListItem","position":2,"name":"Acerca del proyecto Localization.NEWS"}]},{"@type":"WebSite","@id":"https:\/\/localization.news\/es\/#website","url":"https:\/\/localization.news\/es\/","name":"Localization.NEWS","description":"Translation and Localization news portal","publisher":{"@id":"https:\/\/localization.news\/es\/#organization"},"potentialAction":[{"@type":"SearchAction","target":{"@type":"EntryPoint","urlTemplate":"https:\/\/localization.news\/es\/?s={search_term_string}"},"query-input":"required name=search_term_string"}],"inLanguage":"es"},{"@type":"Organization","@id":"https:\/\/localization.news\/es\/#organization","name":"Localization.NEWS","url":"https:\/\/localization.news\/es\/","logo":{"@type":"ImageObject","inLanguage":"es","@id":"https:\/\/localization.news\/es\/#\/schema\/logo\/image\/","url":"https:\/\/localization.news\/wp-content\/uploads\/2021\/06\/localization_default.jpg","contentUrl":"https:\/\/localization.news\/wp-content\/uploads\/2021\/06\/localization_default.jpg","width":1920,"height":1280,"caption":"Localization.NEWS"},"image":{"@id":"https:\/\/localization.news\/es\/#\/schema\/logo\/image\/"},"sameAs":["https:\/\/www.facebook.com\/asaptranslation\/"]}]}},"publishpress_future_action":{"enabled":false,"date":"1970-01-01 00:00:00","action":"","terms":[],"taxonomy":"","browser_timezone_offset":0},"_links":{"self":[{"href":"https:\/\/localization.news\/es\/wp-json\/wp\/v2\/pages\/2771"}],"collection":[{"href":"https:\/\/localization.news\/es\/wp-json\/wp\/v2\/pages"}],"about":[{"href":"https:\/\/localization.news\/es\/wp-json\/wp\/v2\/types\/page"}],"author":[{"embeddable":true,"href":"https:\/\/localization.news\/es\/wp-json\/wp\/v2\/users\/3"}],"replies":[{"embeddable":true,"href":"https:\/\/localization.news\/es\/wp-json\/wp\/v2\/comments?post=2771"}],"version-history":[{"count":2,"href":"https:\/\/localization.news\/es\/wp-json\/wp\/v2\/pages\/2771\/revisions"}],"predecessor-version":[{"id":2779,"href":"https:\/\/localization.news\/es\/wp-json\/wp\/v2\/pages\/2771\/revisions\/2779"}],"wp:attachment":[{"href":"https:\/\/localization.news\/es\/wp-json\/wp\/v2\/media?parent=2771"}],"curies":[{"name":"wp","href":"https:\/\/api.w.org\/{rel}","templated":true}]}}