{"id":2772,"date":"2021-06-01T09:08:51","date_gmt":"2021-06-01T09:08:51","guid":{"rendered":"https:\/\/localization.news\/?page_id=2772"},"modified":"2021-07-30T07:50:53","modified_gmt":"2021-07-30T07:50:53","slug":"asap-translation-com","status":"publish","type":"page","link":"https:\/\/localization.news\/es\/asap-translation-com\/","title":{"rendered":"ASAP-translation.com"},"content":{"rendered":"\n<p><a href=\"https:\/\/asap-translation.com\" data-type=\"URL\" data-id=\"https:\/\/asap-translation.com\" target=\"_blank\" rel=\"noreferrer noopener\">ASAP-translation.com<\/a> es una empresa de traducci\u00f3n y localizaci\u00f3n integral con sede en Eslovaquia&#8230;.<\/p>\n\n\n\n<blockquote class=\"wp-block-quote is-layout-flow wp-block-quote-is-layout-flow\"><p>Servicios de traducci\u00f3n al eslovaco &#8230;<\/p><\/blockquote>\n\n\n\n<figure class=\"wp-block-image size-large is-resized is-style-default\"><img loading=\"lazy\" decoding=\"async\" src=\"https:\/\/localization.news\/wp-content\/uploads\/2021\/06\/streetasap-1024x456.jpg\" alt=\"\" class=\"wp-image-2781\" width=\"685\" height=\"305\" srcset=\"https:\/\/localization.news\/wp-content\/uploads\/2021\/06\/streetasap-1024x456.jpg 1024w, https:\/\/localization.news\/wp-content\/uploads\/2021\/06\/streetasap-300x134.jpg 300w, https:\/\/localization.news\/wp-content\/uploads\/2021\/06\/streetasap-768x342.jpg 768w, https:\/\/localization.news\/wp-content\/uploads\/2021\/06\/streetasap-1536x685.jpg 1536w, https:\/\/localization.news\/wp-content\/uploads\/2021\/06\/streetasap-990x441.jpg 990w, https:\/\/localization.news\/wp-content\/uploads\/2021\/06\/streetasap-1320x588.jpg 1320w, https:\/\/localization.news\/wp-content\/uploads\/2021\/06\/streetasap.jpg 1889w\" sizes=\"(max-width: 685px) 100vw, 685px\" \/><\/figure>\n\n\n\n<p><\/p>\n","protected":false},"excerpt":{"rendered":"<p>ASAP-translation.com es una empresa de traducci\u00f3n y localizaci\u00f3n integral con sede en Eslovaquia&#8230;. Servicios de traducci\u00f3n al eslovaco &#8230;<\/p>\n","protected":false},"author":3,"featured_media":0,"parent":0,"menu_order":0,"comment_status":"closed","ping_status":"closed","template":"","meta":{"footnotes":""},"yoast_head":"<!-- This site is optimized with the Yoast SEO Premium plugin v21.4 (Yoast SEO v22.8) - https:\/\/yoast.com\/wordpress\/plugins\/seo\/ -->\n<title>ASAP-translation.com - Localization.NEWS<\/title>\n<meta name=\"robots\" content=\"index, follow, max-snippet:-1, max-image-preview:large, max-video-preview:-1\" \/>\n<link rel=\"canonical\" href=\"https:\/\/localization.news\/es\/asap-translation-com\/\" \/>\n<meta property=\"og:locale\" content=\"es_ES\" \/>\n<meta property=\"og:type\" content=\"article\" \/>\n<meta property=\"og:title\" content=\"ASAP-translation.com\" \/>\n<meta property=\"og:description\" content=\"ASAP-translation.com es una empresa de traducci\u00f3n y localizaci\u00f3n integral con sede en Eslovaquia&#8230;. Servicios de traducci\u00f3n al eslovaco &#8230;\" \/>\n<meta property=\"og:url\" content=\"https:\/\/localization.news\/es\/asap-translation-com\/\" \/>\n<meta property=\"og:site_name\" content=\"Localization.NEWS\" \/>\n<meta property=\"article:publisher\" content=\"https:\/\/www.facebook.com\/asaptranslation\/\" \/>\n<meta property=\"article:modified_time\" content=\"2021-07-30T07:50:53+00:00\" \/>\n<meta property=\"og:image\" content=\"https:\/\/localization.news\/wp-content\/uploads\/2021\/06\/streetasap-1024x456.jpg\" \/>\n<meta name=\"twitter:card\" content=\"summary_large_image\" \/>\n<meta name=\"twitter:label1\" content=\"Tiempo de lectura\" \/>\n\t<meta name=\"twitter:data1\" content=\"1 minuto\" \/>\n<script type=\"application\/ld+json\" class=\"yoast-schema-graph\">{\"@context\":\"https:\/\/schema.org\",\"@graph\":[{\"@type\":\"WebPage\",\"@id\":\"https:\/\/localization.news\/es\/asap-translation-com\/\",\"url\":\"https:\/\/localization.news\/es\/asap-translation-com\/\",\"name\":\"ASAP-translation.com - Localization.NEWS\",\"isPartOf\":{\"@id\":\"https:\/\/localization.news\/es\/#website\"},\"primaryImageOfPage\":{\"@id\":\"https:\/\/localization.news\/es\/asap-translation-com\/#primaryimage\"},\"image\":{\"@id\":\"https:\/\/localization.news\/es\/asap-translation-com\/#primaryimage\"},\"thumbnailUrl\":\"https:\/\/localization.news\/wp-content\/uploads\/2021\/06\/streetasap-1024x456.jpg\",\"datePublished\":\"2021-06-01T09:08:51+00:00\",\"dateModified\":\"2021-07-30T07:50:53+00:00\",\"breadcrumb\":{\"@id\":\"https:\/\/localization.news\/es\/asap-translation-com\/#breadcrumb\"},\"inLanguage\":\"es\",\"potentialAction\":[{\"@type\":\"ReadAction\",\"target\":[\"https:\/\/localization.news\/es\/asap-translation-com\/\"]}]},{\"@type\":\"ImageObject\",\"inLanguage\":\"es\",\"@id\":\"https:\/\/localization.news\/es\/asap-translation-com\/#primaryimage\",\"url\":\"https:\/\/localization.news\/wp-content\/uploads\/2021\/06\/streetasap-1024x456.jpg\",\"contentUrl\":\"https:\/\/localization.news\/wp-content\/uploads\/2021\/06\/streetasap-1024x456.jpg\"},{\"@type\":\"BreadcrumbList\",\"@id\":\"https:\/\/localization.news\/es\/asap-translation-com\/#breadcrumb\",\"itemListElement\":[{\"@type\":\"ListItem\",\"position\":1,\"name\":\"Home\",\"item\":\"https:\/\/localization.news\/es\/\"},{\"@type\":\"ListItem\",\"position\":2,\"name\":\"ASAP-translation.com\"}]},{\"@type\":\"WebSite\",\"@id\":\"https:\/\/localization.news\/es\/#website\",\"url\":\"https:\/\/localization.news\/es\/\",\"name\":\"Localization.NEWS\",\"description\":\"Translation and Localization news portal\",\"publisher\":{\"@id\":\"https:\/\/localization.news\/es\/#organization\"},\"potentialAction\":[{\"@type\":\"SearchAction\",\"target\":{\"@type\":\"EntryPoint\",\"urlTemplate\":\"https:\/\/localization.news\/es\/?s={search_term_string}\"},\"query-input\":\"required name=search_term_string\"}],\"inLanguage\":\"es\"},{\"@type\":\"Organization\",\"@id\":\"https:\/\/localization.news\/es\/#organization\",\"name\":\"Localization.NEWS\",\"url\":\"https:\/\/localization.news\/es\/\",\"logo\":{\"@type\":\"ImageObject\",\"inLanguage\":\"es\",\"@id\":\"https:\/\/localization.news\/es\/#\/schema\/logo\/image\/\",\"url\":\"https:\/\/localization.news\/wp-content\/uploads\/2021\/06\/localization_default.jpg\",\"contentUrl\":\"https:\/\/localization.news\/wp-content\/uploads\/2021\/06\/localization_default.jpg\",\"width\":1920,\"height\":1280,\"caption\":\"Localization.NEWS\"},\"image\":{\"@id\":\"https:\/\/localization.news\/es\/#\/schema\/logo\/image\/\"},\"sameAs\":[\"https:\/\/www.facebook.com\/asaptranslation\/\"]}]}<\/script>\n<!-- \/ Yoast SEO Premium plugin. -->","yoast_head_json":{"title":"ASAP-translation.com - Localization.NEWS","robots":{"index":"index","follow":"follow","max-snippet":"max-snippet:-1","max-image-preview":"max-image-preview:large","max-video-preview":"max-video-preview:-1"},"canonical":"https:\/\/localization.news\/es\/asap-translation-com\/","og_locale":"es_ES","og_type":"article","og_title":"ASAP-translation.com","og_description":"ASAP-translation.com es una empresa de traducci\u00f3n y localizaci\u00f3n integral con sede en Eslovaquia&#8230;. Servicios de traducci\u00f3n al eslovaco &#8230;","og_url":"https:\/\/localization.news\/es\/asap-translation-com\/","og_site_name":"Localization.NEWS","article_publisher":"https:\/\/www.facebook.com\/asaptranslation\/","article_modified_time":"2021-07-30T07:50:53+00:00","og_image":[{"url":"https:\/\/localization.news\/wp-content\/uploads\/2021\/06\/streetasap-1024x456.jpg"}],"twitter_card":"summary_large_image","twitter_misc":{"Tiempo de lectura":"1 minuto"},"schema":{"@context":"https:\/\/schema.org","@graph":[{"@type":"WebPage","@id":"https:\/\/localization.news\/es\/asap-translation-com\/","url":"https:\/\/localization.news\/es\/asap-translation-com\/","name":"ASAP-translation.com - Localization.NEWS","isPartOf":{"@id":"https:\/\/localization.news\/es\/#website"},"primaryImageOfPage":{"@id":"https:\/\/localization.news\/es\/asap-translation-com\/#primaryimage"},"image":{"@id":"https:\/\/localization.news\/es\/asap-translation-com\/#primaryimage"},"thumbnailUrl":"https:\/\/localization.news\/wp-content\/uploads\/2021\/06\/streetasap-1024x456.jpg","datePublished":"2021-06-01T09:08:51+00:00","dateModified":"2021-07-30T07:50:53+00:00","breadcrumb":{"@id":"https:\/\/localization.news\/es\/asap-translation-com\/#breadcrumb"},"inLanguage":"es","potentialAction":[{"@type":"ReadAction","target":["https:\/\/localization.news\/es\/asap-translation-com\/"]}]},{"@type":"ImageObject","inLanguage":"es","@id":"https:\/\/localization.news\/es\/asap-translation-com\/#primaryimage","url":"https:\/\/localization.news\/wp-content\/uploads\/2021\/06\/streetasap-1024x456.jpg","contentUrl":"https:\/\/localization.news\/wp-content\/uploads\/2021\/06\/streetasap-1024x456.jpg"},{"@type":"BreadcrumbList","@id":"https:\/\/localization.news\/es\/asap-translation-com\/#breadcrumb","itemListElement":[{"@type":"ListItem","position":1,"name":"Home","item":"https:\/\/localization.news\/es\/"},{"@type":"ListItem","position":2,"name":"ASAP-translation.com"}]},{"@type":"WebSite","@id":"https:\/\/localization.news\/es\/#website","url":"https:\/\/localization.news\/es\/","name":"Localization.NEWS","description":"Translation and Localization news portal","publisher":{"@id":"https:\/\/localization.news\/es\/#organization"},"potentialAction":[{"@type":"SearchAction","target":{"@type":"EntryPoint","urlTemplate":"https:\/\/localization.news\/es\/?s={search_term_string}"},"query-input":"required name=search_term_string"}],"inLanguage":"es"},{"@type":"Organization","@id":"https:\/\/localization.news\/es\/#organization","name":"Localization.NEWS","url":"https:\/\/localization.news\/es\/","logo":{"@type":"ImageObject","inLanguage":"es","@id":"https:\/\/localization.news\/es\/#\/schema\/logo\/image\/","url":"https:\/\/localization.news\/wp-content\/uploads\/2021\/06\/localization_default.jpg","contentUrl":"https:\/\/localization.news\/wp-content\/uploads\/2021\/06\/localization_default.jpg","width":1920,"height":1280,"caption":"Localization.NEWS"},"image":{"@id":"https:\/\/localization.news\/es\/#\/schema\/logo\/image\/"},"sameAs":["https:\/\/www.facebook.com\/asaptranslation\/"]}]}},"publishpress_future_action":{"enabled":false,"date":"1970-01-01 00:00:00","action":"","terms":[],"taxonomy":"","browser_timezone_offset":0},"_links":{"self":[{"href":"https:\/\/localization.news\/es\/wp-json\/wp\/v2\/pages\/2772"}],"collection":[{"href":"https:\/\/localization.news\/es\/wp-json\/wp\/v2\/pages"}],"about":[{"href":"https:\/\/localization.news\/es\/wp-json\/wp\/v2\/types\/page"}],"author":[{"embeddable":true,"href":"https:\/\/localization.news\/es\/wp-json\/wp\/v2\/users\/3"}],"replies":[{"embeddable":true,"href":"https:\/\/localization.news\/es\/wp-json\/wp\/v2\/comments?post=2772"}],"version-history":[{"count":3,"href":"https:\/\/localization.news\/es\/wp-json\/wp\/v2\/pages\/2772\/revisions"}],"predecessor-version":[{"id":2783,"href":"https:\/\/localization.news\/es\/wp-json\/wp\/v2\/pages\/2772\/revisions\/2783"}],"wp:attachment":[{"href":"https:\/\/localization.news\/es\/wp-json\/wp\/v2\/media?parent=2772"}],"curies":[{"name":"wp","href":"https:\/\/api.w.org\/{rel}","templated":true}]}}