{"id":4776,"date":"2022-03-07T14:29:14","date_gmt":"2022-03-07T14:29:14","guid":{"rendered":"https:\/\/localization.news\/descargo-de-responsabilidad-de-la-traduccion-automatica\/"},"modified":"2022-03-09T09:36:42","modified_gmt":"2022-03-09T09:36:42","slug":"descargo-de-responsabilidad-de-la-traduccion-automatica","status":"publish","type":"page","link":"https:\/\/localization.news\/es\/descargo-de-responsabilidad-de-la-traduccion-automatica\/","title":{"rendered":"Exclusi\u00f3n de responsabilidad por la traducci\u00f3n autom\u00e1tica"},"content":{"rendered":"\n<ul><li><a href=\"#machine-translation-disclaimer\">Exclusi\u00f3n de responsabilidad por la traducci\u00f3n autom\u00e1tica<\/a><\/li><li><a href=\"#post-edited-machine-translation-disclaimer\">Exclusi\u00f3n de responsabilidad por la traducci\u00f3n autom\u00e1tica modificada (MTPE)<\/a><\/li><\/ul>\n\n\n\n<hr class=\"wp-block-separator\"\/>\n\n\n\n<h2 class=\"wp-block-heading\" id=\"machine-translation-disclaimer\">Exclusi\u00f3n de responsabilidad por la traducci\u00f3n autom\u00e1tica<\/h2>\n\n\n\n<p>Esta traducci\u00f3n est\u00e1 creada por una herramienta de <a href=\"https:\/\/en.wikipedia.org\/wiki\/Machine_translation\" target=\"_blank\" rel=\"noreferrer noopener\">traducci\u00f3n autom\u00e1tica<\/a> totalmente automatizada para darle una idea b\u00e1sica del contenido en un idioma que usted entiende.  No se ha producido ninguna intervenci\u00f3n humana y el proveedor no garantiza su exactitud ni se hace responsable de los posibles errores.<\/p>\n\n\n\n<p><em><a href=\"https:\/\/localization.news\/es\/legal-notice-and-privacy-policy\/\">V\u00e9ase tambi\u00e9n el aviso legal.<\/a><\/em><\/p>\n\n\n\n<hr class=\"wp-block-separator\"\/>\n\n\n\n<figure class=\"wp-block-image size-full\"><img loading=\"lazy\" decoding=\"async\" width=\"253\" height=\"200\" src=\"https:\/\/localization.news\/wp-content\/uploads\/2022\/03\/machine-translation-disclaimer.jpg\" alt=\"\" class=\"wp-image-4760\"\/>Exclusi\u00f3n de responsabilidad por la traducci\u00f3n autom\u00e1tica<figcaption>Exclusi\u00f3n de responsabilidad por la traducci\u00f3n autom\u00e1tica<\/figcaption><\/figure>\n\n\n\n<h2 class=\"wp-block-heading\" id=\"post-edited-machine-translation-disclaimer\">Exclusi\u00f3n de responsabilidad por la traducci\u00f3n autom\u00e1tica modificada (MTPE)<\/h2>\n\n\n\n<p>Esta traducci\u00f3n ha sido realizada por una herramienta de <a href=\"https:\/\/en.wikipedia.org\/wiki\/Machine_translation\" target=\"_blank\" rel=\"noreferrer noopener\">traducci\u00f3n autom\u00e1tica<\/a> y ha sido revisada y editada por un traductor humano para eliminar los errores cr\u00edticos. Aunque haya habido intervenci\u00f3n humana, el resultado en s\u00ed mismo es una traducci\u00f3n autom\u00e1tica y nunca deber\u00eda utilizarse para fines que puedan provocar da\u00f1os, perjuicios o p\u00e9rdidas econ\u00f3micas. El proveedor no acepta ninguna responsabilidad por la traducci\u00f3n utilizada de este modo.<\/p>\n\n\n\n<hr class=\"wp-block-separator\"\/>\n\n\n\n<p><em><a href=\"https:\/\/localization.news\/es\/legal-notice-and-privacy-policy\/\">V\u00e9ase tambi\u00e9n el aviso legal.<\/a><\/em><\/p>\n\n\n\n<p><em>Si tiene alguna duda sobre la exactitud de la informaci\u00f3n contenida en la versi\u00f3n traducida del sitio web, consulte la versi\u00f3n oficial (b\u00falgaro, croata, checo, dan\u00e9s, holand\u00e9s, ingl\u00e9s, estonio, finland\u00e9s, franc\u00e9s, alem\u00e1n, griego, h\u00fangaro, irland\u00e9s, italiano, let\u00f3n, lituano, malt\u00e9s, polaco, portugu\u00e9s, rumano, eslovaco, esloveno, espa\u00f1ol, sueco) del texto o recurra a un servicio de traducci\u00f3n profesional.<\/em><\/p>\n\n\n\n<p><em>Para obtener m\u00e1s informaci\u00f3n sobre los servicios de traducci\u00f3n autom\u00e1tica o la traducci\u00f3n autom\u00e1tica post-edici\u00f3n, <a href=\"https:\/\/asap-translation.com\/\" target=\"_blank\" rel=\"noreferrer noopener\">no dude en ponerse en contacto con la empresa de traducci\u00f3n ASAP-translation.com<\/a>.<\/em><\/p>\n","protected":false},"excerpt":{"rendered":"<p>Exclusi\u00f3n de responsabilidad por la traducci\u00f3n autom\u00e1tica Exclusi\u00f3n de responsabilidad por la traducci\u00f3n autom\u00e1tica modificada (MTPE) Exclusi\u00f3n de responsabilidad por la traducci\u00f3n autom\u00e1tica Esta traducci\u00f3n est\u00e1 creada por una herramienta de traducci\u00f3n autom\u00e1tica totalmente automatizada para darle una idea b\u00e1sica del contenido en un idioma que usted entiende. No se ha producido ninguna intervenci\u00f3n humana [&hellip;]<\/p>\n","protected":false},"author":1,"featured_media":4751,"parent":0,"menu_order":0,"comment_status":"closed","ping_status":"closed","template":"","meta":{"footnotes":""},"yoast_head":"<!-- This site is optimized with the Yoast SEO Premium plugin v21.4 (Yoast SEO v22.8) - https:\/\/yoast.com\/wordpress\/plugins\/seo\/ -->\n<title>Exclusi\u00f3n de responsabilidad por la traducci\u00f3n autom\u00e1tica - Localization.NEWS<\/title>\n<meta name=\"description\" content=\"La exclusi\u00f3n de responsabilidad por la traducci\u00f3n autom\u00e1tica limita la responsabilidad del uso de una herramienta de traducci\u00f3n autom\u00e1tica utilizada para traducir el art\u00edculo.\" \/>\n<meta name=\"robots\" content=\"index, follow, max-snippet:-1, max-image-preview:large, max-video-preview:-1\" \/>\n<link rel=\"canonical\" href=\"https:\/\/localization.news\/es\/descargo-de-responsabilidad-de-la-traduccion-automatica\/\" \/>\n<meta property=\"og:locale\" content=\"es_ES\" \/>\n<meta property=\"og:type\" content=\"article\" \/>\n<meta property=\"og:title\" content=\"Exclusi\u00f3n de responsabilidad por la traducci\u00f3n autom\u00e1tica\" \/>\n<meta property=\"og:description\" content=\"La exclusi\u00f3n de responsabilidad por la traducci\u00f3n autom\u00e1tica limita la responsabilidad del uso de una herramienta de traducci\u00f3n autom\u00e1tica utilizada para traducir el art\u00edculo.\" \/>\n<meta property=\"og:url\" content=\"https:\/\/localization.news\/es\/descargo-de-responsabilidad-de-la-traduccion-automatica\/\" \/>\n<meta property=\"og:site_name\" content=\"Localization.NEWS\" \/>\n<meta property=\"article:publisher\" content=\"https:\/\/www.facebook.com\/asaptranslation\/\" \/>\n<meta property=\"article:modified_time\" content=\"2022-03-09T09:36:42+00:00\" \/>\n<meta property=\"og:image\" content=\"https:\/\/localization.news\/wp-content\/uploads\/2022\/03\/machine-translation-disclaimer.jpg\" \/>\n\t<meta property=\"og:image:width\" content=\"253\" \/>\n\t<meta property=\"og:image:height\" content=\"200\" \/>\n\t<meta property=\"og:image:type\" content=\"image\/jpeg\" \/>\n<meta name=\"twitter:card\" content=\"summary_large_image\" \/>\n<meta name=\"twitter:label1\" content=\"Tiempo de lectura\" \/>\n\t<meta name=\"twitter:data1\" content=\"2 minutos\" \/>\n<script type=\"application\/ld+json\" class=\"yoast-schema-graph\">{\"@context\":\"https:\/\/schema.org\",\"@graph\":[{\"@type\":\"WebPage\",\"@id\":\"https:\/\/localization.news\/es\/descargo-de-responsabilidad-de-la-traduccion-automatica\/\",\"url\":\"https:\/\/localization.news\/es\/descargo-de-responsabilidad-de-la-traduccion-automatica\/\",\"name\":\"Exclusi\u00f3n de responsabilidad por la traducci\u00f3n autom\u00e1tica - Localization.NEWS\",\"isPartOf\":{\"@id\":\"https:\/\/localization.news\/es\/#website\"},\"primaryImageOfPage\":{\"@id\":\"https:\/\/localization.news\/es\/descargo-de-responsabilidad-de-la-traduccion-automatica\/#primaryimage\"},\"image\":{\"@id\":\"https:\/\/localization.news\/es\/descargo-de-responsabilidad-de-la-traduccion-automatica\/#primaryimage\"},\"thumbnailUrl\":\"https:\/\/localization.news\/wp-content\/uploads\/2022\/03\/machine-translation-disclaimer.jpg\",\"datePublished\":\"2022-03-07T14:29:14+00:00\",\"dateModified\":\"2022-03-09T09:36:42+00:00\",\"description\":\"La exclusi\u00f3n de responsabilidad por la traducci\u00f3n autom\u00e1tica limita la responsabilidad del uso de una herramienta de traducci\u00f3n autom\u00e1tica utilizada para traducir el art\u00edculo.\",\"breadcrumb\":{\"@id\":\"https:\/\/localization.news\/es\/descargo-de-responsabilidad-de-la-traduccion-automatica\/#breadcrumb\"},\"inLanguage\":\"es\",\"potentialAction\":[{\"@type\":\"ReadAction\",\"target\":[\"https:\/\/localization.news\/es\/descargo-de-responsabilidad-de-la-traduccion-automatica\/\"]}]},{\"@type\":\"ImageObject\",\"inLanguage\":\"es\",\"@id\":\"https:\/\/localization.news\/es\/descargo-de-responsabilidad-de-la-traduccion-automatica\/#primaryimage\",\"url\":\"https:\/\/localization.news\/wp-content\/uploads\/2022\/03\/machine-translation-disclaimer.jpg\",\"contentUrl\":\"https:\/\/localization.news\/wp-content\/uploads\/2022\/03\/machine-translation-disclaimer.jpg\",\"width\":253,\"height\":200,\"caption\":\"Machine translation disclaimer\"},{\"@type\":\"BreadcrumbList\",\"@id\":\"https:\/\/localization.news\/es\/descargo-de-responsabilidad-de-la-traduccion-automatica\/#breadcrumb\",\"itemListElement\":[{\"@type\":\"ListItem\",\"position\":1,\"name\":\"Home\",\"item\":\"https:\/\/localization.news\/es\/\"},{\"@type\":\"ListItem\",\"position\":2,\"name\":\"Exclusi\u00f3n de responsabilidad por la traducci\u00f3n autom\u00e1tica\"}]},{\"@type\":\"WebSite\",\"@id\":\"https:\/\/localization.news\/es\/#website\",\"url\":\"https:\/\/localization.news\/es\/\",\"name\":\"Localization.NEWS\",\"description\":\"Translation and Localization news portal\",\"publisher\":{\"@id\":\"https:\/\/localization.news\/es\/#organization\"},\"potentialAction\":[{\"@type\":\"SearchAction\",\"target\":{\"@type\":\"EntryPoint\",\"urlTemplate\":\"https:\/\/localization.news\/es\/?s={search_term_string}\"},\"query-input\":\"required name=search_term_string\"}],\"inLanguage\":\"es\"},{\"@type\":\"Organization\",\"@id\":\"https:\/\/localization.news\/es\/#organization\",\"name\":\"Localization.NEWS\",\"url\":\"https:\/\/localization.news\/es\/\",\"logo\":{\"@type\":\"ImageObject\",\"inLanguage\":\"es\",\"@id\":\"https:\/\/localization.news\/es\/#\/schema\/logo\/image\/\",\"url\":\"https:\/\/localization.news\/wp-content\/uploads\/2021\/06\/localization_default.jpg\",\"contentUrl\":\"https:\/\/localization.news\/wp-content\/uploads\/2021\/06\/localization_default.jpg\",\"width\":1920,\"height\":1280,\"caption\":\"Localization.NEWS\"},\"image\":{\"@id\":\"https:\/\/localization.news\/es\/#\/schema\/logo\/image\/\"},\"sameAs\":[\"https:\/\/www.facebook.com\/asaptranslation\/\"]}]}<\/script>\n<!-- \/ Yoast SEO Premium plugin. -->","yoast_head_json":{"title":"Exclusi\u00f3n de responsabilidad por la traducci\u00f3n autom\u00e1tica - Localization.NEWS","description":"La exclusi\u00f3n de responsabilidad por la traducci\u00f3n autom\u00e1tica limita la responsabilidad del uso de una herramienta de traducci\u00f3n autom\u00e1tica utilizada para traducir el art\u00edculo.","robots":{"index":"index","follow":"follow","max-snippet":"max-snippet:-1","max-image-preview":"max-image-preview:large","max-video-preview":"max-video-preview:-1"},"canonical":"https:\/\/localization.news\/es\/descargo-de-responsabilidad-de-la-traduccion-automatica\/","og_locale":"es_ES","og_type":"article","og_title":"Exclusi\u00f3n de responsabilidad por la traducci\u00f3n autom\u00e1tica","og_description":"La exclusi\u00f3n de responsabilidad por la traducci\u00f3n autom\u00e1tica limita la responsabilidad del uso de una herramienta de traducci\u00f3n autom\u00e1tica utilizada para traducir el art\u00edculo.","og_url":"https:\/\/localization.news\/es\/descargo-de-responsabilidad-de-la-traduccion-automatica\/","og_site_name":"Localization.NEWS","article_publisher":"https:\/\/www.facebook.com\/asaptranslation\/","article_modified_time":"2022-03-09T09:36:42+00:00","og_image":[{"width":253,"height":200,"url":"https:\/\/localization.news\/wp-content\/uploads\/2022\/03\/machine-translation-disclaimer.jpg","type":"image\/jpeg"}],"twitter_card":"summary_large_image","twitter_misc":{"Tiempo de lectura":"2 minutos"},"schema":{"@context":"https:\/\/schema.org","@graph":[{"@type":"WebPage","@id":"https:\/\/localization.news\/es\/descargo-de-responsabilidad-de-la-traduccion-automatica\/","url":"https:\/\/localization.news\/es\/descargo-de-responsabilidad-de-la-traduccion-automatica\/","name":"Exclusi\u00f3n de responsabilidad por la traducci\u00f3n autom\u00e1tica - Localization.NEWS","isPartOf":{"@id":"https:\/\/localization.news\/es\/#website"},"primaryImageOfPage":{"@id":"https:\/\/localization.news\/es\/descargo-de-responsabilidad-de-la-traduccion-automatica\/#primaryimage"},"image":{"@id":"https:\/\/localization.news\/es\/descargo-de-responsabilidad-de-la-traduccion-automatica\/#primaryimage"},"thumbnailUrl":"https:\/\/localization.news\/wp-content\/uploads\/2022\/03\/machine-translation-disclaimer.jpg","datePublished":"2022-03-07T14:29:14+00:00","dateModified":"2022-03-09T09:36:42+00:00","description":"La exclusi\u00f3n de responsabilidad por la traducci\u00f3n autom\u00e1tica limita la responsabilidad del uso de una herramienta de traducci\u00f3n autom\u00e1tica utilizada para traducir el art\u00edculo.","breadcrumb":{"@id":"https:\/\/localization.news\/es\/descargo-de-responsabilidad-de-la-traduccion-automatica\/#breadcrumb"},"inLanguage":"es","potentialAction":[{"@type":"ReadAction","target":["https:\/\/localization.news\/es\/descargo-de-responsabilidad-de-la-traduccion-automatica\/"]}]},{"@type":"ImageObject","inLanguage":"es","@id":"https:\/\/localization.news\/es\/descargo-de-responsabilidad-de-la-traduccion-automatica\/#primaryimage","url":"https:\/\/localization.news\/wp-content\/uploads\/2022\/03\/machine-translation-disclaimer.jpg","contentUrl":"https:\/\/localization.news\/wp-content\/uploads\/2022\/03\/machine-translation-disclaimer.jpg","width":253,"height":200,"caption":"Machine translation disclaimer"},{"@type":"BreadcrumbList","@id":"https:\/\/localization.news\/es\/descargo-de-responsabilidad-de-la-traduccion-automatica\/#breadcrumb","itemListElement":[{"@type":"ListItem","position":1,"name":"Home","item":"https:\/\/localization.news\/es\/"},{"@type":"ListItem","position":2,"name":"Exclusi\u00f3n de responsabilidad por la traducci\u00f3n autom\u00e1tica"}]},{"@type":"WebSite","@id":"https:\/\/localization.news\/es\/#website","url":"https:\/\/localization.news\/es\/","name":"Localization.NEWS","description":"Translation and Localization news portal","publisher":{"@id":"https:\/\/localization.news\/es\/#organization"},"potentialAction":[{"@type":"SearchAction","target":{"@type":"EntryPoint","urlTemplate":"https:\/\/localization.news\/es\/?s={search_term_string}"},"query-input":"required name=search_term_string"}],"inLanguage":"es"},{"@type":"Organization","@id":"https:\/\/localization.news\/es\/#organization","name":"Localization.NEWS","url":"https:\/\/localization.news\/es\/","logo":{"@type":"ImageObject","inLanguage":"es","@id":"https:\/\/localization.news\/es\/#\/schema\/logo\/image\/","url":"https:\/\/localization.news\/wp-content\/uploads\/2021\/06\/localization_default.jpg","contentUrl":"https:\/\/localization.news\/wp-content\/uploads\/2021\/06\/localization_default.jpg","width":1920,"height":1280,"caption":"Localization.NEWS"},"image":{"@id":"https:\/\/localization.news\/es\/#\/schema\/logo\/image\/"},"sameAs":["https:\/\/www.facebook.com\/asaptranslation\/"]}]}},"publishpress_future_action":{"enabled":false,"date":"1970-01-01 00:00:00","action":"","terms":[],"taxonomy":"","browser_timezone_offset":0},"_links":{"self":[{"href":"https:\/\/localization.news\/es\/wp-json\/wp\/v2\/pages\/4776"}],"collection":[{"href":"https:\/\/localization.news\/es\/wp-json\/wp\/v2\/pages"}],"about":[{"href":"https:\/\/localization.news\/es\/wp-json\/wp\/v2\/types\/page"}],"author":[{"embeddable":true,"href":"https:\/\/localization.news\/es\/wp-json\/wp\/v2\/users\/1"}],"replies":[{"embeddable":true,"href":"https:\/\/localization.news\/es\/wp-json\/wp\/v2\/comments?post=4776"}],"version-history":[{"count":1,"href":"https:\/\/localization.news\/es\/wp-json\/wp\/v2\/pages\/4776\/revisions"}],"predecessor-version":[{"id":4867,"href":"https:\/\/localization.news\/es\/wp-json\/wp\/v2\/pages\/4776\/revisions\/4867"}],"wp:featuredmedia":[{"embeddable":true,"href":"https:\/\/localization.news\/es\/wp-json\/wp\/v2\/media\/4751"}],"wp:attachment":[{"href":"https:\/\/localization.news\/es\/wp-json\/wp\/v2\/media?parent=4776"}],"curies":[{"name":"wp","href":"https:\/\/api.w.org\/{rel}","templated":true}]}}