{"id":2673,"date":"2021-06-04T09:09:17","date_gmt":"2021-06-04T09:09:17","guid":{"rendered":"https:\/\/localization.news\/?page_id=2673"},"modified":"2021-07-28T08:19:02","modified_gmt":"2021-07-28T08:19:02","slug":"about-project-localization-news","status":"publish","type":"page","link":"https:\/\/localization.news\/fr\/about-project-localization-news\/","title":{"rendered":"A propos du projet Localization.NEWS"},"content":{"rendered":"\n<p>Le projet Localization.NEWS a \u00e9t\u00e9 lanc\u00e9 par la soci\u00e9t\u00e9 de traduction <a href=\"https:\/\/asap-translation.com\" data-type=\"URL\" data-id=\"https:\/\/asap-translation.com\" target=\"_blank\" rel=\"noreferrer noopener\">ASAP-translation.com<\/a> et vise \u00e0 sensibiliser le public profane et professionnel aux \u00e9v\u00e9nements et aux nouvelles dans le domaine de la traduction et de la localisation, ainsi qu&rsquo;\u00e0 promouvoir le travail et les r\u00e9alisations des diff\u00e9rentes organisations partenaires. Le projet rassemble des entreprises de traduction partenaires du monde entier, qui, par son interm\u00e9diaire, informent le public professionnel et profane de leurs activit\u00e9s, de leurs succ\u00e8s, mais aussi des innovations dans le secteur de la traduction et de la localisation, notamment dans des domaines tels que les nouvelles technologies de la traduction, publient des informations sur les changements de personnel dans les entreprises, la recherche dans le domaine de la traduction, les activit\u00e9s \u00e9ducatives.<\/p>\n\n\n\n<p>Par nos activit\u00e9s, nous souhaitons contribuer \u00e0 la transparence des services fournis et au d\u00e9veloppement de l&rsquo;ensemble du secteur de la traduction et de la localisation.<\/p>\n","protected":false},"excerpt":{"rendered":"<p>Le projet Localization.NEWS a \u00e9t\u00e9 lanc\u00e9 par la soci\u00e9t\u00e9 de traduction ASAP-translation.com et vise \u00e0 sensibiliser le public profane et professionnel aux \u00e9v\u00e9nements et aux nouvelles dans le domaine de la traduction et de la localisation, ainsi qu&rsquo;\u00e0 promouvoir le travail et les r\u00e9alisations des diff\u00e9rentes organisations partenaires. Le projet rassemble des entreprises de traduction [&hellip;]<\/p>\n","protected":false},"author":1,"featured_media":0,"parent":0,"menu_order":0,"comment_status":"closed","ping_status":"closed","template":"","meta":{"footnotes":""},"yoast_head":"<!-- This site is optimized with the Yoast SEO Premium plugin v21.4 (Yoast SEO v22.8) - https:\/\/yoast.com\/wordpress\/plugins\/seo\/ -->\n<title>A propos du projet Localization.NEWS - Localization.NEWS<\/title>\n<meta name=\"robots\" content=\"index, follow, max-snippet:-1, max-image-preview:large, max-video-preview:-1\" \/>\n<link rel=\"canonical\" href=\"https:\/\/localization.news\/fr\/about-project-localization-news\/\" \/>\n<meta property=\"og:locale\" content=\"fr_FR\" \/>\n<meta property=\"og:type\" content=\"article\" \/>\n<meta property=\"og:title\" content=\"A propos du projet Localization.NEWS\" \/>\n<meta property=\"og:description\" content=\"Le projet Localization.NEWS a \u00e9t\u00e9 lanc\u00e9 par la soci\u00e9t\u00e9 de traduction ASAP-translation.com et vise \u00e0 sensibiliser le public profane et professionnel aux \u00e9v\u00e9nements et aux nouvelles dans le domaine de la traduction et de la localisation, ainsi qu&rsquo;\u00e0 promouvoir le travail et les r\u00e9alisations des diff\u00e9rentes organisations partenaires. Le projet rassemble des entreprises de traduction [&hellip;]\" \/>\n<meta property=\"og:url\" content=\"https:\/\/localization.news\/fr\/about-project-localization-news\/\" \/>\n<meta property=\"og:site_name\" content=\"Localization.NEWS\" \/>\n<meta property=\"article:publisher\" content=\"https:\/\/www.facebook.com\/asaptranslation\/\" \/>\n<meta property=\"article:modified_time\" content=\"2021-07-28T08:19:02+00:00\" \/>\n<meta name=\"twitter:card\" content=\"summary_large_image\" \/>\n<meta name=\"twitter:label1\" content=\"Dur\u00e9e de lecture estim\u00e9e\" \/>\n\t<meta name=\"twitter:data1\" content=\"1 minute\" \/>\n<script type=\"application\/ld+json\" class=\"yoast-schema-graph\">{\"@context\":\"https:\/\/schema.org\",\"@graph\":[{\"@type\":\"WebPage\",\"@id\":\"https:\/\/localization.news\/fr\/about-project-localization-news\/\",\"url\":\"https:\/\/localization.news\/fr\/about-project-localization-news\/\",\"name\":\"A propos du projet Localization.NEWS - Localization.NEWS\",\"isPartOf\":{\"@id\":\"https:\/\/localization.news\/fr\/#website\"},\"datePublished\":\"2021-06-04T09:09:17+00:00\",\"dateModified\":\"2021-07-28T08:19:02+00:00\",\"breadcrumb\":{\"@id\":\"https:\/\/localization.news\/fr\/about-project-localization-news\/#breadcrumb\"},\"inLanguage\":\"fr-FR\",\"potentialAction\":[{\"@type\":\"ReadAction\",\"target\":[\"https:\/\/localization.news\/fr\/about-project-localization-news\/\"]}]},{\"@type\":\"BreadcrumbList\",\"@id\":\"https:\/\/localization.news\/fr\/about-project-localization-news\/#breadcrumb\",\"itemListElement\":[{\"@type\":\"ListItem\",\"position\":1,\"name\":\"Home\",\"item\":\"https:\/\/localization.news\/fr\/\"},{\"@type\":\"ListItem\",\"position\":2,\"name\":\"A propos du projet Localization.NEWS\"}]},{\"@type\":\"WebSite\",\"@id\":\"https:\/\/localization.news\/fr\/#website\",\"url\":\"https:\/\/localization.news\/fr\/\",\"name\":\"Localization.NEWS\",\"description\":\"Translation and Localization news portal\",\"publisher\":{\"@id\":\"https:\/\/localization.news\/fr\/#organization\"},\"potentialAction\":[{\"@type\":\"SearchAction\",\"target\":{\"@type\":\"EntryPoint\",\"urlTemplate\":\"https:\/\/localization.news\/fr\/?s={search_term_string}\"},\"query-input\":\"required name=search_term_string\"}],\"inLanguage\":\"fr-FR\"},{\"@type\":\"Organization\",\"@id\":\"https:\/\/localization.news\/fr\/#organization\",\"name\":\"Localization.NEWS\",\"url\":\"https:\/\/localization.news\/fr\/\",\"logo\":{\"@type\":\"ImageObject\",\"inLanguage\":\"fr-FR\",\"@id\":\"https:\/\/localization.news\/fr\/#\/schema\/logo\/image\/\",\"url\":\"https:\/\/localization.news\/wp-content\/uploads\/2021\/06\/localization_default.jpg\",\"contentUrl\":\"https:\/\/localization.news\/wp-content\/uploads\/2021\/06\/localization_default.jpg\",\"width\":1920,\"height\":1280,\"caption\":\"Localization.NEWS\"},\"image\":{\"@id\":\"https:\/\/localization.news\/fr\/#\/schema\/logo\/image\/\"},\"sameAs\":[\"https:\/\/www.facebook.com\/asaptranslation\/\"]}]}<\/script>\n<!-- \/ Yoast SEO Premium plugin. -->","yoast_head_json":{"title":"A propos du projet Localization.NEWS - Localization.NEWS","robots":{"index":"index","follow":"follow","max-snippet":"max-snippet:-1","max-image-preview":"max-image-preview:large","max-video-preview":"max-video-preview:-1"},"canonical":"https:\/\/localization.news\/fr\/about-project-localization-news\/","og_locale":"fr_FR","og_type":"article","og_title":"A propos du projet Localization.NEWS","og_description":"Le projet Localization.NEWS a \u00e9t\u00e9 lanc\u00e9 par la soci\u00e9t\u00e9 de traduction ASAP-translation.com et vise \u00e0 sensibiliser le public profane et professionnel aux \u00e9v\u00e9nements et aux nouvelles dans le domaine de la traduction et de la localisation, ainsi qu&rsquo;\u00e0 promouvoir le travail et les r\u00e9alisations des diff\u00e9rentes organisations partenaires. Le projet rassemble des entreprises de traduction [&hellip;]","og_url":"https:\/\/localization.news\/fr\/about-project-localization-news\/","og_site_name":"Localization.NEWS","article_publisher":"https:\/\/www.facebook.com\/asaptranslation\/","article_modified_time":"2021-07-28T08:19:02+00:00","twitter_card":"summary_large_image","twitter_misc":{"Dur\u00e9e de lecture estim\u00e9e":"1 minute"},"schema":{"@context":"https:\/\/schema.org","@graph":[{"@type":"WebPage","@id":"https:\/\/localization.news\/fr\/about-project-localization-news\/","url":"https:\/\/localization.news\/fr\/about-project-localization-news\/","name":"A propos du projet Localization.NEWS - Localization.NEWS","isPartOf":{"@id":"https:\/\/localization.news\/fr\/#website"},"datePublished":"2021-06-04T09:09:17+00:00","dateModified":"2021-07-28T08:19:02+00:00","breadcrumb":{"@id":"https:\/\/localization.news\/fr\/about-project-localization-news\/#breadcrumb"},"inLanguage":"fr-FR","potentialAction":[{"@type":"ReadAction","target":["https:\/\/localization.news\/fr\/about-project-localization-news\/"]}]},{"@type":"BreadcrumbList","@id":"https:\/\/localization.news\/fr\/about-project-localization-news\/#breadcrumb","itemListElement":[{"@type":"ListItem","position":1,"name":"Home","item":"https:\/\/localization.news\/fr\/"},{"@type":"ListItem","position":2,"name":"A propos du projet Localization.NEWS"}]},{"@type":"WebSite","@id":"https:\/\/localization.news\/fr\/#website","url":"https:\/\/localization.news\/fr\/","name":"Localization.NEWS","description":"Translation and Localization news portal","publisher":{"@id":"https:\/\/localization.news\/fr\/#organization"},"potentialAction":[{"@type":"SearchAction","target":{"@type":"EntryPoint","urlTemplate":"https:\/\/localization.news\/fr\/?s={search_term_string}"},"query-input":"required name=search_term_string"}],"inLanguage":"fr-FR"},{"@type":"Organization","@id":"https:\/\/localization.news\/fr\/#organization","name":"Localization.NEWS","url":"https:\/\/localization.news\/fr\/","logo":{"@type":"ImageObject","inLanguage":"fr-FR","@id":"https:\/\/localization.news\/fr\/#\/schema\/logo\/image\/","url":"https:\/\/localization.news\/wp-content\/uploads\/2021\/06\/localization_default.jpg","contentUrl":"https:\/\/localization.news\/wp-content\/uploads\/2021\/06\/localization_default.jpg","width":1920,"height":1280,"caption":"Localization.NEWS"},"image":{"@id":"https:\/\/localization.news\/fr\/#\/schema\/logo\/image\/"},"sameAs":["https:\/\/www.facebook.com\/asaptranslation\/"]}]}},"publishpress_future_action":{"enabled":false,"date":"1970-01-01 00:00:00","action":"","terms":[],"taxonomy":"","browser_timezone_offset":0},"_links":{"self":[{"href":"https:\/\/localization.news\/fr\/wp-json\/wp\/v2\/pages\/2673"}],"collection":[{"href":"https:\/\/localization.news\/fr\/wp-json\/wp\/v2\/pages"}],"about":[{"href":"https:\/\/localization.news\/fr\/wp-json\/wp\/v2\/types\/page"}],"author":[{"embeddable":true,"href":"https:\/\/localization.news\/fr\/wp-json\/wp\/v2\/users\/1"}],"replies":[{"embeddable":true,"href":"https:\/\/localization.news\/fr\/wp-json\/wp\/v2\/comments?post=2673"}],"version-history":[{"count":2,"href":"https:\/\/localization.news\/fr\/wp-json\/wp\/v2\/pages\/2673\/revisions"}],"predecessor-version":[{"id":2695,"href":"https:\/\/localization.news\/fr\/wp-json\/wp\/v2\/pages\/2673\/revisions\/2695"}],"wp:attachment":[{"href":"https:\/\/localization.news\/fr\/wp-json\/wp\/v2\/media?parent=2673"}],"curies":[{"name":"wp","href":"https:\/\/api.w.org\/{rel}","templated":true}]}}