{"id":3687,"date":"2021-05-26T07:13:12","date_gmt":"2021-05-26T07:13:12","guid":{"rendered":"https:\/\/localization.news\/home-2\/"},"modified":"2022-03-17T10:52:20","modified_gmt":"2022-03-17T10:52:20","slug":"hirek-a-lokalizacio-vilagabol","status":"publish","type":"page","link":"https:\/\/localization.news\/hu\/","title":{"rendered":"H\u00edrek a lokaliz\u00e1ci\u00f3 vil\u00e1g\u00e1b\u00f3l"},"content":{"rendered":"\n<p>A Localization.NEWS ford\u00edt\u00e1si \u00e9s nyelvi online h\u00edrport\u00e1lja lehet\u0151v\u00e9 teszi a nyelvi szolg\u00e1ltat\u00e1sok v\u00e1s\u00e1rl\u00f3i sz\u00e1m\u00e1ra, hogy naprak\u00e9szek maradjanak. A nyelvipar legfrissebb h\u00edreivel szolg\u00e1lunk. A Localization.NEWS-t az LSP-k is nagyra \u00e9rt\u00e9kelik, akik szeretn\u00e9k \u00e1ttekinteni a ford\u00edt\u00e1si folyamat leg\u00fajabb ipar\u00e1gi trendjeit \u00e9s a leg\u00fajabb lokaliz\u00e1ci\u00f3s technol\u00f3gi\u00e1kat. A Localization.NEWS port\u00e1l honos\u00edt\u00e1si \u00e9s ford\u00edt\u00e1si h\u00edreket k\u00edn\u00e1l, \u00e9s rendk\u00edv\u00fcl \u00e9rt\u00e9kes a ford\u00edt\u00e1st v\u00e1s\u00e1rl\u00f3k \u00e9s a lokaliz\u00e1ci\u00f3s ipar\u00e1g bennfentesei sz\u00e1m\u00e1ra.<\/p>\n","protected":false},"excerpt":{"rendered":"<p>A Localization.NEWS ford\u00edt\u00e1si \u00e9s nyelvi online h\u00edrport\u00e1lja lehet\u0151v\u00e9 teszi a nyelvi szolg\u00e1ltat\u00e1sok v\u00e1s\u00e1rl\u00f3i sz\u00e1m\u00e1ra, hogy naprak\u00e9szek maradjanak. A nyelvipar legfrissebb h\u00edreivel szolg\u00e1lunk. A Localization.NEWS-t az LSP-k is nagyra \u00e9rt\u00e9kelik, akik szeretn\u00e9k \u00e1ttekinteni a ford\u00edt\u00e1si folyamat leg\u00fajabb ipar\u00e1gi trendjeit \u00e9s a leg\u00fajabb lokaliz\u00e1ci\u00f3s technol\u00f3gi\u00e1kat. A Localization.NEWS port\u00e1l honos\u00edt\u00e1si \u00e9s ford\u00edt\u00e1si h\u00edreket k\u00edn\u00e1l, \u00e9s rendk\u00edv\u00fcl \u00e9rt\u00e9kes a [&hellip;]<\/p>\n","protected":false},"author":1,"featured_media":3374,"parent":0,"menu_order":0,"comment_status":"closed","ping_status":"closed","template":"template-modules.php","meta":{"footnotes":""},"yoast_head":"<!-- This site is optimized with the Yoast SEO Premium plugin v21.4 (Yoast SEO v22.8) - https:\/\/yoast.com\/wordpress\/plugins\/seo\/ -->\n<title>Localization.NEWS - H\u00edrek a lokaliz\u00e1ci\u00f3 vil\u00e1g\u00e1b\u00f3l<\/title>\n<meta name=\"description\" content=\"A Localization.NEWS k\u00f6zvetlen\u00fcl a ford\u00edt\u00e1si \u00e9s lokaliz\u00e1ci\u00f3s szolg\u00e1ltat\u00f3kt\u00f3l hoz h\u00edreket a lokaliz\u00e1ci\u00f3 vil\u00e1g\u00e1b\u00f3l.\" \/>\n<meta name=\"robots\" content=\"index, follow, max-snippet:-1, max-image-preview:large, max-video-preview:-1\" \/>\n<link rel=\"canonical\" href=\"https:\/\/localization.news\/hu\/\" \/>\n<meta property=\"og:locale\" content=\"hu_HU\" \/>\n<meta property=\"og:type\" content=\"article\" \/>\n<meta property=\"og:title\" content=\"Localization.NEWS\" \/>\n<meta property=\"og:description\" content=\"Translation and localization news portal\" \/>\n<meta property=\"og:url\" content=\"https:\/\/localization.news\/hu\/\" \/>\n<meta property=\"og:site_name\" content=\"Localization.NEWS\" \/>\n<meta property=\"article:publisher\" content=\"https:\/\/www.facebook.com\/asaptranslation\/\" \/>\n<meta property=\"article:modified_time\" content=\"2022-03-17T10:52:20+00:00\" \/>\n<meta property=\"og:image\" content=\"https:\/\/localization.news\/wp-content\/uploads\/2021\/06\/localization_default.jpg\" \/>\n<meta name=\"twitter:card\" content=\"summary_large_image\" \/>\n<meta name=\"twitter:title\" content=\"H\u00edrek a lokaliz\u00e1ci\u00f3 vil\u00e1g\u00e1b\u00f3l\" \/>\n<meta name=\"twitter:label1\" content=\"Becs\u00fclt olvas\u00e1si id\u0151\" \/>\n\t<meta name=\"twitter:data1\" content=\"1 perc\" \/>\n<script type=\"application\/ld+json\" class=\"yoast-schema-graph\">{\"@context\":\"https:\/\/schema.org\",\"@graph\":[{\"@type\":\"WebPage\",\"@id\":\"https:\/\/localization.news\/hu\/\",\"url\":\"https:\/\/localization.news\/hu\/\",\"name\":\"Localization.NEWS - H\u00edrek a lokaliz\u00e1ci\u00f3 vil\u00e1g\u00e1b\u00f3l\",\"isPartOf\":{\"@id\":\"https:\/\/localization.news\/hu\/#website\"},\"primaryImageOfPage\":{\"@id\":\"https:\/\/localization.news\/hu\/#primaryimage\"},\"image\":{\"@id\":\"https:\/\/localization.news\/hu\/#primaryimage\"},\"thumbnailUrl\":\"https:\/\/localization.news\/wp-content\/uploads\/2021\/06\/localization_default-1.jpg\",\"datePublished\":\"2021-05-26T07:13:12+00:00\",\"dateModified\":\"2022-03-17T10:52:20+00:00\",\"description\":\"A Localization.NEWS k\u00f6zvetlen\u00fcl a ford\u00edt\u00e1si \u00e9s lokaliz\u00e1ci\u00f3s szolg\u00e1ltat\u00f3kt\u00f3l hoz h\u00edreket a lokaliz\u00e1ci\u00f3 vil\u00e1g\u00e1b\u00f3l.\",\"breadcrumb\":{\"@id\":\"https:\/\/localization.news\/hu\/#breadcrumb\"},\"inLanguage\":\"hu\",\"potentialAction\":[{\"@type\":\"ReadAction\",\"target\":[\"https:\/\/localization.news\/hu\/\"]}]},{\"@type\":\"ImageObject\",\"inLanguage\":\"hu\",\"@id\":\"https:\/\/localization.news\/hu\/#primaryimage\",\"url\":\"https:\/\/localization.news\/wp-content\/uploads\/2021\/06\/localization_default-1.jpg\",\"contentUrl\":\"https:\/\/localization.news\/wp-content\/uploads\/2021\/06\/localization_default-1.jpg\",\"width\":1920,\"height\":1280,\"caption\":\"Localization.NEWS\"},{\"@type\":\"BreadcrumbList\",\"@id\":\"https:\/\/localization.news\/hu\/#breadcrumb\",\"itemListElement\":[{\"@type\":\"ListItem\",\"position\":1,\"name\":\"Home\",\"item\":\"https:\/\/localization.news\/hu\/\"},{\"@type\":\"ListItem\",\"position\":2,\"name\":\"H\u00edrek a lokaliz\u00e1ci\u00f3 vil\u00e1g\u00e1b\u00f3l\"}]},{\"@type\":\"WebSite\",\"@id\":\"https:\/\/localization.news\/hu\/#website\",\"url\":\"https:\/\/localization.news\/hu\/\",\"name\":\"Localization.NEWS\",\"description\":\"Translation and Localization news portal\",\"publisher\":{\"@id\":\"https:\/\/localization.news\/hu\/#organization\"},\"potentialAction\":[{\"@type\":\"SearchAction\",\"target\":{\"@type\":\"EntryPoint\",\"urlTemplate\":\"https:\/\/localization.news\/hu\/?s={search_term_string}\"},\"query-input\":\"required name=search_term_string\"}],\"inLanguage\":\"hu\"},{\"@type\":\"Organization\",\"@id\":\"https:\/\/localization.news\/hu\/#organization\",\"name\":\"Localization.NEWS\",\"url\":\"https:\/\/localization.news\/hu\/\",\"logo\":{\"@type\":\"ImageObject\",\"inLanguage\":\"hu\",\"@id\":\"https:\/\/localization.news\/hu\/#\/schema\/logo\/image\/\",\"url\":\"https:\/\/localization.news\/wp-content\/uploads\/2021\/06\/localization_default.jpg\",\"contentUrl\":\"https:\/\/localization.news\/wp-content\/uploads\/2021\/06\/localization_default.jpg\",\"width\":1920,\"height\":1280,\"caption\":\"Localization.NEWS\"},\"image\":{\"@id\":\"https:\/\/localization.news\/hu\/#\/schema\/logo\/image\/\"},\"sameAs\":[\"https:\/\/www.facebook.com\/asaptranslation\/\"]}]}<\/script>\n<!-- \/ Yoast SEO Premium plugin. -->","yoast_head_json":{"title":"Localization.NEWS - H\u00edrek a lokaliz\u00e1ci\u00f3 vil\u00e1g\u00e1b\u00f3l","description":"A Localization.NEWS k\u00f6zvetlen\u00fcl a ford\u00edt\u00e1si \u00e9s lokaliz\u00e1ci\u00f3s szolg\u00e1ltat\u00f3kt\u00f3l hoz h\u00edreket a lokaliz\u00e1ci\u00f3 vil\u00e1g\u00e1b\u00f3l.","robots":{"index":"index","follow":"follow","max-snippet":"max-snippet:-1","max-image-preview":"max-image-preview:large","max-video-preview":"max-video-preview:-1"},"canonical":"https:\/\/localization.news\/hu\/","og_locale":"hu_HU","og_type":"article","og_title":"Localization.NEWS","og_description":"Translation and localization news portal","og_url":"https:\/\/localization.news\/hu\/","og_site_name":"Localization.NEWS","article_publisher":"https:\/\/www.facebook.com\/asaptranslation\/","article_modified_time":"2022-03-17T10:52:20+00:00","og_image":[{"url":"https:\/\/localization.news\/wp-content\/uploads\/2021\/06\/localization_default.jpg"}],"twitter_card":"summary_large_image","twitter_title":"H\u00edrek a lokaliz\u00e1ci\u00f3 vil\u00e1g\u00e1b\u00f3l","twitter_misc":{"Becs\u00fclt olvas\u00e1si id\u0151":"1 perc"},"schema":{"@context":"https:\/\/schema.org","@graph":[{"@type":"WebPage","@id":"https:\/\/localization.news\/hu\/","url":"https:\/\/localization.news\/hu\/","name":"Localization.NEWS - H\u00edrek a lokaliz\u00e1ci\u00f3 vil\u00e1g\u00e1b\u00f3l","isPartOf":{"@id":"https:\/\/localization.news\/hu\/#website"},"primaryImageOfPage":{"@id":"https:\/\/localization.news\/hu\/#primaryimage"},"image":{"@id":"https:\/\/localization.news\/hu\/#primaryimage"},"thumbnailUrl":"https:\/\/localization.news\/wp-content\/uploads\/2021\/06\/localization_default-1.jpg","datePublished":"2021-05-26T07:13:12+00:00","dateModified":"2022-03-17T10:52:20+00:00","description":"A Localization.NEWS k\u00f6zvetlen\u00fcl a ford\u00edt\u00e1si \u00e9s lokaliz\u00e1ci\u00f3s szolg\u00e1ltat\u00f3kt\u00f3l hoz h\u00edreket a lokaliz\u00e1ci\u00f3 vil\u00e1g\u00e1b\u00f3l.","breadcrumb":{"@id":"https:\/\/localization.news\/hu\/#breadcrumb"},"inLanguage":"hu","potentialAction":[{"@type":"ReadAction","target":["https:\/\/localization.news\/hu\/"]}]},{"@type":"ImageObject","inLanguage":"hu","@id":"https:\/\/localization.news\/hu\/#primaryimage","url":"https:\/\/localization.news\/wp-content\/uploads\/2021\/06\/localization_default-1.jpg","contentUrl":"https:\/\/localization.news\/wp-content\/uploads\/2021\/06\/localization_default-1.jpg","width":1920,"height":1280,"caption":"Localization.NEWS"},{"@type":"BreadcrumbList","@id":"https:\/\/localization.news\/hu\/#breadcrumb","itemListElement":[{"@type":"ListItem","position":1,"name":"Home","item":"https:\/\/localization.news\/hu\/"},{"@type":"ListItem","position":2,"name":"H\u00edrek a lokaliz\u00e1ci\u00f3 vil\u00e1g\u00e1b\u00f3l"}]},{"@type":"WebSite","@id":"https:\/\/localization.news\/hu\/#website","url":"https:\/\/localization.news\/hu\/","name":"Localization.NEWS","description":"Translation and Localization news portal","publisher":{"@id":"https:\/\/localization.news\/hu\/#organization"},"potentialAction":[{"@type":"SearchAction","target":{"@type":"EntryPoint","urlTemplate":"https:\/\/localization.news\/hu\/?s={search_term_string}"},"query-input":"required name=search_term_string"}],"inLanguage":"hu"},{"@type":"Organization","@id":"https:\/\/localization.news\/hu\/#organization","name":"Localization.NEWS","url":"https:\/\/localization.news\/hu\/","logo":{"@type":"ImageObject","inLanguage":"hu","@id":"https:\/\/localization.news\/hu\/#\/schema\/logo\/image\/","url":"https:\/\/localization.news\/wp-content\/uploads\/2021\/06\/localization_default.jpg","contentUrl":"https:\/\/localization.news\/wp-content\/uploads\/2021\/06\/localization_default.jpg","width":1920,"height":1280,"caption":"Localization.NEWS"},"image":{"@id":"https:\/\/localization.news\/hu\/#\/schema\/logo\/image\/"},"sameAs":["https:\/\/www.facebook.com\/asaptranslation\/"]}]}},"publishpress_future_action":{"enabled":false,"date":"1970-01-01 00:00:00","action":"","terms":[],"taxonomy":"","browser_timezone_offset":0},"_links":{"self":[{"href":"https:\/\/localization.news\/hu\/wp-json\/wp\/v2\/pages\/3687"}],"collection":[{"href":"https:\/\/localization.news\/hu\/wp-json\/wp\/v2\/pages"}],"about":[{"href":"https:\/\/localization.news\/hu\/wp-json\/wp\/v2\/types\/page"}],"author":[{"embeddable":true,"href":"https:\/\/localization.news\/hu\/wp-json\/wp\/v2\/users\/1"}],"replies":[{"embeddable":true,"href":"https:\/\/localization.news\/hu\/wp-json\/wp\/v2\/comments?post=3687"}],"version-history":[{"count":3,"href":"https:\/\/localization.news\/hu\/wp-json\/wp\/v2\/pages\/3687\/revisions"}],"predecessor-version":[{"id":4909,"href":"https:\/\/localization.news\/hu\/wp-json\/wp\/v2\/pages\/3687\/revisions\/4909"}],"wp:featuredmedia":[{"embeddable":true,"href":"https:\/\/localization.news\/hu\/wp-json\/wp\/v2\/media\/3374"}],"wp:attachment":[{"href":"https:\/\/localization.news\/hu\/wp-json\/wp\/v2\/media?parent=3687"}],"curies":[{"name":"wp","href":"https:\/\/api.w.org\/{rel}","templated":true}]}}