{"id":3694,"date":"2021-11-22T15:34:38","date_gmt":"2021-11-22T15:34:38","guid":{"rendered":"https:\/\/localization.news\/kuldetesunk\/"},"modified":"2021-11-22T15:34:38","modified_gmt":"2021-11-22T15:34:38","slug":"kuldetesunk","status":"publish","type":"page","link":"https:\/\/localization.news\/hu\/kuldetesunk\/","title":{"rendered":"K\u00fcldet\u00e9s\u00fcnk"},"content":{"rendered":"\n<blockquote class=\"wp-block-quote is-style-large is-layout-flow wp-block-quote-is-layout-flow\"><p>A projekt c\u00e9lja a laikus \u00e9s szakmai k\u00f6zv\u00e9lem\u00e9ny t\u00e1j\u00e9kozotts\u00e1g\u00e1nak n\u00f6vel\u00e9se a ford\u00edt\u00e1s \u00e9s honos\u00edt\u00e1s ter\u00fclet\u00e9n zajl\u00f3 esem\u00e9nyekr\u0151l, h\u00edrekr\u0151l, valamint a Localization.NEWS projekt egyes partnerszervezeteinek munk\u00e1j\u00e1nak \u00e9s eredm\u00e9nyeinek n\u00e9pszer\u0171s\u00edt\u00e9se.<\/p><\/blockquote>\n","protected":false},"excerpt":{"rendered":"<p>A projekt c\u00e9lja a laikus \u00e9s szakmai k\u00f6zv\u00e9lem\u00e9ny t\u00e1j\u00e9kozotts\u00e1g\u00e1nak n\u00f6vel\u00e9se a ford\u00edt\u00e1s \u00e9s honos\u00edt\u00e1s ter\u00fclet\u00e9n zajl\u00f3 esem\u00e9nyekr\u0151l, h\u00edrekr\u0151l, valamint a Localization.NEWS projekt egyes partnerszervezeteinek munk\u00e1j\u00e1nak \u00e9s eredm\u00e9nyeinek n\u00e9pszer\u0171s\u00edt\u00e9se.<\/p>\n","protected":false},"author":1,"featured_media":0,"parent":0,"menu_order":0,"comment_status":"closed","ping_status":"closed","template":"","meta":{"footnotes":""},"yoast_head":"<!-- This site is optimized with the Yoast SEO Premium plugin v21.4 (Yoast SEO v22.8) - https:\/\/yoast.com\/wordpress\/plugins\/seo\/ -->\n<title>K\u00fcldet\u00e9s\u00fcnk - Localization.NEWS<\/title>\n<meta name=\"robots\" content=\"index, follow, max-snippet:-1, max-image-preview:large, max-video-preview:-1\" \/>\n<link rel=\"canonical\" href=\"https:\/\/localization.news\/hu\/kuldetesunk\/\" \/>\n<meta property=\"og:locale\" content=\"hu_HU\" \/>\n<meta property=\"og:type\" content=\"article\" \/>\n<meta property=\"og:title\" content=\"K\u00fcldet\u00e9s\u00fcnk\" \/>\n<meta property=\"og:description\" content=\"A projekt c\u00e9lja a laikus \u00e9s szakmai k\u00f6zv\u00e9lem\u00e9ny t\u00e1j\u00e9kozotts\u00e1g\u00e1nak n\u00f6vel\u00e9se a ford\u00edt\u00e1s \u00e9s honos\u00edt\u00e1s ter\u00fclet\u00e9n zajl\u00f3 esem\u00e9nyekr\u0151l, h\u00edrekr\u0151l, valamint a Localization.NEWS projekt egyes partnerszervezeteinek munk\u00e1j\u00e1nak \u00e9s eredm\u00e9nyeinek n\u00e9pszer\u0171s\u00edt\u00e9se.\" \/>\n<meta property=\"og:url\" content=\"https:\/\/localization.news\/hu\/kuldetesunk\/\" \/>\n<meta property=\"og:site_name\" content=\"Localization.NEWS\" \/>\n<meta property=\"article:publisher\" content=\"https:\/\/www.facebook.com\/asaptranslation\/\" \/>\n<meta name=\"twitter:card\" content=\"summary_large_image\" \/>\n<script type=\"application\/ld+json\" class=\"yoast-schema-graph\">{\"@context\":\"https:\/\/schema.org\",\"@graph\":[{\"@type\":\"WebPage\",\"@id\":\"https:\/\/localization.news\/hu\/kuldetesunk\/\",\"url\":\"https:\/\/localization.news\/hu\/kuldetesunk\/\",\"name\":\"K\u00fcldet\u00e9s\u00fcnk - Localization.NEWS\",\"isPartOf\":{\"@id\":\"https:\/\/localization.news\/hu\/#website\"},\"datePublished\":\"2021-11-22T15:34:38+00:00\",\"dateModified\":\"2021-11-22T15:34:38+00:00\",\"breadcrumb\":{\"@id\":\"https:\/\/localization.news\/hu\/kuldetesunk\/#breadcrumb\"},\"inLanguage\":\"hu\",\"potentialAction\":[{\"@type\":\"ReadAction\",\"target\":[\"https:\/\/localization.news\/hu\/kuldetesunk\/\"]}]},{\"@type\":\"BreadcrumbList\",\"@id\":\"https:\/\/localization.news\/hu\/kuldetesunk\/#breadcrumb\",\"itemListElement\":[{\"@type\":\"ListItem\",\"position\":1,\"name\":\"Home\",\"item\":\"https:\/\/localization.news\/hu\/\"},{\"@type\":\"ListItem\",\"position\":2,\"name\":\"K\u00fcldet\u00e9s\u00fcnk\"}]},{\"@type\":\"WebSite\",\"@id\":\"https:\/\/localization.news\/hu\/#website\",\"url\":\"https:\/\/localization.news\/hu\/\",\"name\":\"Localization.NEWS\",\"description\":\"Translation and Localization news portal\",\"publisher\":{\"@id\":\"https:\/\/localization.news\/hu\/#organization\"},\"potentialAction\":[{\"@type\":\"SearchAction\",\"target\":{\"@type\":\"EntryPoint\",\"urlTemplate\":\"https:\/\/localization.news\/hu\/?s={search_term_string}\"},\"query-input\":\"required name=search_term_string\"}],\"inLanguage\":\"hu\"},{\"@type\":\"Organization\",\"@id\":\"https:\/\/localization.news\/hu\/#organization\",\"name\":\"Localization.NEWS\",\"url\":\"https:\/\/localization.news\/hu\/\",\"logo\":{\"@type\":\"ImageObject\",\"inLanguage\":\"hu\",\"@id\":\"https:\/\/localization.news\/hu\/#\/schema\/logo\/image\/\",\"url\":\"https:\/\/localization.news\/wp-content\/uploads\/2021\/06\/localization_default.jpg\",\"contentUrl\":\"https:\/\/localization.news\/wp-content\/uploads\/2021\/06\/localization_default.jpg\",\"width\":1920,\"height\":1280,\"caption\":\"Localization.NEWS\"},\"image\":{\"@id\":\"https:\/\/localization.news\/hu\/#\/schema\/logo\/image\/\"},\"sameAs\":[\"https:\/\/www.facebook.com\/asaptranslation\/\"]}]}<\/script>\n<!-- \/ Yoast SEO Premium plugin. -->","yoast_head_json":{"title":"K\u00fcldet\u00e9s\u00fcnk - Localization.NEWS","robots":{"index":"index","follow":"follow","max-snippet":"max-snippet:-1","max-image-preview":"max-image-preview:large","max-video-preview":"max-video-preview:-1"},"canonical":"https:\/\/localization.news\/hu\/kuldetesunk\/","og_locale":"hu_HU","og_type":"article","og_title":"K\u00fcldet\u00e9s\u00fcnk","og_description":"A projekt c\u00e9lja a laikus \u00e9s szakmai k\u00f6zv\u00e9lem\u00e9ny t\u00e1j\u00e9kozotts\u00e1g\u00e1nak n\u00f6vel\u00e9se a ford\u00edt\u00e1s \u00e9s honos\u00edt\u00e1s ter\u00fclet\u00e9n zajl\u00f3 esem\u00e9nyekr\u0151l, h\u00edrekr\u0151l, valamint a Localization.NEWS projekt egyes partnerszervezeteinek munk\u00e1j\u00e1nak \u00e9s eredm\u00e9nyeinek n\u00e9pszer\u0171s\u00edt\u00e9se.","og_url":"https:\/\/localization.news\/hu\/kuldetesunk\/","og_site_name":"Localization.NEWS","article_publisher":"https:\/\/www.facebook.com\/asaptranslation\/","twitter_card":"summary_large_image","schema":{"@context":"https:\/\/schema.org","@graph":[{"@type":"WebPage","@id":"https:\/\/localization.news\/hu\/kuldetesunk\/","url":"https:\/\/localization.news\/hu\/kuldetesunk\/","name":"K\u00fcldet\u00e9s\u00fcnk - Localization.NEWS","isPartOf":{"@id":"https:\/\/localization.news\/hu\/#website"},"datePublished":"2021-11-22T15:34:38+00:00","dateModified":"2021-11-22T15:34:38+00:00","breadcrumb":{"@id":"https:\/\/localization.news\/hu\/kuldetesunk\/#breadcrumb"},"inLanguage":"hu","potentialAction":[{"@type":"ReadAction","target":["https:\/\/localization.news\/hu\/kuldetesunk\/"]}]},{"@type":"BreadcrumbList","@id":"https:\/\/localization.news\/hu\/kuldetesunk\/#breadcrumb","itemListElement":[{"@type":"ListItem","position":1,"name":"Home","item":"https:\/\/localization.news\/hu\/"},{"@type":"ListItem","position":2,"name":"K\u00fcldet\u00e9s\u00fcnk"}]},{"@type":"WebSite","@id":"https:\/\/localization.news\/hu\/#website","url":"https:\/\/localization.news\/hu\/","name":"Localization.NEWS","description":"Translation and Localization news portal","publisher":{"@id":"https:\/\/localization.news\/hu\/#organization"},"potentialAction":[{"@type":"SearchAction","target":{"@type":"EntryPoint","urlTemplate":"https:\/\/localization.news\/hu\/?s={search_term_string}"},"query-input":"required name=search_term_string"}],"inLanguage":"hu"},{"@type":"Organization","@id":"https:\/\/localization.news\/hu\/#organization","name":"Localization.NEWS","url":"https:\/\/localization.news\/hu\/","logo":{"@type":"ImageObject","inLanguage":"hu","@id":"https:\/\/localization.news\/hu\/#\/schema\/logo\/image\/","url":"https:\/\/localization.news\/wp-content\/uploads\/2021\/06\/localization_default.jpg","contentUrl":"https:\/\/localization.news\/wp-content\/uploads\/2021\/06\/localization_default.jpg","width":1920,"height":1280,"caption":"Localization.NEWS"},"image":{"@id":"https:\/\/localization.news\/hu\/#\/schema\/logo\/image\/"},"sameAs":["https:\/\/www.facebook.com\/asaptranslation\/"]}]}},"publishpress_future_action":{"enabled":false,"date":"1970-01-01 00:00:00","action":"","terms":[],"taxonomy":"","browser_timezone_offset":0},"_links":{"self":[{"href":"https:\/\/localization.news\/hu\/wp-json\/wp\/v2\/pages\/3694"}],"collection":[{"href":"https:\/\/localization.news\/hu\/wp-json\/wp\/v2\/pages"}],"about":[{"href":"https:\/\/localization.news\/hu\/wp-json\/wp\/v2\/types\/page"}],"author":[{"embeddable":true,"href":"https:\/\/localization.news\/hu\/wp-json\/wp\/v2\/users\/1"}],"replies":[{"embeddable":true,"href":"https:\/\/localization.news\/hu\/wp-json\/wp\/v2\/comments?post=3694"}],"version-history":[{"count":0,"href":"https:\/\/localization.news\/hu\/wp-json\/wp\/v2\/pages\/3694\/revisions"}],"wp:attachment":[{"href":"https:\/\/localization.news\/hu\/wp-json\/wp\/v2\/media?parent=3694"}],"curies":[{"name":"wp","href":"https:\/\/api.w.org\/{rel}","templated":true}]}}