{"id":3696,"date":"2021-06-04T09:09:17","date_gmt":"2021-06-04T09:09:17","guid":{"rendered":"https:\/\/localization.news\/a-localization-news-projektrol\/"},"modified":"2021-11-22T15:37:59","modified_gmt":"2021-11-22T15:37:59","slug":"a-localization-news-projektrol","status":"publish","type":"page","link":"https:\/\/localization.news\/hu\/a-localization-news-projektrol\/","title":{"rendered":"A Localization.NEWS projektr\u0151l"},"content":{"rendered":"\n<p>A Localization.NEWS projektet az ASAP-translation.com ford\u00edt\u00f3c\u00e9g kezdem\u00e9nyezte, \u00e9s c\u00e9lja, hogy felh\u00edvja a laikus \u00e9s szakmai k\u00f6zv\u00e9lem\u00e9ny figyelm\u00e9t a ford\u00edt\u00e1s \u00e9s honos\u00edt\u00e1s ter\u00fclet\u00e9n zajl\u00f3 esem\u00e9nyekre \u00e9s h\u00edrekre, valamint n\u00e9pszer\u0171s\u00edtse az egy\u00e9nek munk\u00e1j\u00e1t \u00e9s eredm\u00e9nyeit. partnerszervezetek. A projektben a vil\u00e1g minden t\u00e1j\u00e1r\u00f3l \u00e9rkeznek partner ford\u00edt\u00f3c\u00e9gek, amelyek ezen kereszt\u00fcl t\u00e1j\u00e9koztatj\u00e1k a szakmai \u00e9s a laikus k\u00f6zv\u00e9lem\u00e9nyt tev\u00e9kenys\u00e9g\u00fckr\u0151l, sikereikr\u0151l, de a ford\u00edt\u00e1si \u00e9s honos\u00edt\u00e1si ipar innov\u00e1ci\u00f3ir\u00f3l is, k\u00fcl\u00f6n\u00f6sen olyan ter\u00fcleteken, mint az \u00faj ford\u00edt\u00e1si technol\u00f3gi\u00e1k, inform\u00e1ci\u00f3kat tesz k\u00f6zz\u00e9. a v\u00e1llalatok szem\u00e9lyi v\u00e1ltoz\u00e1sair\u00f3l, ford\u00edt\u00e1si kutat\u00e1sokr\u00f3l, oktat\u00e1si tev\u00e9kenys\u00e9gr\u0151l.<\/p>\n\n\n\n<p>Tev\u00e9kenys\u00e9g\u00fcnkkel szeretn\u00e9nk hozz\u00e1j\u00e1rulni a ny\u00fajtott szolg\u00e1ltat\u00e1sok \u00e1tl\u00e1that\u00f3s\u00e1g\u00e1hoz \u00e9s a teljes ford\u00edt\u00e1si \u00e9s honos\u00edt\u00e1si ipar\u00e1g fejl\u0151d\u00e9s\u00e9hez.<\/p>\n","protected":false},"excerpt":{"rendered":"<p>A Localization.NEWS projektet az ASAP-translation.com ford\u00edt\u00f3c\u00e9g kezdem\u00e9nyezte, \u00e9s c\u00e9lja, hogy felh\u00edvja a laikus \u00e9s szakmai k\u00f6zv\u00e9lem\u00e9ny figyelm\u00e9t a ford\u00edt\u00e1s \u00e9s honos\u00edt\u00e1s ter\u00fclet\u00e9n zajl\u00f3 esem\u00e9nyekre \u00e9s h\u00edrekre, valamint n\u00e9pszer\u0171s\u00edtse az egy\u00e9nek munk\u00e1j\u00e1t \u00e9s eredm\u00e9nyeit. partnerszervezetek. A projektben a vil\u00e1g minden t\u00e1j\u00e1r\u00f3l \u00e9rkeznek partner ford\u00edt\u00f3c\u00e9gek, amelyek ezen kereszt\u00fcl t\u00e1j\u00e9koztatj\u00e1k a szakmai \u00e9s a laikus k\u00f6zv\u00e9lem\u00e9nyt tev\u00e9kenys\u00e9g\u00fckr\u0151l, sikereikr\u0151l, [&hellip;]<\/p>\n","protected":false},"author":1,"featured_media":0,"parent":0,"menu_order":0,"comment_status":"closed","ping_status":"closed","template":"","meta":{"footnotes":""},"yoast_head":"<!-- This site is optimized with the Yoast SEO Premium plugin v21.4 (Yoast SEO v22.8) - https:\/\/yoast.com\/wordpress\/plugins\/seo\/ -->\n<title>A Localization.NEWS projektr\u0151l - Localization.NEWS<\/title>\n<meta name=\"robots\" content=\"index, follow, max-snippet:-1, max-image-preview:large, max-video-preview:-1\" \/>\n<link rel=\"canonical\" href=\"https:\/\/localization.news\/hu\/a-localization-news-projektrol\/\" \/>\n<meta property=\"og:locale\" content=\"hu_HU\" \/>\n<meta property=\"og:type\" content=\"article\" \/>\n<meta property=\"og:title\" content=\"A Localization.NEWS projektr\u0151l\" \/>\n<meta property=\"og:description\" content=\"A Localization.NEWS projektet az ASAP-translation.com ford\u00edt\u00f3c\u00e9g kezdem\u00e9nyezte, \u00e9s c\u00e9lja, hogy felh\u00edvja a laikus \u00e9s szakmai k\u00f6zv\u00e9lem\u00e9ny figyelm\u00e9t a ford\u00edt\u00e1s \u00e9s honos\u00edt\u00e1s ter\u00fclet\u00e9n zajl\u00f3 esem\u00e9nyekre \u00e9s h\u00edrekre, valamint n\u00e9pszer\u0171s\u00edtse az egy\u00e9nek munk\u00e1j\u00e1t \u00e9s eredm\u00e9nyeit. partnerszervezetek. A projektben a vil\u00e1g minden t\u00e1j\u00e1r\u00f3l \u00e9rkeznek partner ford\u00edt\u00f3c\u00e9gek, amelyek ezen kereszt\u00fcl t\u00e1j\u00e9koztatj\u00e1k a szakmai \u00e9s a laikus k\u00f6zv\u00e9lem\u00e9nyt tev\u00e9kenys\u00e9g\u00fckr\u0151l, sikereikr\u0151l, [&hellip;]\" \/>\n<meta property=\"og:url\" content=\"https:\/\/localization.news\/hu\/a-localization-news-projektrol\/\" \/>\n<meta property=\"og:site_name\" content=\"Localization.NEWS\" \/>\n<meta property=\"article:publisher\" content=\"https:\/\/www.facebook.com\/asaptranslation\/\" \/>\n<meta property=\"article:modified_time\" content=\"2021-11-22T15:37:59+00:00\" \/>\n<meta name=\"twitter:card\" content=\"summary_large_image\" \/>\n<meta name=\"twitter:label1\" content=\"Becs\u00fclt olvas\u00e1si id\u0151\" \/>\n\t<meta name=\"twitter:data1\" content=\"1 perc\" \/>\n<script type=\"application\/ld+json\" class=\"yoast-schema-graph\">{\"@context\":\"https:\/\/schema.org\",\"@graph\":[{\"@type\":\"WebPage\",\"@id\":\"https:\/\/localization.news\/hu\/a-localization-news-projektrol\/\",\"url\":\"https:\/\/localization.news\/hu\/a-localization-news-projektrol\/\",\"name\":\"A Localization.NEWS projektr\u0151l - Localization.NEWS\",\"isPartOf\":{\"@id\":\"https:\/\/localization.news\/hu\/#website\"},\"datePublished\":\"2021-06-04T09:09:17+00:00\",\"dateModified\":\"2021-11-22T15:37:59+00:00\",\"breadcrumb\":{\"@id\":\"https:\/\/localization.news\/hu\/a-localization-news-projektrol\/#breadcrumb\"},\"inLanguage\":\"hu\",\"potentialAction\":[{\"@type\":\"ReadAction\",\"target\":[\"https:\/\/localization.news\/hu\/a-localization-news-projektrol\/\"]}]},{\"@type\":\"BreadcrumbList\",\"@id\":\"https:\/\/localization.news\/hu\/a-localization-news-projektrol\/#breadcrumb\",\"itemListElement\":[{\"@type\":\"ListItem\",\"position\":1,\"name\":\"Home\",\"item\":\"https:\/\/localization.news\/hu\/\"},{\"@type\":\"ListItem\",\"position\":2,\"name\":\"A Localization.NEWS projektr\u0151l\"}]},{\"@type\":\"WebSite\",\"@id\":\"https:\/\/localization.news\/hu\/#website\",\"url\":\"https:\/\/localization.news\/hu\/\",\"name\":\"Localization.NEWS\",\"description\":\"Translation and Localization news portal\",\"publisher\":{\"@id\":\"https:\/\/localization.news\/hu\/#organization\"},\"potentialAction\":[{\"@type\":\"SearchAction\",\"target\":{\"@type\":\"EntryPoint\",\"urlTemplate\":\"https:\/\/localization.news\/hu\/?s={search_term_string}\"},\"query-input\":\"required name=search_term_string\"}],\"inLanguage\":\"hu\"},{\"@type\":\"Organization\",\"@id\":\"https:\/\/localization.news\/hu\/#organization\",\"name\":\"Localization.NEWS\",\"url\":\"https:\/\/localization.news\/hu\/\",\"logo\":{\"@type\":\"ImageObject\",\"inLanguage\":\"hu\",\"@id\":\"https:\/\/localization.news\/hu\/#\/schema\/logo\/image\/\",\"url\":\"https:\/\/localization.news\/wp-content\/uploads\/2021\/06\/localization_default.jpg\",\"contentUrl\":\"https:\/\/localization.news\/wp-content\/uploads\/2021\/06\/localization_default.jpg\",\"width\":1920,\"height\":1280,\"caption\":\"Localization.NEWS\"},\"image\":{\"@id\":\"https:\/\/localization.news\/hu\/#\/schema\/logo\/image\/\"},\"sameAs\":[\"https:\/\/www.facebook.com\/asaptranslation\/\"]}]}<\/script>\n<!-- \/ Yoast SEO Premium plugin. -->","yoast_head_json":{"title":"A Localization.NEWS projektr\u0151l - Localization.NEWS","robots":{"index":"index","follow":"follow","max-snippet":"max-snippet:-1","max-image-preview":"max-image-preview:large","max-video-preview":"max-video-preview:-1"},"canonical":"https:\/\/localization.news\/hu\/a-localization-news-projektrol\/","og_locale":"hu_HU","og_type":"article","og_title":"A Localization.NEWS projektr\u0151l","og_description":"A Localization.NEWS projektet az ASAP-translation.com ford\u00edt\u00f3c\u00e9g kezdem\u00e9nyezte, \u00e9s c\u00e9lja, hogy felh\u00edvja a laikus \u00e9s szakmai k\u00f6zv\u00e9lem\u00e9ny figyelm\u00e9t a ford\u00edt\u00e1s \u00e9s honos\u00edt\u00e1s ter\u00fclet\u00e9n zajl\u00f3 esem\u00e9nyekre \u00e9s h\u00edrekre, valamint n\u00e9pszer\u0171s\u00edtse az egy\u00e9nek munk\u00e1j\u00e1t \u00e9s eredm\u00e9nyeit. partnerszervezetek. A projektben a vil\u00e1g minden t\u00e1j\u00e1r\u00f3l \u00e9rkeznek partner ford\u00edt\u00f3c\u00e9gek, amelyek ezen kereszt\u00fcl t\u00e1j\u00e9koztatj\u00e1k a szakmai \u00e9s a laikus k\u00f6zv\u00e9lem\u00e9nyt tev\u00e9kenys\u00e9g\u00fckr\u0151l, sikereikr\u0151l, [&hellip;]","og_url":"https:\/\/localization.news\/hu\/a-localization-news-projektrol\/","og_site_name":"Localization.NEWS","article_publisher":"https:\/\/www.facebook.com\/asaptranslation\/","article_modified_time":"2021-11-22T15:37:59+00:00","twitter_card":"summary_large_image","twitter_misc":{"Becs\u00fclt olvas\u00e1si id\u0151":"1 perc"},"schema":{"@context":"https:\/\/schema.org","@graph":[{"@type":"WebPage","@id":"https:\/\/localization.news\/hu\/a-localization-news-projektrol\/","url":"https:\/\/localization.news\/hu\/a-localization-news-projektrol\/","name":"A Localization.NEWS projektr\u0151l - Localization.NEWS","isPartOf":{"@id":"https:\/\/localization.news\/hu\/#website"},"datePublished":"2021-06-04T09:09:17+00:00","dateModified":"2021-11-22T15:37:59+00:00","breadcrumb":{"@id":"https:\/\/localization.news\/hu\/a-localization-news-projektrol\/#breadcrumb"},"inLanguage":"hu","potentialAction":[{"@type":"ReadAction","target":["https:\/\/localization.news\/hu\/a-localization-news-projektrol\/"]}]},{"@type":"BreadcrumbList","@id":"https:\/\/localization.news\/hu\/a-localization-news-projektrol\/#breadcrumb","itemListElement":[{"@type":"ListItem","position":1,"name":"Home","item":"https:\/\/localization.news\/hu\/"},{"@type":"ListItem","position":2,"name":"A Localization.NEWS projektr\u0151l"}]},{"@type":"WebSite","@id":"https:\/\/localization.news\/hu\/#website","url":"https:\/\/localization.news\/hu\/","name":"Localization.NEWS","description":"Translation and Localization news portal","publisher":{"@id":"https:\/\/localization.news\/hu\/#organization"},"potentialAction":[{"@type":"SearchAction","target":{"@type":"EntryPoint","urlTemplate":"https:\/\/localization.news\/hu\/?s={search_term_string}"},"query-input":"required name=search_term_string"}],"inLanguage":"hu"},{"@type":"Organization","@id":"https:\/\/localization.news\/hu\/#organization","name":"Localization.NEWS","url":"https:\/\/localization.news\/hu\/","logo":{"@type":"ImageObject","inLanguage":"hu","@id":"https:\/\/localization.news\/hu\/#\/schema\/logo\/image\/","url":"https:\/\/localization.news\/wp-content\/uploads\/2021\/06\/localization_default.jpg","contentUrl":"https:\/\/localization.news\/wp-content\/uploads\/2021\/06\/localization_default.jpg","width":1920,"height":1280,"caption":"Localization.NEWS"},"image":{"@id":"https:\/\/localization.news\/hu\/#\/schema\/logo\/image\/"},"sameAs":["https:\/\/www.facebook.com\/asaptranslation\/"]}]}},"publishpress_future_action":{"enabled":false,"date":"1970-01-01 00:00:00","action":"","terms":[],"taxonomy":"","browser_timezone_offset":0},"_links":{"self":[{"href":"https:\/\/localization.news\/hu\/wp-json\/wp\/v2\/pages\/3696"}],"collection":[{"href":"https:\/\/localization.news\/hu\/wp-json\/wp\/v2\/pages"}],"about":[{"href":"https:\/\/localization.news\/hu\/wp-json\/wp\/v2\/types\/page"}],"author":[{"embeddable":true,"href":"https:\/\/localization.news\/hu\/wp-json\/wp\/v2\/users\/1"}],"replies":[{"embeddable":true,"href":"https:\/\/localization.news\/hu\/wp-json\/wp\/v2\/comments?post=3696"}],"version-history":[{"count":0,"href":"https:\/\/localization.news\/hu\/wp-json\/wp\/v2\/pages\/3696\/revisions"}],"wp:attachment":[{"href":"https:\/\/localization.news\/hu\/wp-json\/wp\/v2\/media?parent=3696"}],"curies":[{"name":"wp","href":"https:\/\/api.w.org\/{rel}","templated":true}]}}