{"id":3747,"date":"2021-06-07T11:26:44","date_gmt":"2021-06-07T11:26:44","guid":{"rendered":"https:\/\/localization.news\/szlovak-nyelvu-forditas\/"},"modified":"2021-11-23T10:10:11","modified_gmt":"2021-11-23T10:10:11","slug":"szlovak-nyelvu-forditas","status":"publish","type":"page","link":"https:\/\/localization.news\/hu\/szlovak-nyelvu-forditas\/","title":{"rendered":"Szlov\u00e1k nyelv\u0171 ford\u00edt\u00e1s"},"content":{"rendered":"\n<p>Szlov\u00e1k nyelv\u0171 alapinform\u00e1ci\u00f3k<\/p>\n\n\n\n<blockquote class=\"wp-block-quote is-layout-flow wp-block-quote-is-layout-flow\"><p>Szlov\u00e1k ford\u00edt\u00e1si szolg\u00e1ltat\u00e1sok<\/p><\/blockquote>\n\n\n\n<p><\/p>\n","protected":false},"excerpt":{"rendered":"<p>Szlov\u00e1k nyelv\u0171 alapinform\u00e1ci\u00f3k Szlov\u00e1k ford\u00edt\u00e1si szolg\u00e1ltat\u00e1sok<\/p>\n","protected":false},"author":1,"featured_media":0,"parent":0,"menu_order":0,"comment_status":"closed","ping_status":"closed","template":"","meta":{"footnotes":""},"yoast_head":"<!-- This site is optimized with the Yoast SEO Premium plugin v21.4 (Yoast SEO v22.8) - https:\/\/yoast.com\/wordpress\/plugins\/seo\/ -->\n<title>Szlov\u00e1k nyelv\u0171 ford\u00edt\u00e1s - Localization.NEWS<\/title>\n<meta name=\"robots\" content=\"index, follow, max-snippet:-1, max-image-preview:large, max-video-preview:-1\" \/>\n<link rel=\"canonical\" href=\"https:\/\/localization.news\/hu\/szlovak-nyelvu-forditas\/\" \/>\n<meta property=\"og:locale\" content=\"hu_HU\" \/>\n<meta property=\"og:type\" content=\"article\" \/>\n<meta property=\"og:title\" content=\"Szlov\u00e1k nyelv\u0171 ford\u00edt\u00e1s\" \/>\n<meta property=\"og:description\" content=\"Szlov\u00e1k nyelv\u0171 alapinform\u00e1ci\u00f3k Szlov\u00e1k ford\u00edt\u00e1si szolg\u00e1ltat\u00e1sok\" \/>\n<meta property=\"og:url\" content=\"https:\/\/localization.news\/hu\/szlovak-nyelvu-forditas\/\" \/>\n<meta property=\"og:site_name\" content=\"Localization.NEWS\" \/>\n<meta property=\"article:publisher\" content=\"https:\/\/www.facebook.com\/asaptranslation\/\" \/>\n<meta property=\"article:modified_time\" content=\"2021-11-23T10:10:11+00:00\" \/>\n<meta name=\"twitter:card\" content=\"summary_large_image\" \/>\n<script type=\"application\/ld+json\" class=\"yoast-schema-graph\">{\"@context\":\"https:\/\/schema.org\",\"@graph\":[{\"@type\":\"WebPage\",\"@id\":\"https:\/\/localization.news\/hu\/szlovak-nyelvu-forditas\/\",\"url\":\"https:\/\/localization.news\/hu\/szlovak-nyelvu-forditas\/\",\"name\":\"Szlov\u00e1k nyelv\u0171 ford\u00edt\u00e1s - Localization.NEWS\",\"isPartOf\":{\"@id\":\"https:\/\/localization.news\/hu\/#website\"},\"datePublished\":\"2021-06-07T11:26:44+00:00\",\"dateModified\":\"2021-11-23T10:10:11+00:00\",\"breadcrumb\":{\"@id\":\"https:\/\/localization.news\/hu\/szlovak-nyelvu-forditas\/#breadcrumb\"},\"inLanguage\":\"hu\",\"potentialAction\":[{\"@type\":\"ReadAction\",\"target\":[\"https:\/\/localization.news\/hu\/szlovak-nyelvu-forditas\/\"]}]},{\"@type\":\"BreadcrumbList\",\"@id\":\"https:\/\/localization.news\/hu\/szlovak-nyelvu-forditas\/#breadcrumb\",\"itemListElement\":[{\"@type\":\"ListItem\",\"position\":1,\"name\":\"Home\",\"item\":\"https:\/\/localization.news\/hu\/\"},{\"@type\":\"ListItem\",\"position\":2,\"name\":\"Szlov\u00e1k nyelv\u0171 ford\u00edt\u00e1s\"}]},{\"@type\":\"WebSite\",\"@id\":\"https:\/\/localization.news\/hu\/#website\",\"url\":\"https:\/\/localization.news\/hu\/\",\"name\":\"Localization.NEWS\",\"description\":\"Translation and Localization news portal\",\"publisher\":{\"@id\":\"https:\/\/localization.news\/hu\/#organization\"},\"potentialAction\":[{\"@type\":\"SearchAction\",\"target\":{\"@type\":\"EntryPoint\",\"urlTemplate\":\"https:\/\/localization.news\/hu\/?s={search_term_string}\"},\"query-input\":\"required name=search_term_string\"}],\"inLanguage\":\"hu\"},{\"@type\":\"Organization\",\"@id\":\"https:\/\/localization.news\/hu\/#organization\",\"name\":\"Localization.NEWS\",\"url\":\"https:\/\/localization.news\/hu\/\",\"logo\":{\"@type\":\"ImageObject\",\"inLanguage\":\"hu\",\"@id\":\"https:\/\/localization.news\/hu\/#\/schema\/logo\/image\/\",\"url\":\"https:\/\/localization.news\/wp-content\/uploads\/2021\/06\/localization_default.jpg\",\"contentUrl\":\"https:\/\/localization.news\/wp-content\/uploads\/2021\/06\/localization_default.jpg\",\"width\":1920,\"height\":1280,\"caption\":\"Localization.NEWS\"},\"image\":{\"@id\":\"https:\/\/localization.news\/hu\/#\/schema\/logo\/image\/\"},\"sameAs\":[\"https:\/\/www.facebook.com\/asaptranslation\/\"]}]}<\/script>\n<!-- \/ Yoast SEO Premium plugin. -->","yoast_head_json":{"title":"Szlov\u00e1k nyelv\u0171 ford\u00edt\u00e1s - Localization.NEWS","robots":{"index":"index","follow":"follow","max-snippet":"max-snippet:-1","max-image-preview":"max-image-preview:large","max-video-preview":"max-video-preview:-1"},"canonical":"https:\/\/localization.news\/hu\/szlovak-nyelvu-forditas\/","og_locale":"hu_HU","og_type":"article","og_title":"Szlov\u00e1k nyelv\u0171 ford\u00edt\u00e1s","og_description":"Szlov\u00e1k nyelv\u0171 alapinform\u00e1ci\u00f3k Szlov\u00e1k ford\u00edt\u00e1si szolg\u00e1ltat\u00e1sok","og_url":"https:\/\/localization.news\/hu\/szlovak-nyelvu-forditas\/","og_site_name":"Localization.NEWS","article_publisher":"https:\/\/www.facebook.com\/asaptranslation\/","article_modified_time":"2021-11-23T10:10:11+00:00","twitter_card":"summary_large_image","schema":{"@context":"https:\/\/schema.org","@graph":[{"@type":"WebPage","@id":"https:\/\/localization.news\/hu\/szlovak-nyelvu-forditas\/","url":"https:\/\/localization.news\/hu\/szlovak-nyelvu-forditas\/","name":"Szlov\u00e1k nyelv\u0171 ford\u00edt\u00e1s - Localization.NEWS","isPartOf":{"@id":"https:\/\/localization.news\/hu\/#website"},"datePublished":"2021-06-07T11:26:44+00:00","dateModified":"2021-11-23T10:10:11+00:00","breadcrumb":{"@id":"https:\/\/localization.news\/hu\/szlovak-nyelvu-forditas\/#breadcrumb"},"inLanguage":"hu","potentialAction":[{"@type":"ReadAction","target":["https:\/\/localization.news\/hu\/szlovak-nyelvu-forditas\/"]}]},{"@type":"BreadcrumbList","@id":"https:\/\/localization.news\/hu\/szlovak-nyelvu-forditas\/#breadcrumb","itemListElement":[{"@type":"ListItem","position":1,"name":"Home","item":"https:\/\/localization.news\/hu\/"},{"@type":"ListItem","position":2,"name":"Szlov\u00e1k nyelv\u0171 ford\u00edt\u00e1s"}]},{"@type":"WebSite","@id":"https:\/\/localization.news\/hu\/#website","url":"https:\/\/localization.news\/hu\/","name":"Localization.NEWS","description":"Translation and Localization news portal","publisher":{"@id":"https:\/\/localization.news\/hu\/#organization"},"potentialAction":[{"@type":"SearchAction","target":{"@type":"EntryPoint","urlTemplate":"https:\/\/localization.news\/hu\/?s={search_term_string}"},"query-input":"required name=search_term_string"}],"inLanguage":"hu"},{"@type":"Organization","@id":"https:\/\/localization.news\/hu\/#organization","name":"Localization.NEWS","url":"https:\/\/localization.news\/hu\/","logo":{"@type":"ImageObject","inLanguage":"hu","@id":"https:\/\/localization.news\/hu\/#\/schema\/logo\/image\/","url":"https:\/\/localization.news\/wp-content\/uploads\/2021\/06\/localization_default.jpg","contentUrl":"https:\/\/localization.news\/wp-content\/uploads\/2021\/06\/localization_default.jpg","width":1920,"height":1280,"caption":"Localization.NEWS"},"image":{"@id":"https:\/\/localization.news\/hu\/#\/schema\/logo\/image\/"},"sameAs":["https:\/\/www.facebook.com\/asaptranslation\/"]}]}},"publishpress_future_action":{"enabled":false,"date":"1970-01-01 00:00:00","action":"","terms":[],"taxonomy":"","browser_timezone_offset":0},"_links":{"self":[{"href":"https:\/\/localization.news\/hu\/wp-json\/wp\/v2\/pages\/3747"}],"collection":[{"href":"https:\/\/localization.news\/hu\/wp-json\/wp\/v2\/pages"}],"about":[{"href":"https:\/\/localization.news\/hu\/wp-json\/wp\/v2\/types\/page"}],"author":[{"embeddable":true,"href":"https:\/\/localization.news\/hu\/wp-json\/wp\/v2\/users\/1"}],"replies":[{"embeddable":true,"href":"https:\/\/localization.news\/hu\/wp-json\/wp\/v2\/comments?post=3747"}],"version-history":[{"count":0,"href":"https:\/\/localization.news\/hu\/wp-json\/wp\/v2\/pages\/3747\/revisions"}],"wp:attachment":[{"href":"https:\/\/localization.news\/hu\/wp-json\/wp\/v2\/media?parent=3747"}],"curies":[{"name":"wp","href":"https:\/\/api.w.org\/{rel}","templated":true}]}}