{"id":4769,"date":"2022-03-07T14:29:14","date_gmt":"2022-03-07T14:29:14","guid":{"rendered":"https:\/\/localization.news\/rinuncia-alla-traduzione-automatica\/"},"modified":"2022-03-09T08:56:25","modified_gmt":"2022-03-09T08:56:25","slug":"rinuncia-alla-traduzione-automatica","status":"publish","type":"page","link":"https:\/\/localization.news\/it\/rinuncia-alla-traduzione-automatica\/","title":{"rendered":"Esonero dalla responsabilit\u00e0 per la traduzione automatica"},"content":{"rendered":"\n<ul><li><a href=\"#machine-translation-disclaimer\">Esonero dalla responsabilit\u00e0 per la traduzione automatica<\/a><\/li><li><a href=\"#post-edited-machine-translation-disclaimer\">Esonero dalla responsabilit\u00e0 per la traduzione automatica revisionata (MTPE)<\/a><\/li><\/ul>\n\n\n\n<hr class=\"wp-block-separator\"\/>\n\n\n\n<h2 class=\"wp-block-heading\" id=\"machine-translation-disclaimer\">Esonero dalla responsabilit\u00e0 per la traduzione automatica<\/h2>\n\n\n\n<p>Questa traduzione \u00e8 creata da uno strumento di <a href=\"https:\/\/en.wikipedia.org\/wiki\/Machine_translation\" target=\"_blank\" rel=\"noreferrer noopener\">traduzione automatica<\/a> completamente automatizzato per darti un\u2019idea di base del contenuto nella lingua che comprendi. Non contiene alcun intervento umano e il fornitore non garantisce la sua accuratezza n\u00e9 si assume la responsabilit\u00e0 per eventuali errori.<\/p>\n\n\n\n<p><em><a href=\"https:\/\/localization.news\/it\/legal-notice-and-privacy-policy\/\">Vedi anche l\u2019avviso legale.<\/a><\/em><\/p>\n\n\n\n<hr class=\"wp-block-separator\"\/>\n\n\n\n<figure class=\"wp-block-image size-full\"><img loading=\"lazy\" decoding=\"async\" width=\"253\" height=\"200\" src=\"https:\/\/localization.news\/wp-content\/uploads\/2022\/03\/machine-translation-disclaimer.jpg\" alt=\"Liberatoria per la traduzione automatica\" class=\"wp-image-4757\"\/><figcaption>Esonero dalla responsabilit\u00e0 per la traduzione automatica<\/figcaption><\/figure>\n\n\n\n<h2 class=\"wp-block-heading\" id=\"post-edited-machine-translation-disclaimer\">Esonero dalla responsabilit\u00e0 per la traduzione automatica revisionata (MTPE)<\/h2>\n\n\n\n<p>Questa traduzione \u00e8 creata da uno strumento di <a href=\"https:\/\/en.wikipedia.org\/wiki\/Machine_translation\" target=\"_blank\" rel=\"noreferrer noopener\">traduzione automatica<\/a> ed \u00e8 stata controllata e modificata da un traduttore per rimuovere gli errori pi\u00f9 gravi. Nonostante l\u2019intervento umano, il risultato \u00e8 comunque stato tradotto da una macchina e non dovrebbe mai essere usato per scopi suscettibili di produrre eventuali danni o perdite economiche. Il fornitore non si assume alcuna responsabilit\u00e0 per la traduzione utilizzata in questo modo.<\/p>\n\n\n\n<hr class=\"wp-block-separator\"\/>\n\n\n\n<p><em><a href=\"https:\/\/localization.news\/it\/legal-notice-and-privacy-policy\/\">Vedi anche l\u2019avviso legale.<\/a><\/em><\/p>\n\n\n\n<p><em>In caso di dubbi sull\u2019accuratezza delle informazioni contenute nella versione tradotta del sito web, si prega di consultare la versione ufficiale (bulgaro, croato, ceco, danese, olandese, inglese, estone, finlandese, francese, tedesco, greco, ungherese, irlandese, italiano, lettone, lituano, maltese, polacco, portoghese, rumeno, slovacco, sloveno, spagnolo, svedese) del testo oppure di utilizzare un servizio di traduzione professionale.<\/em><\/p>\n\n\n\n<p><em>Per ulteriori informazioni sui servizi di traduzione automatica o sulla traduzione automatica post-editing, <a href=\"https:\/\/asap-translation.com\/\" target=\"_blank\" rel=\"noreferrer noopener\">non esitate a contattare la societ\u00e0 di traduzione ASAP-translation.com.<\/a><\/em><\/p>\n","protected":false},"excerpt":{"rendered":"<p>Esonero dalla responsabilit\u00e0 per la traduzione automatica Esonero dalla responsabilit\u00e0 per la traduzione automatica revisionata (MTPE) Esonero dalla responsabilit\u00e0 per la traduzione automatica Questa traduzione \u00e8 creata da uno strumento di traduzione automatica completamente automatizzato per darti un\u2019idea di base del contenuto nella lingua che comprendi. Non contiene alcun intervento umano e il fornitore non [&hellip;]<\/p>\n","protected":false},"author":1,"featured_media":4751,"parent":0,"menu_order":0,"comment_status":"closed","ping_status":"closed","template":"","meta":{"footnotes":""},"yoast_head":"<!-- This site is optimized with the Yoast SEO Premium plugin v21.4 (Yoast SEO v22.8) - https:\/\/yoast.com\/wordpress\/plugins\/seo\/ -->\n<title>Esonero dalla responsabilit\u00e0 per la traduzione automatica - Localization.NEWS<\/title>\n<meta name=\"description\" content=\"Esonero dalla responsabilit\u00e0 per la traduzione automatica limita la responsabilit\u00e0 dell&#039;uso di uno strumento di traduzione automatica utilizzato per tradurre l&#039;articolo.\" \/>\n<meta name=\"robots\" content=\"index, follow, max-snippet:-1, max-image-preview:large, max-video-preview:-1\" \/>\n<link rel=\"canonical\" href=\"https:\/\/localization.news\/it\/rinuncia-alla-traduzione-automatica\/\" \/>\n<meta property=\"og:locale\" content=\"it_IT\" \/>\n<meta property=\"og:type\" content=\"article\" \/>\n<meta property=\"og:title\" content=\"Esonero dalla responsabilit\u00e0 per la traduzione automatica\" \/>\n<meta property=\"og:description\" content=\"Esonero dalla responsabilit\u00e0 per la traduzione automatica limita la responsabilit\u00e0 dell&#039;uso di uno strumento di traduzione automatica utilizzato per tradurre l&#039;articolo.\" \/>\n<meta property=\"og:url\" content=\"https:\/\/localization.news\/it\/rinuncia-alla-traduzione-automatica\/\" \/>\n<meta property=\"og:site_name\" content=\"Localization.NEWS\" \/>\n<meta property=\"article:publisher\" content=\"https:\/\/www.facebook.com\/asaptranslation\/\" \/>\n<meta property=\"article:modified_time\" content=\"2022-03-09T08:56:25+00:00\" \/>\n<meta property=\"og:image\" content=\"https:\/\/localization.news\/wp-content\/uploads\/2022\/03\/machine-translation-disclaimer.jpg\" \/>\n\t<meta property=\"og:image:width\" content=\"253\" \/>\n\t<meta property=\"og:image:height\" content=\"200\" \/>\n\t<meta property=\"og:image:type\" content=\"image\/jpeg\" \/>\n<meta name=\"twitter:card\" content=\"summary_large_image\" \/>\n<meta name=\"twitter:label1\" content=\"Tempo di lettura stimato\" \/>\n\t<meta name=\"twitter:data1\" content=\"1 minuto\" \/>\n<script type=\"application\/ld+json\" class=\"yoast-schema-graph\">{\"@context\":\"https:\/\/schema.org\",\"@graph\":[{\"@type\":\"WebPage\",\"@id\":\"https:\/\/localization.news\/it\/rinuncia-alla-traduzione-automatica\/\",\"url\":\"https:\/\/localization.news\/it\/rinuncia-alla-traduzione-automatica\/\",\"name\":\"Esonero dalla responsabilit\u00e0 per la traduzione automatica - Localization.NEWS\",\"isPartOf\":{\"@id\":\"https:\/\/localization.news\/it\/#website\"},\"primaryImageOfPage\":{\"@id\":\"https:\/\/localization.news\/it\/rinuncia-alla-traduzione-automatica\/#primaryimage\"},\"image\":{\"@id\":\"https:\/\/localization.news\/it\/rinuncia-alla-traduzione-automatica\/#primaryimage\"},\"thumbnailUrl\":\"https:\/\/localization.news\/wp-content\/uploads\/2022\/03\/machine-translation-disclaimer.jpg\",\"datePublished\":\"2022-03-07T14:29:14+00:00\",\"dateModified\":\"2022-03-09T08:56:25+00:00\",\"description\":\"Esonero dalla responsabilit\u00e0 per la traduzione automatica limita la responsabilit\u00e0 dell'uso di uno strumento di traduzione automatica utilizzato per tradurre l'articolo.\",\"breadcrumb\":{\"@id\":\"https:\/\/localization.news\/it\/rinuncia-alla-traduzione-automatica\/#breadcrumb\"},\"inLanguage\":\"it-IT\",\"potentialAction\":[{\"@type\":\"ReadAction\",\"target\":[\"https:\/\/localization.news\/it\/rinuncia-alla-traduzione-automatica\/\"]}]},{\"@type\":\"ImageObject\",\"inLanguage\":\"it-IT\",\"@id\":\"https:\/\/localization.news\/it\/rinuncia-alla-traduzione-automatica\/#primaryimage\",\"url\":\"https:\/\/localization.news\/wp-content\/uploads\/2022\/03\/machine-translation-disclaimer.jpg\",\"contentUrl\":\"https:\/\/localization.news\/wp-content\/uploads\/2022\/03\/machine-translation-disclaimer.jpg\",\"width\":253,\"height\":200,\"caption\":\"Machine translation disclaimer\"},{\"@type\":\"BreadcrumbList\",\"@id\":\"https:\/\/localization.news\/it\/rinuncia-alla-traduzione-automatica\/#breadcrumb\",\"itemListElement\":[{\"@type\":\"ListItem\",\"position\":1,\"name\":\"Home\",\"item\":\"https:\/\/localization.news\/it\/\"},{\"@type\":\"ListItem\",\"position\":2,\"name\":\"Esonero dalla responsabilit\u00e0 per la traduzione automatica\"}]},{\"@type\":\"WebSite\",\"@id\":\"https:\/\/localization.news\/it\/#website\",\"url\":\"https:\/\/localization.news\/it\/\",\"name\":\"Localization.NEWS\",\"description\":\"Translation and Localization news portal\",\"publisher\":{\"@id\":\"https:\/\/localization.news\/it\/#organization\"},\"potentialAction\":[{\"@type\":\"SearchAction\",\"target\":{\"@type\":\"EntryPoint\",\"urlTemplate\":\"https:\/\/localization.news\/it\/?s={search_term_string}\"},\"query-input\":\"required name=search_term_string\"}],\"inLanguage\":\"it-IT\"},{\"@type\":\"Organization\",\"@id\":\"https:\/\/localization.news\/it\/#organization\",\"name\":\"Localization.NEWS\",\"url\":\"https:\/\/localization.news\/it\/\",\"logo\":{\"@type\":\"ImageObject\",\"inLanguage\":\"it-IT\",\"@id\":\"https:\/\/localization.news\/it\/#\/schema\/logo\/image\/\",\"url\":\"https:\/\/localization.news\/wp-content\/uploads\/2021\/06\/localization_default.jpg\",\"contentUrl\":\"https:\/\/localization.news\/wp-content\/uploads\/2021\/06\/localization_default.jpg\",\"width\":1920,\"height\":1280,\"caption\":\"Localization.NEWS\"},\"image\":{\"@id\":\"https:\/\/localization.news\/it\/#\/schema\/logo\/image\/\"},\"sameAs\":[\"https:\/\/www.facebook.com\/asaptranslation\/\"]}]}<\/script>\n<!-- \/ Yoast SEO Premium plugin. -->","yoast_head_json":{"title":"Esonero dalla responsabilit\u00e0 per la traduzione automatica - Localization.NEWS","description":"Esonero dalla responsabilit\u00e0 per la traduzione automatica limita la responsabilit\u00e0 dell'uso di uno strumento di traduzione automatica utilizzato per tradurre l'articolo.","robots":{"index":"index","follow":"follow","max-snippet":"max-snippet:-1","max-image-preview":"max-image-preview:large","max-video-preview":"max-video-preview:-1"},"canonical":"https:\/\/localization.news\/it\/rinuncia-alla-traduzione-automatica\/","og_locale":"it_IT","og_type":"article","og_title":"Esonero dalla responsabilit\u00e0 per la traduzione automatica","og_description":"Esonero dalla responsabilit\u00e0 per la traduzione automatica limita la responsabilit\u00e0 dell'uso di uno strumento di traduzione automatica utilizzato per tradurre l'articolo.","og_url":"https:\/\/localization.news\/it\/rinuncia-alla-traduzione-automatica\/","og_site_name":"Localization.NEWS","article_publisher":"https:\/\/www.facebook.com\/asaptranslation\/","article_modified_time":"2022-03-09T08:56:25+00:00","og_image":[{"width":253,"height":200,"url":"https:\/\/localization.news\/wp-content\/uploads\/2022\/03\/machine-translation-disclaimer.jpg","type":"image\/jpeg"}],"twitter_card":"summary_large_image","twitter_misc":{"Tempo di lettura stimato":"1 minuto"},"schema":{"@context":"https:\/\/schema.org","@graph":[{"@type":"WebPage","@id":"https:\/\/localization.news\/it\/rinuncia-alla-traduzione-automatica\/","url":"https:\/\/localization.news\/it\/rinuncia-alla-traduzione-automatica\/","name":"Esonero dalla responsabilit\u00e0 per la traduzione automatica - Localization.NEWS","isPartOf":{"@id":"https:\/\/localization.news\/it\/#website"},"primaryImageOfPage":{"@id":"https:\/\/localization.news\/it\/rinuncia-alla-traduzione-automatica\/#primaryimage"},"image":{"@id":"https:\/\/localization.news\/it\/rinuncia-alla-traduzione-automatica\/#primaryimage"},"thumbnailUrl":"https:\/\/localization.news\/wp-content\/uploads\/2022\/03\/machine-translation-disclaimer.jpg","datePublished":"2022-03-07T14:29:14+00:00","dateModified":"2022-03-09T08:56:25+00:00","description":"Esonero dalla responsabilit\u00e0 per la traduzione automatica limita la responsabilit\u00e0 dell'uso di uno strumento di traduzione automatica utilizzato per tradurre l'articolo.","breadcrumb":{"@id":"https:\/\/localization.news\/it\/rinuncia-alla-traduzione-automatica\/#breadcrumb"},"inLanguage":"it-IT","potentialAction":[{"@type":"ReadAction","target":["https:\/\/localization.news\/it\/rinuncia-alla-traduzione-automatica\/"]}]},{"@type":"ImageObject","inLanguage":"it-IT","@id":"https:\/\/localization.news\/it\/rinuncia-alla-traduzione-automatica\/#primaryimage","url":"https:\/\/localization.news\/wp-content\/uploads\/2022\/03\/machine-translation-disclaimer.jpg","contentUrl":"https:\/\/localization.news\/wp-content\/uploads\/2022\/03\/machine-translation-disclaimer.jpg","width":253,"height":200,"caption":"Machine translation disclaimer"},{"@type":"BreadcrumbList","@id":"https:\/\/localization.news\/it\/rinuncia-alla-traduzione-automatica\/#breadcrumb","itemListElement":[{"@type":"ListItem","position":1,"name":"Home","item":"https:\/\/localization.news\/it\/"},{"@type":"ListItem","position":2,"name":"Esonero dalla responsabilit\u00e0 per la traduzione automatica"}]},{"@type":"WebSite","@id":"https:\/\/localization.news\/it\/#website","url":"https:\/\/localization.news\/it\/","name":"Localization.NEWS","description":"Translation and Localization news portal","publisher":{"@id":"https:\/\/localization.news\/it\/#organization"},"potentialAction":[{"@type":"SearchAction","target":{"@type":"EntryPoint","urlTemplate":"https:\/\/localization.news\/it\/?s={search_term_string}"},"query-input":"required name=search_term_string"}],"inLanguage":"it-IT"},{"@type":"Organization","@id":"https:\/\/localization.news\/it\/#organization","name":"Localization.NEWS","url":"https:\/\/localization.news\/it\/","logo":{"@type":"ImageObject","inLanguage":"it-IT","@id":"https:\/\/localization.news\/it\/#\/schema\/logo\/image\/","url":"https:\/\/localization.news\/wp-content\/uploads\/2021\/06\/localization_default.jpg","contentUrl":"https:\/\/localization.news\/wp-content\/uploads\/2021\/06\/localization_default.jpg","width":1920,"height":1280,"caption":"Localization.NEWS"},"image":{"@id":"https:\/\/localization.news\/it\/#\/schema\/logo\/image\/"},"sameAs":["https:\/\/www.facebook.com\/asaptranslation\/"]}]}},"publishpress_future_action":{"enabled":false,"date":"1970-01-01 00:00:00","action":"","terms":[],"taxonomy":"","browser_timezone_offset":0},"_links":{"self":[{"href":"https:\/\/localization.news\/it\/wp-json\/wp\/v2\/pages\/4769"}],"collection":[{"href":"https:\/\/localization.news\/it\/wp-json\/wp\/v2\/pages"}],"about":[{"href":"https:\/\/localization.news\/it\/wp-json\/wp\/v2\/types\/page"}],"author":[{"embeddable":true,"href":"https:\/\/localization.news\/it\/wp-json\/wp\/v2\/users\/1"}],"replies":[{"embeddable":true,"href":"https:\/\/localization.news\/it\/wp-json\/wp\/v2\/comments?post=4769"}],"version-history":[{"count":1,"href":"https:\/\/localization.news\/it\/wp-json\/wp\/v2\/pages\/4769\/revisions"}],"predecessor-version":[{"id":4864,"href":"https:\/\/localization.news\/it\/wp-json\/wp\/v2\/pages\/4769\/revisions\/4864"}],"wp:featuredmedia":[{"embeddable":true,"href":"https:\/\/localization.news\/it\/wp-json\/wp\/v2\/media\/4751"}],"wp:attachment":[{"href":"https:\/\/localization.news\/it\/wp-json\/wp\/v2\/media?parent=4769"}],"curies":[{"name":"wp","href":"https:\/\/api.w.org\/{rel}","templated":true}]}}