{"id":3686,"date":"2021-05-26T07:13:12","date_gmt":"2021-05-26T07:13:12","guid":{"rendered":"https:\/\/localization.news\/home-2\/"},"modified":"2022-03-17T10:42:44","modified_gmt":"2022-03-17T10:42:44","slug":"nowosci-ze-swiata-lokalizacji","status":"publish","type":"page","link":"https:\/\/localization.news\/pl\/","title":{"rendered":"Nowo\u015bci ze \u015bwiata lokalizacji"},"content":{"rendered":"\n<p>Localization.NEWS &#8211; nowo\u015bci ze \u015bwiata lokalizacji. Internetowy portal informacyjny dotycz\u0105cy t\u0142umacze\u0144 i j\u0119zyk\u00f3w umo\u017cliwia nabywcom us\u0142ug j\u0119zykowych bycie na bie\u017c\u0105co. Zapewniamy najnowsze wiadomo\u015bci z bran\u017cy j\u0119zykowej. Localization.NEWS jest r\u00f3wnie\u017c doceniany przez dostawc\u00f3w us\u0142ug internetowych, kt\u00f3rzy chc\u0105 monitorowa\u0107 najnowsze trendy bran\u017cowe w procesie t\u0142umaczenia i najnowsze technologie lokalizacyjne. Portal Localization.NEWS dostarcza aktualno\u015bci na temat lokalizacji i t\u0142umacze\u0144 i ma ogromn\u0105 warto\u015b\u0107 dla kupuj\u0105cych t\u0142umaczenia i specjalist\u00f3w z bran\u017cy lokalizacyjnej.<\/p>\n","protected":false},"excerpt":{"rendered":"<p>Localization.NEWS &#8211; nowo\u015bci ze \u015bwiata lokalizacji. Internetowy portal informacyjny dotycz\u0105cy t\u0142umacze\u0144 i j\u0119zyk\u00f3w umo\u017cliwia nabywcom us\u0142ug j\u0119zykowych bycie na bie\u017c\u0105co. Zapewniamy najnowsze wiadomo\u015bci z bran\u017cy j\u0119zykowej. Localization.NEWS jest r\u00f3wnie\u017c doceniany przez dostawc\u00f3w us\u0142ug internetowych, kt\u00f3rzy chc\u0105 monitorowa\u0107 najnowsze trendy bran\u017cowe w procesie t\u0142umaczenia i najnowsze technologie lokalizacyjne. Portal Localization.NEWS dostarcza aktualno\u015bci na temat lokalizacji i [&hellip;]<\/p>\n","protected":false},"author":1,"featured_media":3379,"parent":0,"menu_order":0,"comment_status":"closed","ping_status":"closed","template":"template-modules.php","meta":{"footnotes":""},"yoast_head":"<!-- This site is optimized with the Yoast SEO Premium plugin v21.4 (Yoast SEO v22.8) - https:\/\/yoast.com\/wordpress\/plugins\/seo\/ -->\n<title>Localization.NEWS<\/title>\n<meta name=\"description\" content=\"Localization.NEWS dostarcza wiadomo\u015bci ze \u015bwiata lokalizacji bezpo\u015brednio od dostawc\u00f3w us\u0142ug t\u0142umaczeniowych.\" \/>\n<meta name=\"robots\" content=\"index, follow, max-snippet:-1, max-image-preview:large, max-video-preview:-1\" \/>\n<link rel=\"canonical\" href=\"https:\/\/localization.news\/pl\/\" \/>\n<meta property=\"og:locale\" content=\"pl_PL\" \/>\n<meta property=\"og:type\" content=\"article\" \/>\n<meta property=\"og:title\" content=\"Localization.NEWS\" \/>\n<meta property=\"og:description\" content=\"Translation and localization news portal\" \/>\n<meta property=\"og:url\" content=\"https:\/\/localization.news\/pl\/\" \/>\n<meta property=\"og:site_name\" content=\"Localization.NEWS\" \/>\n<meta property=\"article:publisher\" content=\"https:\/\/www.facebook.com\/asaptranslation\/\" \/>\n<meta property=\"article:modified_time\" content=\"2022-03-17T10:42:44+00:00\" \/>\n<meta property=\"og:image\" content=\"https:\/\/localization.news\/wp-content\/uploads\/2021\/06\/localization_default.jpg\" \/>\n<meta name=\"twitter:card\" content=\"summary_large_image\" \/>\n<meta name=\"twitter:title\" content=\"Nowo\u015bci ze \u015bwiata lokalizacji\" \/>\n<meta name=\"twitter:label1\" content=\"Szacowany czas czytania\" \/>\n\t<meta name=\"twitter:data1\" content=\"1 minuta\" \/>\n<script type=\"application\/ld+json\" class=\"yoast-schema-graph\">{\"@context\":\"https:\/\/schema.org\",\"@graph\":[{\"@type\":\"WebPage\",\"@id\":\"https:\/\/localization.news\/pl\/\",\"url\":\"https:\/\/localization.news\/pl\/\",\"name\":\"Localization.NEWS\",\"isPartOf\":{\"@id\":\"https:\/\/localization.news\/pl\/#website\"},\"primaryImageOfPage\":{\"@id\":\"https:\/\/localization.news\/pl\/#primaryimage\"},\"image\":{\"@id\":\"https:\/\/localization.news\/pl\/#primaryimage\"},\"thumbnailUrl\":\"https:\/\/localization.news\/wp-content\/uploads\/2021\/06\/localization_default-1.jpg\",\"datePublished\":\"2021-05-26T07:13:12+00:00\",\"dateModified\":\"2022-03-17T10:42:44+00:00\",\"description\":\"Localization.NEWS dostarcza wiadomo\u015bci ze \u015bwiata lokalizacji bezpo\u015brednio od dostawc\u00f3w us\u0142ug t\u0142umaczeniowych.\",\"breadcrumb\":{\"@id\":\"https:\/\/localization.news\/pl\/#breadcrumb\"},\"inLanguage\":\"pl-PL\",\"potentialAction\":[{\"@type\":\"ReadAction\",\"target\":[\"https:\/\/localization.news\/pl\/\"]}]},{\"@type\":\"ImageObject\",\"inLanguage\":\"pl-PL\",\"@id\":\"https:\/\/localization.news\/pl\/#primaryimage\",\"url\":\"https:\/\/localization.news\/wp-content\/uploads\/2021\/06\/localization_default-1.jpg\",\"contentUrl\":\"https:\/\/localization.news\/wp-content\/uploads\/2021\/06\/localization_default-1.jpg\",\"width\":1920,\"height\":1280,\"caption\":\"Localization.NEWS\"},{\"@type\":\"BreadcrumbList\",\"@id\":\"https:\/\/localization.news\/pl\/#breadcrumb\",\"itemListElement\":[{\"@type\":\"ListItem\",\"position\":1,\"name\":\"Home\",\"item\":\"https:\/\/localization.news\/pl\/\"},{\"@type\":\"ListItem\",\"position\":2,\"name\":\"Nowo\u015bci ze \u015bwiata lokalizacji\"}]},{\"@type\":\"WebSite\",\"@id\":\"https:\/\/localization.news\/pl\/#website\",\"url\":\"https:\/\/localization.news\/pl\/\",\"name\":\"Localization.NEWS\",\"description\":\"Translation and Localization news portal\",\"publisher\":{\"@id\":\"https:\/\/localization.news\/pl\/#organization\"},\"potentialAction\":[{\"@type\":\"SearchAction\",\"target\":{\"@type\":\"EntryPoint\",\"urlTemplate\":\"https:\/\/localization.news\/pl\/?s={search_term_string}\"},\"query-input\":\"required name=search_term_string\"}],\"inLanguage\":\"pl-PL\"},{\"@type\":\"Organization\",\"@id\":\"https:\/\/localization.news\/pl\/#organization\",\"name\":\"Localization.NEWS\",\"url\":\"https:\/\/localization.news\/pl\/\",\"logo\":{\"@type\":\"ImageObject\",\"inLanguage\":\"pl-PL\",\"@id\":\"https:\/\/localization.news\/pl\/#\/schema\/logo\/image\/\",\"url\":\"https:\/\/localization.news\/wp-content\/uploads\/2021\/06\/localization_default.jpg\",\"contentUrl\":\"https:\/\/localization.news\/wp-content\/uploads\/2021\/06\/localization_default.jpg\",\"width\":1920,\"height\":1280,\"caption\":\"Localization.NEWS\"},\"image\":{\"@id\":\"https:\/\/localization.news\/pl\/#\/schema\/logo\/image\/\"},\"sameAs\":[\"https:\/\/www.facebook.com\/asaptranslation\/\"]}]}<\/script>\n<!-- \/ Yoast SEO Premium plugin. -->","yoast_head_json":{"title":"Localization.NEWS","description":"Localization.NEWS dostarcza wiadomo\u015bci ze \u015bwiata lokalizacji bezpo\u015brednio od dostawc\u00f3w us\u0142ug t\u0142umaczeniowych.","robots":{"index":"index","follow":"follow","max-snippet":"max-snippet:-1","max-image-preview":"max-image-preview:large","max-video-preview":"max-video-preview:-1"},"canonical":"https:\/\/localization.news\/pl\/","og_locale":"pl_PL","og_type":"article","og_title":"Localization.NEWS","og_description":"Translation and localization news portal","og_url":"https:\/\/localization.news\/pl\/","og_site_name":"Localization.NEWS","article_publisher":"https:\/\/www.facebook.com\/asaptranslation\/","article_modified_time":"2022-03-17T10:42:44+00:00","og_image":[{"url":"https:\/\/localization.news\/wp-content\/uploads\/2021\/06\/localization_default.jpg"}],"twitter_card":"summary_large_image","twitter_title":"Nowo\u015bci ze \u015bwiata lokalizacji","twitter_misc":{"Szacowany czas czytania":"1 minuta"},"schema":{"@context":"https:\/\/schema.org","@graph":[{"@type":"WebPage","@id":"https:\/\/localization.news\/pl\/","url":"https:\/\/localization.news\/pl\/","name":"Localization.NEWS","isPartOf":{"@id":"https:\/\/localization.news\/pl\/#website"},"primaryImageOfPage":{"@id":"https:\/\/localization.news\/pl\/#primaryimage"},"image":{"@id":"https:\/\/localization.news\/pl\/#primaryimage"},"thumbnailUrl":"https:\/\/localization.news\/wp-content\/uploads\/2021\/06\/localization_default-1.jpg","datePublished":"2021-05-26T07:13:12+00:00","dateModified":"2022-03-17T10:42:44+00:00","description":"Localization.NEWS dostarcza wiadomo\u015bci ze \u015bwiata lokalizacji bezpo\u015brednio od dostawc\u00f3w us\u0142ug t\u0142umaczeniowych.","breadcrumb":{"@id":"https:\/\/localization.news\/pl\/#breadcrumb"},"inLanguage":"pl-PL","potentialAction":[{"@type":"ReadAction","target":["https:\/\/localization.news\/pl\/"]}]},{"@type":"ImageObject","inLanguage":"pl-PL","@id":"https:\/\/localization.news\/pl\/#primaryimage","url":"https:\/\/localization.news\/wp-content\/uploads\/2021\/06\/localization_default-1.jpg","contentUrl":"https:\/\/localization.news\/wp-content\/uploads\/2021\/06\/localization_default-1.jpg","width":1920,"height":1280,"caption":"Localization.NEWS"},{"@type":"BreadcrumbList","@id":"https:\/\/localization.news\/pl\/#breadcrumb","itemListElement":[{"@type":"ListItem","position":1,"name":"Home","item":"https:\/\/localization.news\/pl\/"},{"@type":"ListItem","position":2,"name":"Nowo\u015bci ze \u015bwiata lokalizacji"}]},{"@type":"WebSite","@id":"https:\/\/localization.news\/pl\/#website","url":"https:\/\/localization.news\/pl\/","name":"Localization.NEWS","description":"Translation and Localization news portal","publisher":{"@id":"https:\/\/localization.news\/pl\/#organization"},"potentialAction":[{"@type":"SearchAction","target":{"@type":"EntryPoint","urlTemplate":"https:\/\/localization.news\/pl\/?s={search_term_string}"},"query-input":"required name=search_term_string"}],"inLanguage":"pl-PL"},{"@type":"Organization","@id":"https:\/\/localization.news\/pl\/#organization","name":"Localization.NEWS","url":"https:\/\/localization.news\/pl\/","logo":{"@type":"ImageObject","inLanguage":"pl-PL","@id":"https:\/\/localization.news\/pl\/#\/schema\/logo\/image\/","url":"https:\/\/localization.news\/wp-content\/uploads\/2021\/06\/localization_default.jpg","contentUrl":"https:\/\/localization.news\/wp-content\/uploads\/2021\/06\/localization_default.jpg","width":1920,"height":1280,"caption":"Localization.NEWS"},"image":{"@id":"https:\/\/localization.news\/pl\/#\/schema\/logo\/image\/"},"sameAs":["https:\/\/www.facebook.com\/asaptranslation\/"]}]}},"publishpress_future_action":{"enabled":false,"date":"1970-01-01 00:00:00","action":"","terms":[],"taxonomy":"","browser_timezone_offset":0},"_links":{"self":[{"href":"https:\/\/localization.news\/pl\/wp-json\/wp\/v2\/pages\/3686"}],"collection":[{"href":"https:\/\/localization.news\/pl\/wp-json\/wp\/v2\/pages"}],"about":[{"href":"https:\/\/localization.news\/pl\/wp-json\/wp\/v2\/types\/page"}],"author":[{"embeddable":true,"href":"https:\/\/localization.news\/pl\/wp-json\/wp\/v2\/users\/1"}],"replies":[{"embeddable":true,"href":"https:\/\/localization.news\/pl\/wp-json\/wp\/v2\/comments?post=3686"}],"version-history":[{"count":3,"href":"https:\/\/localization.news\/pl\/wp-json\/wp\/v2\/pages\/3686\/revisions"}],"predecessor-version":[{"id":4903,"href":"https:\/\/localization.news\/pl\/wp-json\/wp\/v2\/pages\/3686\/revisions\/4903"}],"wp:featuredmedia":[{"embeddable":true,"href":"https:\/\/localization.news\/pl\/wp-json\/wp\/v2\/media\/3379"}],"wp:attachment":[{"href":"https:\/\/localization.news\/pl\/wp-json\/wp\/v2\/media?parent=3686"}],"curies":[{"name":"wp","href":"https:\/\/api.w.org\/{rel}","templated":true}]}}