{"id":3697,"date":"2021-06-04T09:09:17","date_gmt":"2021-06-04T09:09:17","guid":{"rendered":"https:\/\/localization.news\/o-projekcie-lokalizacja-news\/"},"modified":"2021-11-22T15:38:01","modified_gmt":"2021-11-22T15:38:01","slug":"o-projekcie-lokalizacja-news","status":"publish","type":"page","link":"https:\/\/localization.news\/pl\/o-projekcie-lokalizacja-news\/","title":{"rendered":"O projekcie Lokalizacja.NEWS"},"content":{"rendered":"\n<p>Projekt Localization.NEWS zosta\u0142 zainicjowany przez firm\u0119 t\u0142umaczeniow\u0105 ASAP-translation.com i ma na celu podniesienie \u015bwiadomo\u015bci w\u015br\u00f3d laik\u00f3w i fachowc\u00f3w o wydarzeniach i nowo\u015bciach w dziedzinie t\u0142umacze\u0144 i lokalizacji, a tak\u017ce promowanie pracy i osi\u0105gni\u0119\u0107 indywidualnych organizacje partnerskie. Projekt skupia partnerskie firmy t\u0142umaczeniowe z ca\u0142ego \u015bwiata, kt\u00f3re za jego po\u015brednictwem informuj\u0105 profesjonalist\u00f3w i laik\u00f3w o swoich dzia\u0142aniach, sukcesach, ale tak\u017ce o innowacjach w bran\u017cy t\u0142umaczeniowej i lokalizacyjnej, zw\u0142aszcza w obszarach takich jak nowe technologie w t\u0142umaczeniu, publikuje informacje o zmianach kadrowych w firmach, badaniach w zakresie t\u0142umacze\u0144, dzia\u0142alno\u015bci edukacyjnej.<\/p>\n\n\n\n<p>Poprzez nasze dzia\u0142ania pragniemy przyczyni\u0107 si\u0119 do przejrzysto\u015bci \u015bwiadczonych us\u0142ug oraz do rozwoju ca\u0142ej bran\u017cy t\u0142umaczeniowej i lokalizacyjnej.<\/p>\n","protected":false},"excerpt":{"rendered":"<p>Projekt Localization.NEWS zosta\u0142 zainicjowany przez firm\u0119 t\u0142umaczeniow\u0105 ASAP-translation.com i ma na celu podniesienie \u015bwiadomo\u015bci w\u015br\u00f3d laik\u00f3w i fachowc\u00f3w o wydarzeniach i nowo\u015bciach w dziedzinie t\u0142umacze\u0144 i lokalizacji, a tak\u017ce promowanie pracy i osi\u0105gni\u0119\u0107 indywidualnych organizacje partnerskie. Projekt skupia partnerskie firmy t\u0142umaczeniowe z ca\u0142ego \u015bwiata, kt\u00f3re za jego po\u015brednictwem informuj\u0105 profesjonalist\u00f3w i laik\u00f3w o swoich dzia\u0142aniach, [&hellip;]<\/p>\n","protected":false},"author":1,"featured_media":0,"parent":0,"menu_order":0,"comment_status":"closed","ping_status":"closed","template":"","meta":{"footnotes":""},"yoast_head":"<!-- This site is optimized with the Yoast SEO Premium plugin v21.4 (Yoast SEO v22.8) - https:\/\/yoast.com\/wordpress\/plugins\/seo\/ -->\n<title>O projekcie Lokalizacja.NEWS - Localization.NEWS<\/title>\n<meta name=\"robots\" content=\"index, follow, max-snippet:-1, max-image-preview:large, max-video-preview:-1\" \/>\n<link rel=\"canonical\" href=\"https:\/\/localization.news\/pl\/o-projekcie-lokalizacja-news\/\" \/>\n<meta property=\"og:locale\" content=\"pl_PL\" \/>\n<meta property=\"og:type\" content=\"article\" \/>\n<meta property=\"og:title\" content=\"O projekcie Lokalizacja.NEWS\" \/>\n<meta property=\"og:description\" content=\"Projekt Localization.NEWS zosta\u0142 zainicjowany przez firm\u0119 t\u0142umaczeniow\u0105 ASAP-translation.com i ma na celu podniesienie \u015bwiadomo\u015bci w\u015br\u00f3d laik\u00f3w i fachowc\u00f3w o wydarzeniach i nowo\u015bciach w dziedzinie t\u0142umacze\u0144 i lokalizacji, a tak\u017ce promowanie pracy i osi\u0105gni\u0119\u0107 indywidualnych organizacje partnerskie. Projekt skupia partnerskie firmy t\u0142umaczeniowe z ca\u0142ego \u015bwiata, kt\u00f3re za jego po\u015brednictwem informuj\u0105 profesjonalist\u00f3w i laik\u00f3w o swoich dzia\u0142aniach, [&hellip;]\" \/>\n<meta property=\"og:url\" content=\"https:\/\/localization.news\/pl\/o-projekcie-lokalizacja-news\/\" \/>\n<meta property=\"og:site_name\" content=\"Localization.NEWS\" \/>\n<meta property=\"article:publisher\" content=\"https:\/\/www.facebook.com\/asaptranslation\/\" \/>\n<meta property=\"article:modified_time\" content=\"2021-11-22T15:38:01+00:00\" \/>\n<meta name=\"twitter:card\" content=\"summary_large_image\" \/>\n<meta name=\"twitter:label1\" content=\"Szacowany czas czytania\" \/>\n\t<meta name=\"twitter:data1\" content=\"1 minuta\" \/>\n<script type=\"application\/ld+json\" class=\"yoast-schema-graph\">{\"@context\":\"https:\/\/schema.org\",\"@graph\":[{\"@type\":\"WebPage\",\"@id\":\"https:\/\/localization.news\/pl\/o-projekcie-lokalizacja-news\/\",\"url\":\"https:\/\/localization.news\/pl\/o-projekcie-lokalizacja-news\/\",\"name\":\"O projekcie Lokalizacja.NEWS - Localization.NEWS\",\"isPartOf\":{\"@id\":\"https:\/\/localization.news\/pl\/#website\"},\"datePublished\":\"2021-06-04T09:09:17+00:00\",\"dateModified\":\"2021-11-22T15:38:01+00:00\",\"breadcrumb\":{\"@id\":\"https:\/\/localization.news\/pl\/o-projekcie-lokalizacja-news\/#breadcrumb\"},\"inLanguage\":\"pl-PL\",\"potentialAction\":[{\"@type\":\"ReadAction\",\"target\":[\"https:\/\/localization.news\/pl\/o-projekcie-lokalizacja-news\/\"]}]},{\"@type\":\"BreadcrumbList\",\"@id\":\"https:\/\/localization.news\/pl\/o-projekcie-lokalizacja-news\/#breadcrumb\",\"itemListElement\":[{\"@type\":\"ListItem\",\"position\":1,\"name\":\"Home\",\"item\":\"https:\/\/localization.news\/pl\/\"},{\"@type\":\"ListItem\",\"position\":2,\"name\":\"O projekcie Lokalizacja.NEWS\"}]},{\"@type\":\"WebSite\",\"@id\":\"https:\/\/localization.news\/pl\/#website\",\"url\":\"https:\/\/localization.news\/pl\/\",\"name\":\"Localization.NEWS\",\"description\":\"Translation and Localization news portal\",\"publisher\":{\"@id\":\"https:\/\/localization.news\/pl\/#organization\"},\"potentialAction\":[{\"@type\":\"SearchAction\",\"target\":{\"@type\":\"EntryPoint\",\"urlTemplate\":\"https:\/\/localization.news\/pl\/?s={search_term_string}\"},\"query-input\":\"required name=search_term_string\"}],\"inLanguage\":\"pl-PL\"},{\"@type\":\"Organization\",\"@id\":\"https:\/\/localization.news\/pl\/#organization\",\"name\":\"Localization.NEWS\",\"url\":\"https:\/\/localization.news\/pl\/\",\"logo\":{\"@type\":\"ImageObject\",\"inLanguage\":\"pl-PL\",\"@id\":\"https:\/\/localization.news\/pl\/#\/schema\/logo\/image\/\",\"url\":\"https:\/\/localization.news\/wp-content\/uploads\/2021\/06\/localization_default.jpg\",\"contentUrl\":\"https:\/\/localization.news\/wp-content\/uploads\/2021\/06\/localization_default.jpg\",\"width\":1920,\"height\":1280,\"caption\":\"Localization.NEWS\"},\"image\":{\"@id\":\"https:\/\/localization.news\/pl\/#\/schema\/logo\/image\/\"},\"sameAs\":[\"https:\/\/www.facebook.com\/asaptranslation\/\"]}]}<\/script>\n<!-- \/ Yoast SEO Premium plugin. -->","yoast_head_json":{"title":"O projekcie Lokalizacja.NEWS - Localization.NEWS","robots":{"index":"index","follow":"follow","max-snippet":"max-snippet:-1","max-image-preview":"max-image-preview:large","max-video-preview":"max-video-preview:-1"},"canonical":"https:\/\/localization.news\/pl\/o-projekcie-lokalizacja-news\/","og_locale":"pl_PL","og_type":"article","og_title":"O projekcie Lokalizacja.NEWS","og_description":"Projekt Localization.NEWS zosta\u0142 zainicjowany przez firm\u0119 t\u0142umaczeniow\u0105 ASAP-translation.com i ma na celu podniesienie \u015bwiadomo\u015bci w\u015br\u00f3d laik\u00f3w i fachowc\u00f3w o wydarzeniach i nowo\u015bciach w dziedzinie t\u0142umacze\u0144 i lokalizacji, a tak\u017ce promowanie pracy i osi\u0105gni\u0119\u0107 indywidualnych organizacje partnerskie. Projekt skupia partnerskie firmy t\u0142umaczeniowe z ca\u0142ego \u015bwiata, kt\u00f3re za jego po\u015brednictwem informuj\u0105 profesjonalist\u00f3w i laik\u00f3w o swoich dzia\u0142aniach, [&hellip;]","og_url":"https:\/\/localization.news\/pl\/o-projekcie-lokalizacja-news\/","og_site_name":"Localization.NEWS","article_publisher":"https:\/\/www.facebook.com\/asaptranslation\/","article_modified_time":"2021-11-22T15:38:01+00:00","twitter_card":"summary_large_image","twitter_misc":{"Szacowany czas czytania":"1 minuta"},"schema":{"@context":"https:\/\/schema.org","@graph":[{"@type":"WebPage","@id":"https:\/\/localization.news\/pl\/o-projekcie-lokalizacja-news\/","url":"https:\/\/localization.news\/pl\/o-projekcie-lokalizacja-news\/","name":"O projekcie Lokalizacja.NEWS - Localization.NEWS","isPartOf":{"@id":"https:\/\/localization.news\/pl\/#website"},"datePublished":"2021-06-04T09:09:17+00:00","dateModified":"2021-11-22T15:38:01+00:00","breadcrumb":{"@id":"https:\/\/localization.news\/pl\/o-projekcie-lokalizacja-news\/#breadcrumb"},"inLanguage":"pl-PL","potentialAction":[{"@type":"ReadAction","target":["https:\/\/localization.news\/pl\/o-projekcie-lokalizacja-news\/"]}]},{"@type":"BreadcrumbList","@id":"https:\/\/localization.news\/pl\/o-projekcie-lokalizacja-news\/#breadcrumb","itemListElement":[{"@type":"ListItem","position":1,"name":"Home","item":"https:\/\/localization.news\/pl\/"},{"@type":"ListItem","position":2,"name":"O projekcie Lokalizacja.NEWS"}]},{"@type":"WebSite","@id":"https:\/\/localization.news\/pl\/#website","url":"https:\/\/localization.news\/pl\/","name":"Localization.NEWS","description":"Translation and Localization news portal","publisher":{"@id":"https:\/\/localization.news\/pl\/#organization"},"potentialAction":[{"@type":"SearchAction","target":{"@type":"EntryPoint","urlTemplate":"https:\/\/localization.news\/pl\/?s={search_term_string}"},"query-input":"required name=search_term_string"}],"inLanguage":"pl-PL"},{"@type":"Organization","@id":"https:\/\/localization.news\/pl\/#organization","name":"Localization.NEWS","url":"https:\/\/localization.news\/pl\/","logo":{"@type":"ImageObject","inLanguage":"pl-PL","@id":"https:\/\/localization.news\/pl\/#\/schema\/logo\/image\/","url":"https:\/\/localization.news\/wp-content\/uploads\/2021\/06\/localization_default.jpg","contentUrl":"https:\/\/localization.news\/wp-content\/uploads\/2021\/06\/localization_default.jpg","width":1920,"height":1280,"caption":"Localization.NEWS"},"image":{"@id":"https:\/\/localization.news\/pl\/#\/schema\/logo\/image\/"},"sameAs":["https:\/\/www.facebook.com\/asaptranslation\/"]}]}},"publishpress_future_action":{"enabled":false,"date":"1970-01-01 00:00:00","action":"","terms":[],"taxonomy":"","browser_timezone_offset":0},"_links":{"self":[{"href":"https:\/\/localization.news\/pl\/wp-json\/wp\/v2\/pages\/3697"}],"collection":[{"href":"https:\/\/localization.news\/pl\/wp-json\/wp\/v2\/pages"}],"about":[{"href":"https:\/\/localization.news\/pl\/wp-json\/wp\/v2\/types\/page"}],"author":[{"embeddable":true,"href":"https:\/\/localization.news\/pl\/wp-json\/wp\/v2\/users\/1"}],"replies":[{"embeddable":true,"href":"https:\/\/localization.news\/pl\/wp-json\/wp\/v2\/comments?post=3697"}],"version-history":[{"count":0,"href":"https:\/\/localization.news\/pl\/wp-json\/wp\/v2\/pages\/3697\/revisions"}],"wp:attachment":[{"href":"https:\/\/localization.news\/pl\/wp-json\/wp\/v2\/media?parent=3697"}],"curies":[{"name":"wp","href":"https:\/\/api.w.org\/{rel}","templated":true}]}}