{"id":3748,"date":"2021-06-07T11:26:44","date_gmt":"2021-06-07T11:26:44","guid":{"rendered":"https:\/\/localization.news\/tlumaczenie-na-jezyk-slowacki\/"},"modified":"2021-11-23T10:10:12","modified_gmt":"2021-11-23T10:10:12","slug":"tlumaczenie-na-jezyk-slowacki","status":"publish","type":"page","link":"https:\/\/localization.news\/pl\/tlumaczenie-na-jezyk-slowacki\/","title":{"rendered":"T\u0142umaczenie na j\u0119zyk s\u0142owacki"},"content":{"rendered":"\n<p>Podstawowe informacje o j\u0119zyku s\u0142owackim<\/p>\n\n\n\n<blockquote class=\"wp-block-quote is-layout-flow wp-block-quote-is-layout-flow\"><p>S\u0142owackie us\u0142ugi t\u0142umaczeniowe<\/p><\/blockquote>\n\n\n\n<p><\/p>\n","protected":false},"excerpt":{"rendered":"<p>Podstawowe informacje o j\u0119zyku s\u0142owackim S\u0142owackie us\u0142ugi t\u0142umaczeniowe<\/p>\n","protected":false},"author":1,"featured_media":0,"parent":0,"menu_order":0,"comment_status":"closed","ping_status":"closed","template":"","meta":{"footnotes":""},"yoast_head":"<!-- This site is optimized with the Yoast SEO Premium plugin v21.4 (Yoast SEO v22.8) - https:\/\/yoast.com\/wordpress\/plugins\/seo\/ -->\n<title>T\u0142umaczenie na j\u0119zyk s\u0142owacki - Localization.NEWS<\/title>\n<meta name=\"robots\" content=\"index, follow, max-snippet:-1, max-image-preview:large, max-video-preview:-1\" \/>\n<link rel=\"canonical\" href=\"https:\/\/localization.news\/pl\/tlumaczenie-na-jezyk-slowacki\/\" \/>\n<meta property=\"og:locale\" content=\"pl_PL\" \/>\n<meta property=\"og:type\" content=\"article\" \/>\n<meta property=\"og:title\" content=\"T\u0142umaczenie na j\u0119zyk s\u0142owacki\" \/>\n<meta property=\"og:description\" content=\"Podstawowe informacje o j\u0119zyku s\u0142owackim S\u0142owackie us\u0142ugi t\u0142umaczeniowe\" \/>\n<meta property=\"og:url\" content=\"https:\/\/localization.news\/pl\/tlumaczenie-na-jezyk-slowacki\/\" \/>\n<meta property=\"og:site_name\" content=\"Localization.NEWS\" \/>\n<meta property=\"article:publisher\" content=\"https:\/\/www.facebook.com\/asaptranslation\/\" \/>\n<meta property=\"article:modified_time\" content=\"2021-11-23T10:10:12+00:00\" \/>\n<meta name=\"twitter:card\" content=\"summary_large_image\" \/>\n<script type=\"application\/ld+json\" class=\"yoast-schema-graph\">{\"@context\":\"https:\/\/schema.org\",\"@graph\":[{\"@type\":\"WebPage\",\"@id\":\"https:\/\/localization.news\/pl\/tlumaczenie-na-jezyk-slowacki\/\",\"url\":\"https:\/\/localization.news\/pl\/tlumaczenie-na-jezyk-slowacki\/\",\"name\":\"T\u0142umaczenie na j\u0119zyk s\u0142owacki - Localization.NEWS\",\"isPartOf\":{\"@id\":\"https:\/\/localization.news\/pl\/#website\"},\"datePublished\":\"2021-06-07T11:26:44+00:00\",\"dateModified\":\"2021-11-23T10:10:12+00:00\",\"breadcrumb\":{\"@id\":\"https:\/\/localization.news\/pl\/tlumaczenie-na-jezyk-slowacki\/#breadcrumb\"},\"inLanguage\":\"pl-PL\",\"potentialAction\":[{\"@type\":\"ReadAction\",\"target\":[\"https:\/\/localization.news\/pl\/tlumaczenie-na-jezyk-slowacki\/\"]}]},{\"@type\":\"BreadcrumbList\",\"@id\":\"https:\/\/localization.news\/pl\/tlumaczenie-na-jezyk-slowacki\/#breadcrumb\",\"itemListElement\":[{\"@type\":\"ListItem\",\"position\":1,\"name\":\"Home\",\"item\":\"https:\/\/localization.news\/pl\/\"},{\"@type\":\"ListItem\",\"position\":2,\"name\":\"T\u0142umaczenie na j\u0119zyk s\u0142owacki\"}]},{\"@type\":\"WebSite\",\"@id\":\"https:\/\/localization.news\/pl\/#website\",\"url\":\"https:\/\/localization.news\/pl\/\",\"name\":\"Localization.NEWS\",\"description\":\"Translation and Localization news portal\",\"publisher\":{\"@id\":\"https:\/\/localization.news\/pl\/#organization\"},\"potentialAction\":[{\"@type\":\"SearchAction\",\"target\":{\"@type\":\"EntryPoint\",\"urlTemplate\":\"https:\/\/localization.news\/pl\/?s={search_term_string}\"},\"query-input\":\"required name=search_term_string\"}],\"inLanguage\":\"pl-PL\"},{\"@type\":\"Organization\",\"@id\":\"https:\/\/localization.news\/pl\/#organization\",\"name\":\"Localization.NEWS\",\"url\":\"https:\/\/localization.news\/pl\/\",\"logo\":{\"@type\":\"ImageObject\",\"inLanguage\":\"pl-PL\",\"@id\":\"https:\/\/localization.news\/pl\/#\/schema\/logo\/image\/\",\"url\":\"https:\/\/localization.news\/wp-content\/uploads\/2021\/06\/localization_default.jpg\",\"contentUrl\":\"https:\/\/localization.news\/wp-content\/uploads\/2021\/06\/localization_default.jpg\",\"width\":1920,\"height\":1280,\"caption\":\"Localization.NEWS\"},\"image\":{\"@id\":\"https:\/\/localization.news\/pl\/#\/schema\/logo\/image\/\"},\"sameAs\":[\"https:\/\/www.facebook.com\/asaptranslation\/\"]}]}<\/script>\n<!-- \/ Yoast SEO Premium plugin. -->","yoast_head_json":{"title":"T\u0142umaczenie na j\u0119zyk s\u0142owacki - Localization.NEWS","robots":{"index":"index","follow":"follow","max-snippet":"max-snippet:-1","max-image-preview":"max-image-preview:large","max-video-preview":"max-video-preview:-1"},"canonical":"https:\/\/localization.news\/pl\/tlumaczenie-na-jezyk-slowacki\/","og_locale":"pl_PL","og_type":"article","og_title":"T\u0142umaczenie na j\u0119zyk s\u0142owacki","og_description":"Podstawowe informacje o j\u0119zyku s\u0142owackim S\u0142owackie us\u0142ugi t\u0142umaczeniowe","og_url":"https:\/\/localization.news\/pl\/tlumaczenie-na-jezyk-slowacki\/","og_site_name":"Localization.NEWS","article_publisher":"https:\/\/www.facebook.com\/asaptranslation\/","article_modified_time":"2021-11-23T10:10:12+00:00","twitter_card":"summary_large_image","schema":{"@context":"https:\/\/schema.org","@graph":[{"@type":"WebPage","@id":"https:\/\/localization.news\/pl\/tlumaczenie-na-jezyk-slowacki\/","url":"https:\/\/localization.news\/pl\/tlumaczenie-na-jezyk-slowacki\/","name":"T\u0142umaczenie na j\u0119zyk s\u0142owacki - Localization.NEWS","isPartOf":{"@id":"https:\/\/localization.news\/pl\/#website"},"datePublished":"2021-06-07T11:26:44+00:00","dateModified":"2021-11-23T10:10:12+00:00","breadcrumb":{"@id":"https:\/\/localization.news\/pl\/tlumaczenie-na-jezyk-slowacki\/#breadcrumb"},"inLanguage":"pl-PL","potentialAction":[{"@type":"ReadAction","target":["https:\/\/localization.news\/pl\/tlumaczenie-na-jezyk-slowacki\/"]}]},{"@type":"BreadcrumbList","@id":"https:\/\/localization.news\/pl\/tlumaczenie-na-jezyk-slowacki\/#breadcrumb","itemListElement":[{"@type":"ListItem","position":1,"name":"Home","item":"https:\/\/localization.news\/pl\/"},{"@type":"ListItem","position":2,"name":"T\u0142umaczenie na j\u0119zyk s\u0142owacki"}]},{"@type":"WebSite","@id":"https:\/\/localization.news\/pl\/#website","url":"https:\/\/localization.news\/pl\/","name":"Localization.NEWS","description":"Translation and Localization news portal","publisher":{"@id":"https:\/\/localization.news\/pl\/#organization"},"potentialAction":[{"@type":"SearchAction","target":{"@type":"EntryPoint","urlTemplate":"https:\/\/localization.news\/pl\/?s={search_term_string}"},"query-input":"required name=search_term_string"}],"inLanguage":"pl-PL"},{"@type":"Organization","@id":"https:\/\/localization.news\/pl\/#organization","name":"Localization.NEWS","url":"https:\/\/localization.news\/pl\/","logo":{"@type":"ImageObject","inLanguage":"pl-PL","@id":"https:\/\/localization.news\/pl\/#\/schema\/logo\/image\/","url":"https:\/\/localization.news\/wp-content\/uploads\/2021\/06\/localization_default.jpg","contentUrl":"https:\/\/localization.news\/wp-content\/uploads\/2021\/06\/localization_default.jpg","width":1920,"height":1280,"caption":"Localization.NEWS"},"image":{"@id":"https:\/\/localization.news\/pl\/#\/schema\/logo\/image\/"},"sameAs":["https:\/\/www.facebook.com\/asaptranslation\/"]}]}},"publishpress_future_action":{"enabled":false,"date":"1970-01-01 00:00:00","action":"","terms":[],"taxonomy":"","browser_timezone_offset":0},"_links":{"self":[{"href":"https:\/\/localization.news\/pl\/wp-json\/wp\/v2\/pages\/3748"}],"collection":[{"href":"https:\/\/localization.news\/pl\/wp-json\/wp\/v2\/pages"}],"about":[{"href":"https:\/\/localization.news\/pl\/wp-json\/wp\/v2\/types\/page"}],"author":[{"embeddable":true,"href":"https:\/\/localization.news\/pl\/wp-json\/wp\/v2\/users\/1"}],"replies":[{"embeddable":true,"href":"https:\/\/localization.news\/pl\/wp-json\/wp\/v2\/comments?post=3748"}],"version-history":[{"count":0,"href":"https:\/\/localization.news\/pl\/wp-json\/wp\/v2\/pages\/3748\/revisions"}],"wp:attachment":[{"href":"https:\/\/localization.news\/pl\/wp-json\/wp\/v2\/media?parent=3748"}],"curies":[{"name":"wp","href":"https:\/\/api.w.org\/{rel}","templated":true}]}}