{"id":2013,"date":"2021-06-07T11:26:44","date_gmt":"2021-06-07T11:26:44","guid":{"rendered":"https:\/\/localization.news\/preklady-do-slovenciny\/"},"modified":"2021-06-17T10:01:40","modified_gmt":"2021-06-17T10:01:40","slug":"preklady-do-slovenciny","status":"publish","type":"page","link":"https:\/\/localization.news\/sk\/preklady-do-slovenciny\/","title":{"rendered":"Preklady do sloven\u010diny"},"content":{"rendered":"\n<p>Z\u00e1kladn\u00e9 inform\u00e1cie o slovenskom jazyku.<\/p>\n\n<blockquote class=\"wp-block-quote is-layout-flow wp-block-quote-is-layout-flow\"><p>Prekladate\u013esk\u00e9 slu\u017eby &#8211; Sloven\u010dina<\/p><\/blockquote>\n\n<p><\/p>\n","protected":false},"excerpt":{"rendered":"<p>Z\u00e1kladn\u00e9 inform\u00e1cie o slovenskom jazyku. Prekladate\u013esk\u00e9 slu\u017eby &#8211; Sloven\u010dina<\/p>\n","protected":false},"author":3,"featured_media":0,"parent":0,"menu_order":0,"comment_status":"closed","ping_status":"closed","template":"","meta":{"footnotes":""},"yoast_head":"<!-- This site is optimized with the Yoast SEO Premium plugin v21.4 (Yoast SEO v22.8) - https:\/\/yoast.com\/wordpress\/plugins\/seo\/ -->\n<title>Preklady do sloven\u010diny - Localization.NEWS<\/title>\n<meta name=\"robots\" content=\"index, follow, max-snippet:-1, max-image-preview:large, max-video-preview:-1\" \/>\n<link rel=\"canonical\" href=\"https:\/\/localization.news\/sk\/preklady-do-slovenciny\/\" \/>\n<meta property=\"og:locale\" content=\"sk_SK\" \/>\n<meta property=\"og:type\" content=\"article\" \/>\n<meta property=\"og:title\" content=\"Preklady do sloven\u010diny\" \/>\n<meta property=\"og:description\" content=\"Z\u00e1kladn\u00e9 inform\u00e1cie o slovenskom jazyku. Prekladate\u013esk\u00e9 slu\u017eby &#8211; Sloven\u010dina\" \/>\n<meta property=\"og:url\" content=\"https:\/\/localization.news\/sk\/preklady-do-slovenciny\/\" \/>\n<meta property=\"og:site_name\" content=\"Localization.NEWS\" \/>\n<meta property=\"article:publisher\" content=\"https:\/\/www.facebook.com\/asaptranslation\/\" \/>\n<meta property=\"article:modified_time\" content=\"2021-06-17T10:01:40+00:00\" \/>\n<meta name=\"twitter:card\" content=\"summary_large_image\" \/>\n<script type=\"application\/ld+json\" class=\"yoast-schema-graph\">{\"@context\":\"https:\/\/schema.org\",\"@graph\":[{\"@type\":\"WebPage\",\"@id\":\"https:\/\/localization.news\/sk\/preklady-do-slovenciny\/\",\"url\":\"https:\/\/localization.news\/sk\/preklady-do-slovenciny\/\",\"name\":\"Preklady do sloven\u010diny - Localization.NEWS\",\"isPartOf\":{\"@id\":\"https:\/\/localization.news\/sk\/#website\"},\"datePublished\":\"2021-06-07T11:26:44+00:00\",\"dateModified\":\"2021-06-17T10:01:40+00:00\",\"breadcrumb\":{\"@id\":\"https:\/\/localization.news\/sk\/preklady-do-slovenciny\/#breadcrumb\"},\"inLanguage\":\"sk-SK\",\"potentialAction\":[{\"@type\":\"ReadAction\",\"target\":[\"https:\/\/localization.news\/sk\/preklady-do-slovenciny\/\"]}]},{\"@type\":\"BreadcrumbList\",\"@id\":\"https:\/\/localization.news\/sk\/preklady-do-slovenciny\/#breadcrumb\",\"itemListElement\":[{\"@type\":\"ListItem\",\"position\":1,\"name\":\"Home\",\"item\":\"https:\/\/localization.news\/sk\/\"},{\"@type\":\"ListItem\",\"position\":2,\"name\":\"Preklady do sloven\u010diny\"}]},{\"@type\":\"WebSite\",\"@id\":\"https:\/\/localization.news\/sk\/#website\",\"url\":\"https:\/\/localization.news\/sk\/\",\"name\":\"Localization.NEWS\",\"description\":\"Translation and Localization news portal\",\"publisher\":{\"@id\":\"https:\/\/localization.news\/sk\/#organization\"},\"potentialAction\":[{\"@type\":\"SearchAction\",\"target\":{\"@type\":\"EntryPoint\",\"urlTemplate\":\"https:\/\/localization.news\/sk\/?s={search_term_string}\"},\"query-input\":\"required name=search_term_string\"}],\"inLanguage\":\"sk-SK\"},{\"@type\":\"Organization\",\"@id\":\"https:\/\/localization.news\/sk\/#organization\",\"name\":\"Localization.NEWS\",\"url\":\"https:\/\/localization.news\/sk\/\",\"logo\":{\"@type\":\"ImageObject\",\"inLanguage\":\"sk-SK\",\"@id\":\"https:\/\/localization.news\/sk\/#\/schema\/logo\/image\/\",\"url\":\"https:\/\/localization.news\/wp-content\/uploads\/2021\/06\/localization_default.jpg\",\"contentUrl\":\"https:\/\/localization.news\/wp-content\/uploads\/2021\/06\/localization_default.jpg\",\"width\":1920,\"height\":1280,\"caption\":\"Localization.NEWS\"},\"image\":{\"@id\":\"https:\/\/localization.news\/sk\/#\/schema\/logo\/image\/\"},\"sameAs\":[\"https:\/\/www.facebook.com\/asaptranslation\/\"]}]}<\/script>\n<!-- \/ Yoast SEO Premium plugin. -->","yoast_head_json":{"title":"Preklady do sloven\u010diny - Localization.NEWS","robots":{"index":"index","follow":"follow","max-snippet":"max-snippet:-1","max-image-preview":"max-image-preview:large","max-video-preview":"max-video-preview:-1"},"canonical":"https:\/\/localization.news\/sk\/preklady-do-slovenciny\/","og_locale":"sk_SK","og_type":"article","og_title":"Preklady do sloven\u010diny","og_description":"Z\u00e1kladn\u00e9 inform\u00e1cie o slovenskom jazyku. Prekladate\u013esk\u00e9 slu\u017eby &#8211; Sloven\u010dina","og_url":"https:\/\/localization.news\/sk\/preklady-do-slovenciny\/","og_site_name":"Localization.NEWS","article_publisher":"https:\/\/www.facebook.com\/asaptranslation\/","article_modified_time":"2021-06-17T10:01:40+00:00","twitter_card":"summary_large_image","schema":{"@context":"https:\/\/schema.org","@graph":[{"@type":"WebPage","@id":"https:\/\/localization.news\/sk\/preklady-do-slovenciny\/","url":"https:\/\/localization.news\/sk\/preklady-do-slovenciny\/","name":"Preklady do sloven\u010diny - Localization.NEWS","isPartOf":{"@id":"https:\/\/localization.news\/sk\/#website"},"datePublished":"2021-06-07T11:26:44+00:00","dateModified":"2021-06-17T10:01:40+00:00","breadcrumb":{"@id":"https:\/\/localization.news\/sk\/preklady-do-slovenciny\/#breadcrumb"},"inLanguage":"sk-SK","potentialAction":[{"@type":"ReadAction","target":["https:\/\/localization.news\/sk\/preklady-do-slovenciny\/"]}]},{"@type":"BreadcrumbList","@id":"https:\/\/localization.news\/sk\/preklady-do-slovenciny\/#breadcrumb","itemListElement":[{"@type":"ListItem","position":1,"name":"Home","item":"https:\/\/localization.news\/sk\/"},{"@type":"ListItem","position":2,"name":"Preklady do sloven\u010diny"}]},{"@type":"WebSite","@id":"https:\/\/localization.news\/sk\/#website","url":"https:\/\/localization.news\/sk\/","name":"Localization.NEWS","description":"Translation and Localization news portal","publisher":{"@id":"https:\/\/localization.news\/sk\/#organization"},"potentialAction":[{"@type":"SearchAction","target":{"@type":"EntryPoint","urlTemplate":"https:\/\/localization.news\/sk\/?s={search_term_string}"},"query-input":"required name=search_term_string"}],"inLanguage":"sk-SK"},{"@type":"Organization","@id":"https:\/\/localization.news\/sk\/#organization","name":"Localization.NEWS","url":"https:\/\/localization.news\/sk\/","logo":{"@type":"ImageObject","inLanguage":"sk-SK","@id":"https:\/\/localization.news\/sk\/#\/schema\/logo\/image\/","url":"https:\/\/localization.news\/wp-content\/uploads\/2021\/06\/localization_default.jpg","contentUrl":"https:\/\/localization.news\/wp-content\/uploads\/2021\/06\/localization_default.jpg","width":1920,"height":1280,"caption":"Localization.NEWS"},"image":{"@id":"https:\/\/localization.news\/sk\/#\/schema\/logo\/image\/"},"sameAs":["https:\/\/www.facebook.com\/asaptranslation\/"]}]}},"publishpress_future_action":{"enabled":false,"date":"1970-01-01 00:00:00","action":"","terms":[],"taxonomy":"","browser_timezone_offset":0},"_links":{"self":[{"href":"https:\/\/localization.news\/sk\/wp-json\/wp\/v2\/pages\/2013"}],"collection":[{"href":"https:\/\/localization.news\/sk\/wp-json\/wp\/v2\/pages"}],"about":[{"href":"https:\/\/localization.news\/sk\/wp-json\/wp\/v2\/types\/page"}],"author":[{"embeddable":true,"href":"https:\/\/localization.news\/sk\/wp-json\/wp\/v2\/users\/3"}],"replies":[{"embeddable":true,"href":"https:\/\/localization.news\/sk\/wp-json\/wp\/v2\/comments?post=2013"}],"version-history":[{"count":5,"href":"https:\/\/localization.news\/sk\/wp-json\/wp\/v2\/pages\/2013\/revisions"}],"predecessor-version":[{"id":2018,"href":"https:\/\/localization.news\/sk\/wp-json\/wp\/v2\/pages\/2013\/revisions\/2018"}],"wp:attachment":[{"href":"https:\/\/localization.news\/sk\/wp-json\/wp\/v2\/media?parent=2013"}],"curies":[{"name":"wp","href":"https:\/\/api.w.org\/{rel}","templated":true}]}}