{"id":2074,"date":"2014-10-26T13:11:14","date_gmt":"2014-10-26T13:11:14","guid":{"rendered":"https:\/\/localization.news\/contact\/"},"modified":"2021-06-18T11:23:14","modified_gmt":"2021-06-18T11:23:14","slug":"contact","status":"publish","type":"page","link":"https:\/\/localization.news\/sk\/contact\/","title":{"rendered":"Kontakt"},"content":{"rendered":"\n<p>Po\u0161lite n\u00e1m spr\u00e1vu.<\/p>\n\n\n<div class=\"wpforms-container wpforms-container-full wpforms-block\" id=\"wpforms-2329\"><form id=\"wpforms-form-2329\" class=\"wpforms-validate wpforms-form\" data-formid=\"2329\" method=\"post\" enctype=\"multipart\/form-data\" action=\"\/sk\/wp-json\/wp\/v2\/pages\/2074\" data-token=\"9b8161e940e8a2ad8fb49b28404e9a93\" data-token-time=\"1776385623\"><noscript class=\"wpforms-error-noscript\">Please enable JavaScript in your browser to complete this form.<\/noscript><div class=\"wpforms-field-container\"><div id=\"wpforms-2329-field_0-container\" class=\"wpforms-field wpforms-field-name\" data-field-id=\"0\"><label class=\"wpforms-field-label\" for=\"wpforms-2329-field_0\">Va\u0161e meno <span class=\"wpforms-required-label\">*<\/span><\/label><input type=\"text\" id=\"wpforms-2329-field_0\" class=\"wpforms-field-large wpforms-field-required\" name=\"wpforms[fields][0]\" required><\/div><div id=\"wpforms-2329-field_1-container\" class=\"wpforms-field wpforms-field-email\" data-field-id=\"1\"><label class=\"wpforms-field-label\" for=\"wpforms-2329-field_1\">V\u00e1\u0161 Email <span class=\"wpforms-required-label\">*<\/span><\/label><input type=\"email\" id=\"wpforms-2329-field_1\" class=\"wpforms-field-large wpforms-field-required\" name=\"wpforms[fields][1]\" spellcheck=\"false\" required><\/div><div id=\"wpforms-2329-field_3-container\" class=\"wpforms-field wpforms-field-text\" data-field-id=\"3\"><label class=\"wpforms-field-label\" for=\"wpforms-2329-field_3\">Predmet spr\u00e1vy<\/label><input type=\"text\" id=\"wpforms-2329-field_3\" class=\"wpforms-field-large\" name=\"wpforms[fields][3]\" ><\/div><div id=\"wpforms-2329-field_2-container\" class=\"wpforms-field wpforms-field-textarea\" data-field-id=\"2\"><label class=\"wpforms-field-label\" for=\"wpforms-2329-field_2\">Text spr\u00e1vy <span class=\"wpforms-required-label\">*<\/span><\/label><textarea id=\"wpforms-2329-field_2\" class=\"wpforms-field-large wpforms-field-required\" name=\"wpforms[fields][2]\" required><\/textarea><\/div><\/div><!-- .wpforms-field-container --><div class=\"wpforms-field wpforms-field-hp\"><label for=\"wpforms-2329-field-hp\" class=\"wpforms-field-label\">Phone<\/label><input type=\"text\" name=\"wpforms[hp]\" id=\"wpforms-2329-field-hp\" class=\"wpforms-field-medium\"><\/div><div class=\"wpforms-submit-container\" ><input type=\"hidden\" name=\"wpforms[id]\" value=\"2329\"><input type=\"hidden\" name=\"page_title\" value=\"\"><input type=\"hidden\" name=\"page_url\" value=\"https:\/\/localization.news\/sk\/wp-json\/wp\/v2\/pages\/2074\"><button type=\"submit\" name=\"wpforms[submit]\" id=\"wpforms-submit-2329\" class=\"wpforms-submit\" data-alt-text=\"Odosiela sa...\" data-submit-text=\"Odosla\u0165\" aria-live=\"assertive\" value=\"wpforms-submit\">Odosla\u0165<\/button><\/div><\/form><\/div>  <!-- .wpforms-container -->","protected":false},"excerpt":{"rendered":"<p>Po\u0161lite n\u00e1m spr\u00e1vu.<\/p>\n","protected":false},"author":3,"featured_media":0,"parent":0,"menu_order":0,"comment_status":"closed","ping_status":"closed","template":"","meta":{"footnotes":""},"yoast_head":"<!-- This site is optimized with the Yoast SEO Premium plugin v21.4 (Yoast SEO v22.8) - https:\/\/yoast.com\/wordpress\/plugins\/seo\/ -->\n<title>Kontakt - Localization.NEWS<\/title>\n<meta name=\"robots\" content=\"index, follow, max-snippet:-1, max-image-preview:large, max-video-preview:-1\" \/>\n<link rel=\"canonical\" href=\"https:\/\/localization.news\/sk\/contact\/\" \/>\n<meta property=\"og:locale\" content=\"sk_SK\" \/>\n<meta property=\"og:type\" content=\"article\" \/>\n<meta property=\"og:title\" content=\"Kontakt\" \/>\n<meta property=\"og:description\" content=\"Po\u0161lite n\u00e1m spr\u00e1vu.\" \/>\n<meta property=\"og:url\" content=\"https:\/\/localization.news\/sk\/contact\/\" \/>\n<meta property=\"og:site_name\" content=\"Localization.NEWS\" \/>\n<meta property=\"article:publisher\" content=\"https:\/\/www.facebook.com\/asaptranslation\/\" \/>\n<meta property=\"article:modified_time\" content=\"2021-06-18T11:23:14+00:00\" \/>\n<meta name=\"twitter:card\" content=\"summary_large_image\" \/>\n<script type=\"application\/ld+json\" class=\"yoast-schema-graph\">{\"@context\":\"https:\/\/schema.org\",\"@graph\":[{\"@type\":\"WebPage\",\"@id\":\"https:\/\/localization.news\/sk\/contact\/\",\"url\":\"https:\/\/localization.news\/sk\/contact\/\",\"name\":\"Kontakt - Localization.NEWS\",\"isPartOf\":{\"@id\":\"https:\/\/localization.news\/sk\/#website\"},\"datePublished\":\"2014-10-26T13:11:14+00:00\",\"dateModified\":\"2021-06-18T11:23:14+00:00\",\"breadcrumb\":{\"@id\":\"https:\/\/localization.news\/sk\/contact\/#breadcrumb\"},\"inLanguage\":\"sk-SK\",\"potentialAction\":[{\"@type\":\"ReadAction\",\"target\":[\"https:\/\/localization.news\/sk\/contact\/\"]}]},{\"@type\":\"BreadcrumbList\",\"@id\":\"https:\/\/localization.news\/sk\/contact\/#breadcrumb\",\"itemListElement\":[{\"@type\":\"ListItem\",\"position\":1,\"name\":\"Home\",\"item\":\"https:\/\/localization.news\/sk\/\"},{\"@type\":\"ListItem\",\"position\":2,\"name\":\"Kontakt\"}]},{\"@type\":\"WebSite\",\"@id\":\"https:\/\/localization.news\/sk\/#website\",\"url\":\"https:\/\/localization.news\/sk\/\",\"name\":\"Localization.NEWS\",\"description\":\"Translation and Localization news portal\",\"publisher\":{\"@id\":\"https:\/\/localization.news\/sk\/#organization\"},\"potentialAction\":[{\"@type\":\"SearchAction\",\"target\":{\"@type\":\"EntryPoint\",\"urlTemplate\":\"https:\/\/localization.news\/sk\/?s={search_term_string}\"},\"query-input\":\"required name=search_term_string\"}],\"inLanguage\":\"sk-SK\"},{\"@type\":\"Organization\",\"@id\":\"https:\/\/localization.news\/sk\/#organization\",\"name\":\"Localization.NEWS\",\"url\":\"https:\/\/localization.news\/sk\/\",\"logo\":{\"@type\":\"ImageObject\",\"inLanguage\":\"sk-SK\",\"@id\":\"https:\/\/localization.news\/sk\/#\/schema\/logo\/image\/\",\"url\":\"https:\/\/localization.news\/wp-content\/uploads\/2021\/06\/localization_default.jpg\",\"contentUrl\":\"https:\/\/localization.news\/wp-content\/uploads\/2021\/06\/localization_default.jpg\",\"width\":1920,\"height\":1280,\"caption\":\"Localization.NEWS\"},\"image\":{\"@id\":\"https:\/\/localization.news\/sk\/#\/schema\/logo\/image\/\"},\"sameAs\":[\"https:\/\/www.facebook.com\/asaptranslation\/\"]}]}<\/script>\n<!-- \/ Yoast SEO Premium plugin. -->","yoast_head_json":{"title":"Kontakt - Localization.NEWS","robots":{"index":"index","follow":"follow","max-snippet":"max-snippet:-1","max-image-preview":"max-image-preview:large","max-video-preview":"max-video-preview:-1"},"canonical":"https:\/\/localization.news\/sk\/contact\/","og_locale":"sk_SK","og_type":"article","og_title":"Kontakt","og_description":"Po\u0161lite n\u00e1m spr\u00e1vu.","og_url":"https:\/\/localization.news\/sk\/contact\/","og_site_name":"Localization.NEWS","article_publisher":"https:\/\/www.facebook.com\/asaptranslation\/","article_modified_time":"2021-06-18T11:23:14+00:00","twitter_card":"summary_large_image","schema":{"@context":"https:\/\/schema.org","@graph":[{"@type":"WebPage","@id":"https:\/\/localization.news\/sk\/contact\/","url":"https:\/\/localization.news\/sk\/contact\/","name":"Kontakt - Localization.NEWS","isPartOf":{"@id":"https:\/\/localization.news\/sk\/#website"},"datePublished":"2014-10-26T13:11:14+00:00","dateModified":"2021-06-18T11:23:14+00:00","breadcrumb":{"@id":"https:\/\/localization.news\/sk\/contact\/#breadcrumb"},"inLanguage":"sk-SK","potentialAction":[{"@type":"ReadAction","target":["https:\/\/localization.news\/sk\/contact\/"]}]},{"@type":"BreadcrumbList","@id":"https:\/\/localization.news\/sk\/contact\/#breadcrumb","itemListElement":[{"@type":"ListItem","position":1,"name":"Home","item":"https:\/\/localization.news\/sk\/"},{"@type":"ListItem","position":2,"name":"Kontakt"}]},{"@type":"WebSite","@id":"https:\/\/localization.news\/sk\/#website","url":"https:\/\/localization.news\/sk\/","name":"Localization.NEWS","description":"Translation and Localization news portal","publisher":{"@id":"https:\/\/localization.news\/sk\/#organization"},"potentialAction":[{"@type":"SearchAction","target":{"@type":"EntryPoint","urlTemplate":"https:\/\/localization.news\/sk\/?s={search_term_string}"},"query-input":"required name=search_term_string"}],"inLanguage":"sk-SK"},{"@type":"Organization","@id":"https:\/\/localization.news\/sk\/#organization","name":"Localization.NEWS","url":"https:\/\/localization.news\/sk\/","logo":{"@type":"ImageObject","inLanguage":"sk-SK","@id":"https:\/\/localization.news\/sk\/#\/schema\/logo\/image\/","url":"https:\/\/localization.news\/wp-content\/uploads\/2021\/06\/localization_default.jpg","contentUrl":"https:\/\/localization.news\/wp-content\/uploads\/2021\/06\/localization_default.jpg","width":1920,"height":1280,"caption":"Localization.NEWS"},"image":{"@id":"https:\/\/localization.news\/sk\/#\/schema\/logo\/image\/"},"sameAs":["https:\/\/www.facebook.com\/asaptranslation\/"]}]}},"publishpress_future_action":{"enabled":false,"date":"1970-01-01 00:00:00","action":"","terms":[],"taxonomy":"","browser_timezone_offset":0},"_links":{"self":[{"href":"https:\/\/localization.news\/sk\/wp-json\/wp\/v2\/pages\/2074"}],"collection":[{"href":"https:\/\/localization.news\/sk\/wp-json\/wp\/v2\/pages"}],"about":[{"href":"https:\/\/localization.news\/sk\/wp-json\/wp\/v2\/types\/page"}],"author":[{"embeddable":true,"href":"https:\/\/localization.news\/sk\/wp-json\/wp\/v2\/users\/3"}],"replies":[{"embeddable":true,"href":"https:\/\/localization.news\/sk\/wp-json\/wp\/v2\/comments?post=2074"}],"version-history":[{"count":5,"href":"https:\/\/localization.news\/sk\/wp-json\/wp\/v2\/pages\/2074\/revisions"}],"predecessor-version":[{"id":2332,"href":"https:\/\/localization.news\/sk\/wp-json\/wp\/v2\/pages\/2074\/revisions\/2332"}],"wp:attachment":[{"href":"https:\/\/localization.news\/sk\/wp-json\/wp\/v2\/media?parent=2074"}],"curies":[{"name":"wp","href":"https:\/\/api.w.org\/{rel}","templated":true}]}}