{"id":2076,"date":"2021-06-04T09:08:33","date_gmt":"2021-06-04T09:08:33","guid":{"rendered":"https:\/\/localization.news\/our-mission\/"},"modified":"2021-06-18T09:46:43","modified_gmt":"2021-06-18T09:46:43","slug":"our-mission","status":"publish","type":"page","link":"https:\/\/localization.news\/sk\/our-mission\/","title":{"rendered":"Ciele projektu"},"content":{"rendered":"\n<blockquote class=\"wp-block-quote is-style-large is-layout-flow wp-block-quote-is-layout-flow\"><p>Cie\u013eom projektu je zv\u00fd\u0161i\u0165 informovanos\u0165 laickej i odbornej verejnosti o dian\u00ed a novink\u00e1ch v oblasti prekladate\u013estva a lokaliz\u00e1cie, ako aj propagova\u0165 pr\u00e1cu a \u00faspechy jednotliv\u00fdch partnersk\u00fdch organiz\u00e1cii projektu Localization.NEWS.<\/p><\/blockquote>\n\n\n\n<p><\/p>\n","protected":false},"excerpt":{"rendered":"<p>Cie\u013eom projektu je zv\u00fd\u0161i\u0165 informovanos\u0165 laickej i odbornej verejnosti o dian\u00ed a novink\u00e1ch v oblasti prekladate\u013estva a lokaliz\u00e1cie, ako aj propagova\u0165 pr\u00e1cu a \u00faspechy jednotliv\u00fdch partnersk\u00fdch organiz\u00e1cii projektu Localization.NEWS.<\/p>\n","protected":false},"author":3,"featured_media":0,"parent":0,"menu_order":0,"comment_status":"closed","ping_status":"closed","template":"","meta":{"footnotes":""},"yoast_head":"<!-- This site is optimized with the Yoast SEO Premium plugin v21.4 (Yoast SEO v22.8) - https:\/\/yoast.com\/wordpress\/plugins\/seo\/ -->\n<title>Ciele projektu - Localization.NEWS<\/title>\n<meta name=\"robots\" content=\"index, follow, max-snippet:-1, max-image-preview:large, max-video-preview:-1\" \/>\n<link rel=\"canonical\" href=\"https:\/\/localization.news\/sk\/our-mission\/\" \/>\n<meta property=\"og:locale\" content=\"sk_SK\" \/>\n<meta property=\"og:type\" content=\"article\" \/>\n<meta property=\"og:title\" content=\"Ciele projektu\" \/>\n<meta property=\"og:description\" content=\"Cie\u013eom projektu je zv\u00fd\u0161i\u0165 informovanos\u0165 laickej i odbornej verejnosti o dian\u00ed a novink\u00e1ch v oblasti prekladate\u013estva a lokaliz\u00e1cie, ako aj propagova\u0165 pr\u00e1cu a \u00faspechy jednotliv\u00fdch partnersk\u00fdch organiz\u00e1cii projektu Localization.NEWS.\" \/>\n<meta property=\"og:url\" content=\"https:\/\/localization.news\/sk\/our-mission\/\" \/>\n<meta property=\"og:site_name\" content=\"Localization.NEWS\" \/>\n<meta property=\"article:publisher\" content=\"https:\/\/www.facebook.com\/asaptranslation\/\" \/>\n<meta property=\"article:modified_time\" content=\"2021-06-18T09:46:43+00:00\" \/>\n<meta name=\"twitter:card\" content=\"summary_large_image\" \/>\n<script type=\"application\/ld+json\" class=\"yoast-schema-graph\">{\"@context\":\"https:\/\/schema.org\",\"@graph\":[{\"@type\":\"WebPage\",\"@id\":\"https:\/\/localization.news\/sk\/our-mission\/\",\"url\":\"https:\/\/localization.news\/sk\/our-mission\/\",\"name\":\"Ciele projektu - Localization.NEWS\",\"isPartOf\":{\"@id\":\"https:\/\/localization.news\/sk\/#website\"},\"datePublished\":\"2021-06-04T09:08:33+00:00\",\"dateModified\":\"2021-06-18T09:46:43+00:00\",\"breadcrumb\":{\"@id\":\"https:\/\/localization.news\/sk\/our-mission\/#breadcrumb\"},\"inLanguage\":\"sk-SK\",\"potentialAction\":[{\"@type\":\"ReadAction\",\"target\":[\"https:\/\/localization.news\/sk\/our-mission\/\"]}]},{\"@type\":\"BreadcrumbList\",\"@id\":\"https:\/\/localization.news\/sk\/our-mission\/#breadcrumb\",\"itemListElement\":[{\"@type\":\"ListItem\",\"position\":1,\"name\":\"Home\",\"item\":\"https:\/\/localization.news\/sk\/\"},{\"@type\":\"ListItem\",\"position\":2,\"name\":\"Ciele projektu\"}]},{\"@type\":\"WebSite\",\"@id\":\"https:\/\/localization.news\/sk\/#website\",\"url\":\"https:\/\/localization.news\/sk\/\",\"name\":\"Localization.NEWS\",\"description\":\"Translation and Localization news portal\",\"publisher\":{\"@id\":\"https:\/\/localization.news\/sk\/#organization\"},\"potentialAction\":[{\"@type\":\"SearchAction\",\"target\":{\"@type\":\"EntryPoint\",\"urlTemplate\":\"https:\/\/localization.news\/sk\/?s={search_term_string}\"},\"query-input\":\"required name=search_term_string\"}],\"inLanguage\":\"sk-SK\"},{\"@type\":\"Organization\",\"@id\":\"https:\/\/localization.news\/sk\/#organization\",\"name\":\"Localization.NEWS\",\"url\":\"https:\/\/localization.news\/sk\/\",\"logo\":{\"@type\":\"ImageObject\",\"inLanguage\":\"sk-SK\",\"@id\":\"https:\/\/localization.news\/sk\/#\/schema\/logo\/image\/\",\"url\":\"https:\/\/localization.news\/wp-content\/uploads\/2021\/06\/localization_default.jpg\",\"contentUrl\":\"https:\/\/localization.news\/wp-content\/uploads\/2021\/06\/localization_default.jpg\",\"width\":1920,\"height\":1280,\"caption\":\"Localization.NEWS\"},\"image\":{\"@id\":\"https:\/\/localization.news\/sk\/#\/schema\/logo\/image\/\"},\"sameAs\":[\"https:\/\/www.facebook.com\/asaptranslation\/\"]}]}<\/script>\n<!-- \/ Yoast SEO Premium plugin. -->","yoast_head_json":{"title":"Ciele projektu - Localization.NEWS","robots":{"index":"index","follow":"follow","max-snippet":"max-snippet:-1","max-image-preview":"max-image-preview:large","max-video-preview":"max-video-preview:-1"},"canonical":"https:\/\/localization.news\/sk\/our-mission\/","og_locale":"sk_SK","og_type":"article","og_title":"Ciele projektu","og_description":"Cie\u013eom projektu je zv\u00fd\u0161i\u0165 informovanos\u0165 laickej i odbornej verejnosti o dian\u00ed a novink\u00e1ch v oblasti prekladate\u013estva a lokaliz\u00e1cie, ako aj propagova\u0165 pr\u00e1cu a \u00faspechy jednotliv\u00fdch partnersk\u00fdch organiz\u00e1cii projektu Localization.NEWS.","og_url":"https:\/\/localization.news\/sk\/our-mission\/","og_site_name":"Localization.NEWS","article_publisher":"https:\/\/www.facebook.com\/asaptranslation\/","article_modified_time":"2021-06-18T09:46:43+00:00","twitter_card":"summary_large_image","schema":{"@context":"https:\/\/schema.org","@graph":[{"@type":"WebPage","@id":"https:\/\/localization.news\/sk\/our-mission\/","url":"https:\/\/localization.news\/sk\/our-mission\/","name":"Ciele projektu - Localization.NEWS","isPartOf":{"@id":"https:\/\/localization.news\/sk\/#website"},"datePublished":"2021-06-04T09:08:33+00:00","dateModified":"2021-06-18T09:46:43+00:00","breadcrumb":{"@id":"https:\/\/localization.news\/sk\/our-mission\/#breadcrumb"},"inLanguage":"sk-SK","potentialAction":[{"@type":"ReadAction","target":["https:\/\/localization.news\/sk\/our-mission\/"]}]},{"@type":"BreadcrumbList","@id":"https:\/\/localization.news\/sk\/our-mission\/#breadcrumb","itemListElement":[{"@type":"ListItem","position":1,"name":"Home","item":"https:\/\/localization.news\/sk\/"},{"@type":"ListItem","position":2,"name":"Ciele projektu"}]},{"@type":"WebSite","@id":"https:\/\/localization.news\/sk\/#website","url":"https:\/\/localization.news\/sk\/","name":"Localization.NEWS","description":"Translation and Localization news portal","publisher":{"@id":"https:\/\/localization.news\/sk\/#organization"},"potentialAction":[{"@type":"SearchAction","target":{"@type":"EntryPoint","urlTemplate":"https:\/\/localization.news\/sk\/?s={search_term_string}"},"query-input":"required name=search_term_string"}],"inLanguage":"sk-SK"},{"@type":"Organization","@id":"https:\/\/localization.news\/sk\/#organization","name":"Localization.NEWS","url":"https:\/\/localization.news\/sk\/","logo":{"@type":"ImageObject","inLanguage":"sk-SK","@id":"https:\/\/localization.news\/sk\/#\/schema\/logo\/image\/","url":"https:\/\/localization.news\/wp-content\/uploads\/2021\/06\/localization_default.jpg","contentUrl":"https:\/\/localization.news\/wp-content\/uploads\/2021\/06\/localization_default.jpg","width":1920,"height":1280,"caption":"Localization.NEWS"},"image":{"@id":"https:\/\/localization.news\/sk\/#\/schema\/logo\/image\/"},"sameAs":["https:\/\/www.facebook.com\/asaptranslation\/"]}]}},"publishpress_future_action":{"enabled":false,"date":"1970-01-01 00:00:00","action":"","terms":[],"taxonomy":"","browser_timezone_offset":0},"_links":{"self":[{"href":"https:\/\/localization.news\/sk\/wp-json\/wp\/v2\/pages\/2076"}],"collection":[{"href":"https:\/\/localization.news\/sk\/wp-json\/wp\/v2\/pages"}],"about":[{"href":"https:\/\/localization.news\/sk\/wp-json\/wp\/v2\/types\/page"}],"author":[{"embeddable":true,"href":"https:\/\/localization.news\/sk\/wp-json\/wp\/v2\/users\/3"}],"replies":[{"embeddable":true,"href":"https:\/\/localization.news\/sk\/wp-json\/wp\/v2\/comments?post=2076"}],"version-history":[{"count":8,"href":"https:\/\/localization.news\/sk\/wp-json\/wp\/v2\/pages\/2076\/revisions"}],"predecessor-version":[{"id":2328,"href":"https:\/\/localization.news\/sk\/wp-json\/wp\/v2\/pages\/2076\/revisions\/2328"}],"wp:attachment":[{"href":"https:\/\/localization.news\/sk\/wp-json\/wp\/v2\/media?parent=2076"}],"curies":[{"name":"wp","href":"https:\/\/api.w.org\/{rel}","templated":true}]}}