{"id":2215,"date":"2021-05-18T14:02:04","date_gmt":"2021-05-18T14:02:04","guid":{"rendered":"https:\/\/localization.news\/?page_id=2215"},"modified":"2023-03-23T10:11:01","modified_gmt":"2023-03-23T10:11:01","slug":"privacy-policy","status":"publish","type":"page","link":"https:\/\/localization.news\/sk\/privacy-policy\/","title":{"rendered":"Pr\u00e1vne upozornenia a ochrana osobn\u00fdch \u00fadajov"},"content":{"rendered":"\n<h2 class=\"wp-block-heading\">Kto sme<\/h2>\n\n\n\n<p>Na\u0161a webov\u00e1 adresa je: https:\/\/localization.news. Port\u00e1l vlastn\u00ed a spravuje spolo\u010dnos\u0165 <a href=\"https:\/\/asap-translation.com\" data-type=\"URL\" data-id=\"https:\/\/asap-translation.com\" target=\"_blank\" rel=\"noreferrer noopener\">ASAP-translation.com, s.r.o<\/a>.<\/p>\n\n\n\n<h2 class=\"wp-block-heading\">Ochrana osobn\u00fdch \u00fadajov<\/h2>\n\n\n\n<p>Localization. NEWS prev\u00e1dzkovate\u013e port\u00e1lu (ASAP-translation.com, s.r.o.) db\u00e1 na ochranu osobn\u00fdch \u00fadajov pou\u017e\u00edvate\u013eov. Ak\u00e9ko\u013evek osobn\u00e9 \u00fadaje, ktor\u00e9 n\u00e1m poskytnete, vr\u00e1tane a podobne ako va\u0161e meno, adresa, telef\u00f3nne \u010d\u00edslo a e-mailov\u00e1 adresa, nebud\u00fa zverejnen\u00e9, predan\u00e9 alebo prenajat\u00e9 \u017eiadnym subjektom alebo osob\u00e1m mimo spolo\u010dnosti ASAP-translation.com, s.r.o.<\/p>\n\n\n\n<h2 class=\"wp-block-heading\">Zrieknutie sa zodpovednosti za preklad<\/h2>\n\n\n\n<p>T\u00e1to webov\u00e1 lokalita m\u00f4\u017ee pre u\u013eah\u010denie konvertova\u0165 p\u00f4vodn\u00e9 texty do in\u00e9ho jazyka pomocou strojov\u00e9ho prekladu tretej strany, ktor\u00fd poskytuje automatick\u00fd preklad obsahu. Tieto n\u00e1stroje nie s\u00fa dokonal\u00e9 a pri preklade nemus\u00ed by\u0165 zoh\u013eadnen\u00fd kontext textu. V d\u00f4sledku toho m\u00f4\u017ee preklad strati\u0165 \u010das\u0165 zam\u00fd\u0161\u013ean\u00e9ho v\u00fdznamu. Niektor\u00e9 polo\u017eky na str\u00e1nke vr\u00e1tane obr\u00e1zkov obsahuj\u00facich text, vide\u00ed s titulkami, dokumentov PDF, alebo m\u00e1p, nemusia by\u0165 prelo\u017een\u00e9 a niektor\u00e9 funkcie na str\u00e1nke nemusia v prelo\u017een\u00fdch verzi\u00e1ch fungova\u0165.<\/p>\n\n\n\n<p>Spolo\u010dnos\u0165 ASAP-translation.com, s.r.o. nem\u00f4\u017ee zaru\u010di\u0165 presnos\u0165 takto prelo\u017een\u00e9ho textu. V pr\u00edpade ak\u00fdchko\u013evek pochybnost\u00ed je v\u017edy smerodajn\u00e1 p\u00f4vodn\u00e1 verzia tejto webovej str\u00e1nky.<\/p>\n\n\n\n<h2 class=\"wp-block-heading\">Koment\u00e1re<\/h2>\n\n\n\n<p><strong class=\"privacy-policy-tutorial\"><\/strong>Ke\u010f n\u00e1v\u0161tevn\u00edci zanech\u00e1vaj\u00fa na str\u00e1nke koment\u00e1re, zhroma\u017e\u010fujeme \u00fadaje uveden\u00e9 vo formul\u00e1ri koment\u00e1ra a tie\u017e IP adresu n\u00e1v\u0161tevn\u00edka a re\u0165azec user agent prehliada\u010da, aby sme pomohli odhali\u0165 spam.<\/p>\n\n\n\n<p>Anonymizovan\u00fd re\u0165azec vytvoren\u00fd z va\u0161ej e-mailovej adresy (naz\u00fdvan\u00fd aj hash) m\u00f4\u017ee by\u0165 poskytnut\u00fd slu\u017ebe Gravatar, aby sa zistilo, \u010di ju pou\u017e\u00edvate. Z\u00e1sady ochrany osobn\u00fdch \u00fadajov slu\u017eby Gravatar s\u00fa k dispoz\u00edcii tu: https:\/\/automattic.com\/privacy\/. Po schv\u00e1len\u00ed v\u00e1\u0161ho koment\u00e1ra je v\u00e1\u0161 profilov\u00fd obr\u00e1zok vidite\u013en\u00fd verejnosti v kontexte v\u00e1\u0161ho koment\u00e1ra.<\/p>\n\n\n\n<h2 class=\"wp-block-heading\">M\u00e9di\u00e1<\/h2>\n\n\n\n<p><strong class=\"privacy-policy-tutorial\"><\/strong>Ak na webov\u00fa lokalitu nahr\u00e1vate obr\u00e1zky, mali by ste sa vyhn\u00fa\u0165 nahr\u00e1vaniu obr\u00e1zkov s vlo\u017een\u00fdmi \u00fadajmi o polohe (EXIF GPS). N\u00e1v\u0161tevn\u00edci webovej lokality m\u00f4\u017eu z obr\u00e1zkov na webovej lokalite stiahnu\u0165 a z\u00edska\u0165 ak\u00e9ko\u013evek \u00fadaje o polohe.<\/p>\n\n\n\n<h2 class=\"wp-block-heading\">S\u00fabory cookie<\/h2>\n\n\n\n<p>&#8222;Cookie&#8220; je mal\u00fd d\u00e1tov\u00fd textov\u00fd s\u00fabor, ktor\u00fd je umiestnen\u00fd vo va\u0161om prehliada\u010di a umo\u017e\u0148uje spolo\u010dnosti ASAP-translation.com, s.r.o. rozpozna\u0165 v\u00e1s pri ka\u017edej n\u00e1v\u0161teve tejto str\u00e1nky(prisp\u00f4sobenie at\u010f.). Samotn\u00e9 s\u00fabory cookie neobsahuj\u00fa \u017eiadne osobn\u00e9 \u00fadaje a spolo\u010dnos\u0165 ASAP-translation.com, s.r.o. nepou\u017e\u00edva s\u00fabory cookie na zhroma\u017e\u010fovanie osobn\u00fdch \u00fadajov <\/p>\n\n\n\n<p>Ak na na\u0161ej str\u00e1nke zanech\u00e1te koment\u00e1r, m\u00f4\u017eete s\u00fahlasi\u0165 s ulo\u017een\u00edm v\u00e1\u0161ho mena, e-mailovej adresy a webovej str\u00e1nky do s\u00faborov cookie. Tie sl\u00fa\u017eia na va\u0161e pohodlie, aby ste pri zanechan\u00ed \u010fal\u0161ieho koment\u00e1ra nemuseli svoje \u00fadaje vyp\u013a\u0148a\u0165 znova. Tieto s\u00fabory cookie bud\u00fa trva\u0165 jeden rok.<\/p>\n\n\n\n<p>Ak nav\u0161t\u00edvite na\u0161u prihlasovaciu str\u00e1nku, nastav\u00edme do\u010dasn\u00fd s\u00fabor cookie, aby sme zistili, \u010di v\u00e1\u0161 prehliada\u010d prij\u00edma s\u00fabory cookie. Tento s\u00fabor cookie neobsahuje \u017eiadne osobn\u00e9 \u00fadaje a po zatvoren\u00ed prehliada\u010da sa zlikviduje.<\/p>\n\n\n\n<p>Ke\u010f sa prihl\u00e1site, nastav\u00edme aj nieko\u013eko s\u00faborov cookie, aby sme ulo\u017eili va\u0161e prihlasovacie \u00fadaje a vo\u013eby zobrazenia obrazovky. S\u00fabory cookie na prihl\u00e1senie vydr\u017eia dva dni a s\u00fabory cookie na vo\u013eby obrazovky vydr\u017eia rok. Ak vyberiete mo\u017enos\u0165 &#8222;Zapam\u00e4ta\u0165 si ma&#8220;, va\u0161e prihl\u00e1senie pretrv\u00e1 dva t\u00fd\u017edne. Ak sa odhl\u00e1site zo svojho \u00fa\u010dtu, prihlasovacie s\u00fabory cookie sa odstr\u00e1nia.<\/p>\n\n\n\n<p>Ak uprav\u00edte alebo uverejn\u00edte \u010dl\u00e1nok, vo va\u0161om prehliada\u010di sa ulo\u017e\u00ed \u010fal\u0161\u00ed s\u00fabor cookie. Tento s\u00fabor cookie neobsahuje \u017eiadne osobn\u00e9 \u00fadaje a jednoducho uv\u00e1dza ID pr\u00edspevku \u010dl\u00e1nku, ktor\u00fd ste pr\u00e1ve upravili. Jeho platnos\u0165 vypr\u0161\u00ed po 1 dni.<\/p>\n\n\n\n<h2 class=\"wp-block-heading\"><strong>Zrieknutie sa zodpovednosti za extern\u00e9 odkazy<\/strong><\/h2>\n\n\n\n<p>Webov\u00e9 str\u00e1nky Localization.NEWS m\u00f4\u017eu obsahova\u0165 &#8222;extern\u00e9 odkazy&#8220; na webov\u00e9 str\u00e1nky v in\u00fdch dom\u00e9nach ako Localization.NEWS, ktor\u00e9 nemusia by\u0165 vlastnen\u00e9 alebo financovan\u00e9 spolo\u010dnos\u0165ou ASAP-translation.com, s.r.o., nad ktor\u00fdmi spolo\u010dnos\u0165 ASAP-translation.com, s.r.o. nem\u00e1 \u017eiadnu kontrolu a za ktor\u00e9 spolo\u010dnos\u0165 ASAP-translation.com, s.r.o. nepreber\u00e1 \u017eiadnu zodpovednos\u0165. Ak sa n\u00e1v\u0161tevn\u00edci webov\u00fdch str\u00e1nok Localization.NEWS rozhodn\u00fa nasledova\u0165 odkaz na ak\u00fako\u013evek extern\u00fa webov\u00fa str\u00e1nku, podliehaj\u00fa z\u00e1sad\u00e1m pou\u017e\u00edvania s\u00faborov cookie, ochrany osobn\u00fdch \u00fadajov a pr\u00e1vnym predpisom externej webovej str\u00e1nky.<\/p>\n\n\n\n<p>Dodr\u017eiavanie platn\u00fdch po\u017eiadaviek na ochranu \u00fadajov a pr\u00edstupnos\u0165 extern\u00fdch webov\u00fdch str\u00e1nok, na ktor\u00e9 odkazuj\u00fa str\u00e1nky Localization.NEWS, nespad\u00e1 pod kontrolu spolo\u010dnosti ASAP-translation.com, s.r.o. a je v\u00fdslovnou zodpovednos\u0165ou externej webovej str\u00e1nky.<\/p>\n\n\n\n<h2 class=\"wp-block-heading\">Vlo\u017een\u00fd obsah z in\u00fdch webov\u00fdch str\u00e1nok<\/h2>\n\n\n\n<p><strong class=\"privacy-policy-tutorial\"><\/strong>\u010cl\u00e1nky na tejto str\u00e1nke m\u00f4\u017eu obsahova\u0165 vlo\u017een\u00fd obsah (napr. vide\u00e1, obr\u00e1zky, \u010dl\u00e1nky at\u010f.). Vlo\u017een\u00fd obsah z in\u00fdch webov\u00fdch str\u00e1nok sa spr\u00e1va \u00faplne rovnako, ako keby n\u00e1v\u0161tevn\u00edk nav\u0161t\u00edvil in\u00fa webov\u00fa str\u00e1nku.<\/p>\n\n\n\n<p>Tieto webov\u00e9 lokality m\u00f4\u017eu zhroma\u017e\u010fova\u0165 \u00fadaje o v\u00e1s, pou\u017e\u00edva\u0165 s\u00fabory cookie, vklada\u0165 \u010fal\u0161ie sledovanie tret\u00edch str\u00e1n a monitorova\u0165 va\u0161u interakciu s t\u00fdmto vlo\u017een\u00fdm obsahom vr\u00e1tane sledovania va\u0161ej interakcie s vlo\u017een\u00fdm obsahom, ak m\u00e1te \u00fa\u010det a ste prihl\u00e1sen\u00ed na danej webovej lokalite.<\/p>\n\n\n\n<h2 class=\"wp-block-heading\">S k\u00fdm zdie\u013eame va\u0161e \u00fadaje<\/h2>\n\n\n\n<p><strong class=\"privacy-policy-tutorial\"> <\/strong>Ak po\u017eiadate o obnovenie hesla, va\u0161a IP adresa bude zahrnut\u00e1 do e-mailu o obnoven\u00ed hesla.<\/p>\n\n\n\n<h2 class=\"wp-block-heading\">Ako dlho uchov\u00e1vame va\u0161e \u00fadaje<\/h2>\n\n\n\n<p>Ak zanech\u00e1te koment\u00e1r, koment\u00e1r a jeho metad\u00e1ta sa uchov\u00e1vaj\u00fa po neobmedzen\u00fa dobu. Je to preto, aby sme mohli automaticky rozpozna\u0165 a schv\u00e1li\u0165 v\u0161etky n\u00e1sledn\u00e9 koment\u00e1re namiesto toho, aby sme ich zadr\u017eiavali vo fronte na moderovanie.<\/p>\n\n\n\n<p>V pr\u00edpade pou\u017e\u00edvate\u013eov, ktor\u00ed sa zaregistruj\u00fa na na\u0161ej webovej lokalite (ak existuj\u00fa), uchov\u00e1vame aj osobn\u00e9 \u00fadaje, ktor\u00e9 poskytli vo svojom pou\u017e\u00edvate\u013eskom profile. V\u0161etci pou\u017e\u00edvatelia m\u00f4\u017eu svoje osobn\u00e9 \u00fadaje kedyko\u013evek zobrazi\u0165, upravi\u0165 alebo vymaza\u0165 (okrem toho, \u017ee nem\u00f4\u017eu zmeni\u0165 svoje pou\u017e\u00edvate\u013esk\u00e9 meno). Tieto inform\u00e1cie m\u00f4\u017eu vidie\u0165 a upravova\u0165 aj spr\u00e1vcovia webovej lokality.<\/p>\n\n\n\n<h2 class=\"wp-block-heading\">Ak\u00e9 pr\u00e1va m\u00e1te na svoje \u00fadaje<\/h2>\n\n\n\n<p>Ak m\u00e1te na tejto webovej lokalite \u00fa\u010det alebo ste zanechali koment\u00e1re, m\u00f4\u017eete po\u017eiada\u0165 o zaslanie exportovan\u00e9ho s\u00faboru osobn\u00fdch \u00fadajov, ktor\u00e9 o v\u00e1s uchov\u00e1vame, vr\u00e1tane v\u0161etk\u00fdch \u00fadajov, ktor\u00e9 ste n\u00e1m poskytli. M\u00f4\u017eete tie\u017e po\u017eiada\u0165, aby sme vymazali v\u0161etky osobn\u00e9 \u00fadaje, ktor\u00e9 o v\u00e1s m\u00e1me. Toto sa net\u00fdka \u00fadajov, ktor\u00e9 sme povinn\u00ed uchov\u00e1va\u0165 na administrat\u00edvne, pr\u00e1vne alebo bezpe\u010dnostn\u00e9 \u00fa\u010dely.<\/p>\n\n\n\n<h2 class=\"wp-block-heading\">Kam posielame va\u0161e \u00fadaje<\/h2>\n\n\n\n<p><strong class=\"privacy-policy-tutorial\"><\/strong>Koment\u00e1re n\u00e1v\u0161tevn\u00edkov m\u00f4\u017eu by\u0165 kontrolovan\u00e9 prostredn\u00edctvom automatizovanej slu\u017eby na detekciu spamu.<\/p>\n\n\n\n<h2 class=\"wp-block-heading\"><strong>Pam\u00e4tajte na rizik\u00e1 v\u017edy, ke\u010f pou\u017e\u00edvate internet<\/strong><\/h2>\n\n\n\n<p>Aj ke\u010f rob\u00edme v\u0161etko pre ochranu va\u0161ich osobn\u00fdch \u00fadajov, nem\u00f4\u017eeme zaru\u010di\u0165 bezpe\u010dnos\u0165 ak\u00fdchko\u013evek inform\u00e1ci\u00ed, ktor\u00e9 odovzd\u00e1te spolo\u010dnosti ASAP-translation.com, s.r.o., a ste v\u00fdhradne zodpovedn\u00ed za zachovanie tajnosti hesiel alebo in\u00fdch inform\u00e1ci\u00ed o \u00fa\u010dte.<\/p>\n","protected":false},"excerpt":{"rendered":"<p>Kto sme Na\u0161a webov\u00e1 adresa je: https:\/\/localization.news. Port\u00e1l vlastn\u00ed a spravuje spolo\u010dnos\u0165 ASAP-translation.com, s.r.o. Ochrana osobn\u00fdch \u00fadajov Localization. NEWS prev\u00e1dzkovate\u013e port\u00e1lu (ASAP-translation.com, s.r.o.) db\u00e1 na ochranu osobn\u00fdch \u00fadajov pou\u017e\u00edvate\u013eov. Ak\u00e9ko\u013evek osobn\u00e9 \u00fadaje, ktor\u00e9 n\u00e1m poskytnete, vr\u00e1tane a podobne ako va\u0161e meno, adresa, telef\u00f3nne \u010d\u00edslo a e-mailov\u00e1 adresa, nebud\u00fa zverejnen\u00e9, predan\u00e9 alebo prenajat\u00e9 \u017eiadnym subjektom alebo [&hellip;]<\/p>\n","protected":false},"author":3,"featured_media":0,"parent":0,"menu_order":0,"comment_status":"closed","ping_status":"closed","template":"","meta":{"footnotes":""},"yoast_head":"<!-- This site is optimized with the Yoast SEO Premium plugin v21.4 (Yoast SEO v22.8) - https:\/\/yoast.com\/wordpress\/plugins\/seo\/ -->\n<title>Pr\u00e1vne upozornenia a ochrana osobn\u00fdch \u00fadajov - Localization.NEWS<\/title>\n<meta name=\"description\" content=\"Pre\u010d\u00edtajte si viac o pr\u00e1vnom upozornen\u00ed a z\u00e1sad\u00e1ch ochrany osobn\u00fdch \u00fadajov na na\u0161ej webovej lokalite Localization.NEWS! Port\u00e1l vlastn\u00ed ASAP-translation.com, s.r.o.\" \/>\n<meta name=\"robots\" content=\"index, follow, max-snippet:-1, max-image-preview:large, max-video-preview:-1\" \/>\n<link rel=\"canonical\" href=\"https:\/\/localization.news\/sk\/privacy-policy\/\" \/>\n<meta property=\"og:locale\" content=\"sk_SK\" \/>\n<meta property=\"og:type\" content=\"article\" \/>\n<meta property=\"og:title\" content=\"Pr\u00e1vne upozornenia a ochrana osobn\u00fdch \u00fadajov\" \/>\n<meta property=\"og:description\" content=\"Pre\u010d\u00edtajte si viac o pr\u00e1vnom upozornen\u00ed a z\u00e1sad\u00e1ch ochrany osobn\u00fdch \u00fadajov na na\u0161ej webovej lokalite Localization.NEWS! Port\u00e1l vlastn\u00ed ASAP-translation.com, s.r.o.\" \/>\n<meta property=\"og:url\" content=\"https:\/\/localization.news\/sk\/privacy-policy\/\" \/>\n<meta property=\"og:site_name\" content=\"Localization.NEWS\" \/>\n<meta property=\"article:publisher\" content=\"https:\/\/www.facebook.com\/asaptranslation\/\" \/>\n<meta property=\"article:modified_time\" content=\"2023-03-23T10:11:01+00:00\" \/>\n<meta name=\"twitter:card\" content=\"summary_large_image\" \/>\n<meta name=\"twitter:label1\" content=\"Predpokladan\u00fd \u010das \u010d\u00edtania\" \/>\n\t<meta name=\"twitter:data1\" content=\"7 min\u00fat\" \/>\n<script type=\"application\/ld+json\" class=\"yoast-schema-graph\">{\"@context\":\"https:\/\/schema.org\",\"@graph\":[{\"@type\":\"WebPage\",\"@id\":\"https:\/\/localization.news\/sk\/privacy-policy\/\",\"url\":\"https:\/\/localization.news\/sk\/privacy-policy\/\",\"name\":\"Pr\u00e1vne upozornenia a ochrana osobn\u00fdch \u00fadajov - Localization.NEWS\",\"isPartOf\":{\"@id\":\"https:\/\/localization.news\/sk\/#website\"},\"datePublished\":\"2021-05-18T14:02:04+00:00\",\"dateModified\":\"2023-03-23T10:11:01+00:00\",\"description\":\"Pre\u010d\u00edtajte si viac o pr\u00e1vnom upozornen\u00ed a z\u00e1sad\u00e1ch ochrany osobn\u00fdch \u00fadajov na na\u0161ej webovej lokalite Localization.NEWS! Port\u00e1l vlastn\u00ed ASAP-translation.com, s.r.o.\",\"breadcrumb\":{\"@id\":\"https:\/\/localization.news\/sk\/privacy-policy\/#breadcrumb\"},\"inLanguage\":\"sk-SK\",\"potentialAction\":[{\"@type\":\"ReadAction\",\"target\":[\"https:\/\/localization.news\/sk\/privacy-policy\/\"]}]},{\"@type\":\"BreadcrumbList\",\"@id\":\"https:\/\/localization.news\/sk\/privacy-policy\/#breadcrumb\",\"itemListElement\":[{\"@type\":\"ListItem\",\"position\":1,\"name\":\"Home\",\"item\":\"https:\/\/localization.news\/sk\/\"},{\"@type\":\"ListItem\",\"position\":2,\"name\":\"Pr\u00e1vne upozornenia a ochrana osobn\u00fdch \u00fadajov\"}]},{\"@type\":\"WebSite\",\"@id\":\"https:\/\/localization.news\/sk\/#website\",\"url\":\"https:\/\/localization.news\/sk\/\",\"name\":\"Localization.NEWS\",\"description\":\"Translation and Localization news portal\",\"publisher\":{\"@id\":\"https:\/\/localization.news\/sk\/#organization\"},\"potentialAction\":[{\"@type\":\"SearchAction\",\"target\":{\"@type\":\"EntryPoint\",\"urlTemplate\":\"https:\/\/localization.news\/sk\/?s={search_term_string}\"},\"query-input\":\"required name=search_term_string\"}],\"inLanguage\":\"sk-SK\"},{\"@type\":\"Organization\",\"@id\":\"https:\/\/localization.news\/sk\/#organization\",\"name\":\"Localization.NEWS\",\"url\":\"https:\/\/localization.news\/sk\/\",\"logo\":{\"@type\":\"ImageObject\",\"inLanguage\":\"sk-SK\",\"@id\":\"https:\/\/localization.news\/sk\/#\/schema\/logo\/image\/\",\"url\":\"https:\/\/localization.news\/wp-content\/uploads\/2021\/06\/localization_default.jpg\",\"contentUrl\":\"https:\/\/localization.news\/wp-content\/uploads\/2021\/06\/localization_default.jpg\",\"width\":1920,\"height\":1280,\"caption\":\"Localization.NEWS\"},\"image\":{\"@id\":\"https:\/\/localization.news\/sk\/#\/schema\/logo\/image\/\"},\"sameAs\":[\"https:\/\/www.facebook.com\/asaptranslation\/\"]}]}<\/script>\n<!-- \/ Yoast SEO Premium plugin. -->","yoast_head_json":{"title":"Pr\u00e1vne upozornenia a ochrana osobn\u00fdch \u00fadajov - Localization.NEWS","description":"Pre\u010d\u00edtajte si viac o pr\u00e1vnom upozornen\u00ed a z\u00e1sad\u00e1ch ochrany osobn\u00fdch \u00fadajov na na\u0161ej webovej lokalite Localization.NEWS! Port\u00e1l vlastn\u00ed ASAP-translation.com, s.r.o.","robots":{"index":"index","follow":"follow","max-snippet":"max-snippet:-1","max-image-preview":"max-image-preview:large","max-video-preview":"max-video-preview:-1"},"canonical":"https:\/\/localization.news\/sk\/privacy-policy\/","og_locale":"sk_SK","og_type":"article","og_title":"Pr\u00e1vne upozornenia a ochrana osobn\u00fdch \u00fadajov","og_description":"Pre\u010d\u00edtajte si viac o pr\u00e1vnom upozornen\u00ed a z\u00e1sad\u00e1ch ochrany osobn\u00fdch \u00fadajov na na\u0161ej webovej lokalite Localization.NEWS! Port\u00e1l vlastn\u00ed ASAP-translation.com, s.r.o.","og_url":"https:\/\/localization.news\/sk\/privacy-policy\/","og_site_name":"Localization.NEWS","article_publisher":"https:\/\/www.facebook.com\/asaptranslation\/","article_modified_time":"2023-03-23T10:11:01+00:00","twitter_card":"summary_large_image","twitter_misc":{"Predpokladan\u00fd \u010das \u010d\u00edtania":"7 min\u00fat"},"schema":{"@context":"https:\/\/schema.org","@graph":[{"@type":"WebPage","@id":"https:\/\/localization.news\/sk\/privacy-policy\/","url":"https:\/\/localization.news\/sk\/privacy-policy\/","name":"Pr\u00e1vne upozornenia a ochrana osobn\u00fdch \u00fadajov - Localization.NEWS","isPartOf":{"@id":"https:\/\/localization.news\/sk\/#website"},"datePublished":"2021-05-18T14:02:04+00:00","dateModified":"2023-03-23T10:11:01+00:00","description":"Pre\u010d\u00edtajte si viac o pr\u00e1vnom upozornen\u00ed a z\u00e1sad\u00e1ch ochrany osobn\u00fdch \u00fadajov na na\u0161ej webovej lokalite Localization.NEWS! Port\u00e1l vlastn\u00ed ASAP-translation.com, s.r.o.","breadcrumb":{"@id":"https:\/\/localization.news\/sk\/privacy-policy\/#breadcrumb"},"inLanguage":"sk-SK","potentialAction":[{"@type":"ReadAction","target":["https:\/\/localization.news\/sk\/privacy-policy\/"]}]},{"@type":"BreadcrumbList","@id":"https:\/\/localization.news\/sk\/privacy-policy\/#breadcrumb","itemListElement":[{"@type":"ListItem","position":1,"name":"Home","item":"https:\/\/localization.news\/sk\/"},{"@type":"ListItem","position":2,"name":"Pr\u00e1vne upozornenia a ochrana osobn\u00fdch \u00fadajov"}]},{"@type":"WebSite","@id":"https:\/\/localization.news\/sk\/#website","url":"https:\/\/localization.news\/sk\/","name":"Localization.NEWS","description":"Translation and Localization news portal","publisher":{"@id":"https:\/\/localization.news\/sk\/#organization"},"potentialAction":[{"@type":"SearchAction","target":{"@type":"EntryPoint","urlTemplate":"https:\/\/localization.news\/sk\/?s={search_term_string}"},"query-input":"required name=search_term_string"}],"inLanguage":"sk-SK"},{"@type":"Organization","@id":"https:\/\/localization.news\/sk\/#organization","name":"Localization.NEWS","url":"https:\/\/localization.news\/sk\/","logo":{"@type":"ImageObject","inLanguage":"sk-SK","@id":"https:\/\/localization.news\/sk\/#\/schema\/logo\/image\/","url":"https:\/\/localization.news\/wp-content\/uploads\/2021\/06\/localization_default.jpg","contentUrl":"https:\/\/localization.news\/wp-content\/uploads\/2021\/06\/localization_default.jpg","width":1920,"height":1280,"caption":"Localization.NEWS"},"image":{"@id":"https:\/\/localization.news\/sk\/#\/schema\/logo\/image\/"},"sameAs":["https:\/\/www.facebook.com\/asaptranslation\/"]}]}},"publishpress_future_action":{"enabled":false,"date":"1970-01-01 00:00:00","action":"","terms":[],"taxonomy":"","browser_timezone_offset":0},"_links":{"self":[{"href":"https:\/\/localization.news\/sk\/wp-json\/wp\/v2\/pages\/2215"}],"collection":[{"href":"https:\/\/localization.news\/sk\/wp-json\/wp\/v2\/pages"}],"about":[{"href":"https:\/\/localization.news\/sk\/wp-json\/wp\/v2\/types\/page"}],"author":[{"embeddable":true,"href":"https:\/\/localization.news\/sk\/wp-json\/wp\/v2\/users\/3"}],"replies":[{"embeddable":true,"href":"https:\/\/localization.news\/sk\/wp-json\/wp\/v2\/comments?post=2215"}],"version-history":[{"count":6,"href":"https:\/\/localization.news\/sk\/wp-json\/wp\/v2\/pages\/2215\/revisions"}],"predecessor-version":[{"id":2312,"href":"https:\/\/localization.news\/sk\/wp-json\/wp\/v2\/pages\/2215\/revisions\/2312"}],"wp:attachment":[{"href":"https:\/\/localization.news\/sk\/wp-json\/wp\/v2\/media?parent=2215"}],"curies":[{"name":"wp","href":"https:\/\/api.w.org\/{rel}","templated":true}]}}