{"id":2318,"date":"2021-06-04T09:09:17","date_gmt":"2021-06-04T09:09:17","guid":{"rendered":"https:\/\/localization.news\/?page_id=2318"},"modified":"2021-06-18T09:28:53","modified_gmt":"2021-06-18T09:28:53","slug":"about-project","status":"publish","type":"page","link":"https:\/\/localization.news\/sk\/about-project\/","title":{"rendered":"O projekte Localization.NEWS"},"content":{"rendered":"\n<p>The Localization.NEWS project was initiated by the translation company <a href=\"https:\/\/prelozime.sk\" data-type=\"URL\" data-id=\"https:\/\/prelozime.sk\" target=\"_blank\" rel=\"noreferrer noopener\">ASAP-translation.com<\/a> and aims to raise awareness among the lay and professional public about events and news in the field of translation and localization, as well as to promote the work and achievements of individual partner organizations. The project brings together partner translation companies from around the world, which through it inform the professional and lay public about their activities, successes, but also about innovations in the translation and localization industry, especially in areas such as new technologies in translation, publishes information on personnel changes in companies, research in the field of translation, educational activities.<\/p>\n\n\n\n<p>Through our activities, we would like to contribute to the transparency of the services provided and to the development of the entire translation and localization industry.<\/p>\n","protected":false},"excerpt":{"rendered":"<p>The Localization.NEWS project was initiated by the translation company ASAP-translation.com and aims to raise awareness among the lay and professional public about events and news in the field of translation and localization, as well as to promote the work and achievements of individual partner organizations. The project brings together partner translation companies from around the [&hellip;]<\/p>\n","protected":false},"author":3,"featured_media":0,"parent":0,"menu_order":0,"comment_status":"closed","ping_status":"closed","template":"","meta":{"footnotes":""},"yoast_head":"<!-- This site is optimized with the Yoast SEO Premium plugin v21.4 (Yoast SEO v22.8) - https:\/\/yoast.com\/wordpress\/plugins\/seo\/ -->\n<title>O projekte Localization.NEWS - Localization.NEWS<\/title>\n<meta name=\"robots\" content=\"index, follow, max-snippet:-1, max-image-preview:large, max-video-preview:-1\" \/>\n<link rel=\"canonical\" href=\"https:\/\/localization.news\/sk\/about-project\/\" \/>\n<meta property=\"og:locale\" content=\"sk_SK\" \/>\n<meta property=\"og:type\" content=\"article\" \/>\n<meta property=\"og:title\" content=\"O projekte Localization.NEWS\" \/>\n<meta property=\"og:description\" content=\"The Localization.NEWS project was initiated by the translation company ASAP-translation.com and aims to raise awareness among the lay and professional public about events and news in the field of translation and localization, as well as to promote the work and achievements of individual partner organizations. The project brings together partner translation companies from around the [&hellip;]\" \/>\n<meta property=\"og:url\" content=\"https:\/\/localization.news\/sk\/about-project\/\" \/>\n<meta property=\"og:site_name\" content=\"Localization.NEWS\" \/>\n<meta property=\"article:publisher\" content=\"https:\/\/www.facebook.com\/asaptranslation\/\" \/>\n<meta property=\"article:modified_time\" content=\"2021-06-18T09:28:53+00:00\" \/>\n<meta name=\"twitter:card\" content=\"summary_large_image\" \/>\n<meta name=\"twitter:label1\" content=\"Predpokladan\u00fd \u010das \u010d\u00edtania\" \/>\n\t<meta name=\"twitter:data1\" content=\"1 min\u00fata\" \/>\n<script type=\"application\/ld+json\" class=\"yoast-schema-graph\">{\"@context\":\"https:\/\/schema.org\",\"@graph\":[{\"@type\":\"WebPage\",\"@id\":\"https:\/\/localization.news\/sk\/about-project\/\",\"url\":\"https:\/\/localization.news\/sk\/about-project\/\",\"name\":\"O projekte Localization.NEWS - Localization.NEWS\",\"isPartOf\":{\"@id\":\"https:\/\/localization.news\/sk\/#website\"},\"datePublished\":\"2021-06-04T09:09:17+00:00\",\"dateModified\":\"2021-06-18T09:28:53+00:00\",\"breadcrumb\":{\"@id\":\"https:\/\/localization.news\/sk\/about-project\/#breadcrumb\"},\"inLanguage\":\"sk-SK\",\"potentialAction\":[{\"@type\":\"ReadAction\",\"target\":[\"https:\/\/localization.news\/sk\/about-project\/\"]}]},{\"@type\":\"BreadcrumbList\",\"@id\":\"https:\/\/localization.news\/sk\/about-project\/#breadcrumb\",\"itemListElement\":[{\"@type\":\"ListItem\",\"position\":1,\"name\":\"Home\",\"item\":\"https:\/\/localization.news\/sk\/\"},{\"@type\":\"ListItem\",\"position\":2,\"name\":\"O projekte Localization.NEWS\"}]},{\"@type\":\"WebSite\",\"@id\":\"https:\/\/localization.news\/sk\/#website\",\"url\":\"https:\/\/localization.news\/sk\/\",\"name\":\"Localization.NEWS\",\"description\":\"Translation and Localization news portal\",\"publisher\":{\"@id\":\"https:\/\/localization.news\/sk\/#organization\"},\"potentialAction\":[{\"@type\":\"SearchAction\",\"target\":{\"@type\":\"EntryPoint\",\"urlTemplate\":\"https:\/\/localization.news\/sk\/?s={search_term_string}\"},\"query-input\":\"required name=search_term_string\"}],\"inLanguage\":\"sk-SK\"},{\"@type\":\"Organization\",\"@id\":\"https:\/\/localization.news\/sk\/#organization\",\"name\":\"Localization.NEWS\",\"url\":\"https:\/\/localization.news\/sk\/\",\"logo\":{\"@type\":\"ImageObject\",\"inLanguage\":\"sk-SK\",\"@id\":\"https:\/\/localization.news\/sk\/#\/schema\/logo\/image\/\",\"url\":\"https:\/\/localization.news\/wp-content\/uploads\/2021\/06\/localization_default.jpg\",\"contentUrl\":\"https:\/\/localization.news\/wp-content\/uploads\/2021\/06\/localization_default.jpg\",\"width\":1920,\"height\":1280,\"caption\":\"Localization.NEWS\"},\"image\":{\"@id\":\"https:\/\/localization.news\/sk\/#\/schema\/logo\/image\/\"},\"sameAs\":[\"https:\/\/www.facebook.com\/asaptranslation\/\"]}]}<\/script>\n<!-- \/ Yoast SEO Premium plugin. -->","yoast_head_json":{"title":"O projekte Localization.NEWS - Localization.NEWS","robots":{"index":"index","follow":"follow","max-snippet":"max-snippet:-1","max-image-preview":"max-image-preview:large","max-video-preview":"max-video-preview:-1"},"canonical":"https:\/\/localization.news\/sk\/about-project\/","og_locale":"sk_SK","og_type":"article","og_title":"O projekte Localization.NEWS","og_description":"The Localization.NEWS project was initiated by the translation company ASAP-translation.com and aims to raise awareness among the lay and professional public about events and news in the field of translation and localization, as well as to promote the work and achievements of individual partner organizations. The project brings together partner translation companies from around the [&hellip;]","og_url":"https:\/\/localization.news\/sk\/about-project\/","og_site_name":"Localization.NEWS","article_publisher":"https:\/\/www.facebook.com\/asaptranslation\/","article_modified_time":"2021-06-18T09:28:53+00:00","twitter_card":"summary_large_image","twitter_misc":{"Predpokladan\u00fd \u010das \u010d\u00edtania":"1 min\u00fata"},"schema":{"@context":"https:\/\/schema.org","@graph":[{"@type":"WebPage","@id":"https:\/\/localization.news\/sk\/about-project\/","url":"https:\/\/localization.news\/sk\/about-project\/","name":"O projekte Localization.NEWS - Localization.NEWS","isPartOf":{"@id":"https:\/\/localization.news\/sk\/#website"},"datePublished":"2021-06-04T09:09:17+00:00","dateModified":"2021-06-18T09:28:53+00:00","breadcrumb":{"@id":"https:\/\/localization.news\/sk\/about-project\/#breadcrumb"},"inLanguage":"sk-SK","potentialAction":[{"@type":"ReadAction","target":["https:\/\/localization.news\/sk\/about-project\/"]}]},{"@type":"BreadcrumbList","@id":"https:\/\/localization.news\/sk\/about-project\/#breadcrumb","itemListElement":[{"@type":"ListItem","position":1,"name":"Home","item":"https:\/\/localization.news\/sk\/"},{"@type":"ListItem","position":2,"name":"O projekte Localization.NEWS"}]},{"@type":"WebSite","@id":"https:\/\/localization.news\/sk\/#website","url":"https:\/\/localization.news\/sk\/","name":"Localization.NEWS","description":"Translation and Localization news portal","publisher":{"@id":"https:\/\/localization.news\/sk\/#organization"},"potentialAction":[{"@type":"SearchAction","target":{"@type":"EntryPoint","urlTemplate":"https:\/\/localization.news\/sk\/?s={search_term_string}"},"query-input":"required name=search_term_string"}],"inLanguage":"sk-SK"},{"@type":"Organization","@id":"https:\/\/localization.news\/sk\/#organization","name":"Localization.NEWS","url":"https:\/\/localization.news\/sk\/","logo":{"@type":"ImageObject","inLanguage":"sk-SK","@id":"https:\/\/localization.news\/sk\/#\/schema\/logo\/image\/","url":"https:\/\/localization.news\/wp-content\/uploads\/2021\/06\/localization_default.jpg","contentUrl":"https:\/\/localization.news\/wp-content\/uploads\/2021\/06\/localization_default.jpg","width":1920,"height":1280,"caption":"Localization.NEWS"},"image":{"@id":"https:\/\/localization.news\/sk\/#\/schema\/logo\/image\/"},"sameAs":["https:\/\/www.facebook.com\/asaptranslation\/"]}]}},"publishpress_future_action":{"enabled":false,"date":"1970-01-01 00:00:00","action":"","terms":[],"taxonomy":"","browser_timezone_offset":0},"_links":{"self":[{"href":"https:\/\/localization.news\/sk\/wp-json\/wp\/v2\/pages\/2318"}],"collection":[{"href":"https:\/\/localization.news\/sk\/wp-json\/wp\/v2\/pages"}],"about":[{"href":"https:\/\/localization.news\/sk\/wp-json\/wp\/v2\/types\/page"}],"author":[{"embeddable":true,"href":"https:\/\/localization.news\/sk\/wp-json\/wp\/v2\/users\/3"}],"replies":[{"embeddable":true,"href":"https:\/\/localization.news\/sk\/wp-json\/wp\/v2\/comments?post=2318"}],"version-history":[{"count":3,"href":"https:\/\/localization.news\/sk\/wp-json\/wp\/v2\/pages\/2318\/revisions"}],"predecessor-version":[{"id":2321,"href":"https:\/\/localization.news\/sk\/wp-json\/wp\/v2\/pages\/2318\/revisions\/2321"}],"wp:attachment":[{"href":"https:\/\/localization.news\/sk\/wp-json\/wp\/v2\/media?parent=2318"}],"curies":[{"name":"wp","href":"https:\/\/api.w.org\/{rel}","templated":true}]}}